{"id":12111,"date":"2025-06-03T15:10:57","date_gmt":"2025-06-03T12:10:57","guid":{"rendered":"https:\/\/ahrangroup.com\/?page_id=12111"},"modified":"2025-06-03T15:15:30","modified_gmt":"2025-06-03T12:15:30","slug":"urun-bunkeri","status":"publish","type":"page","link":"https:\/\/ahrangroup.com\/en\/urun-bunkeri\/","title":{"rendered":"\u00dcr\u00fcn Bunkeri"},"content":{"rendered":"<div data-elementor-type=\"wp-page\" data-elementor-id=\"12111\" class=\"elementor elementor-12111\">\n\t\t\t\t\t\t\t<div class=\"elementor-element elementor-element-ec4d6cf e-flex e-con-boxed e-con e-parent\" data-id=\"ec4d6cf\" data-element_type=\"container\">\r\n\t\t\t\t\t\t\t<div class=\"e-con-inner\">\r\n\t\t\t\t\t\t<div class=\"elementor-element elementor-element-ee7d562 elementor-arrows-position-inside elementor-pagination-position-outside elementor-widget elementor-widget-image-carousel\" data-id=\"ee7d562\" data-element_type=\"widget\" data-settings=\"{&quot;navigation&quot;:&quot;both&quot;,&quot;autoplay&quot;:&quot;yes&quot;,&quot;pause_on_hover&quot;:&quot;yes&quot;,&quot;pause_on_interaction&quot;:&quot;yes&quot;,&quot;autoplay_speed&quot;:5000,&quot;infinite&quot;:&quot;yes&quot;,&quot;speed&quot;:500}\" data-widget_type=\"image-carousel.default\">\n\t\t\t\t\t\t\t<div class=\"elementor-image-carousel-wrapper swiper\" role=\"region\" aria-roledescription=\"carousel\" aria-label=\"Resim D\u00f6ng\u00fcs\u00fc\" dir=\"ltr\">\n\t\t\t<div class=\"elementor-image-carousel swiper-wrapper swiper-image-stretch\" aria-live=\"off\">\n\t\t\t\t\t\t\t\t<div class=\"swiper-slide\" role=\"group\" aria-roledescription=\"slide\" aria-label=\"1 \/ 5\"><figure class=\"swiper-slide-inner\"><img decoding=\"async\" class=\"swiper-slide-image\" src=\"https:\/\/ahrangroup.com\/wp-content\/uploads\/2025\/06\/001-1-12-563x563.webp\" alt=\"001 (1)\" \/><\/figure><\/div><div class=\"swiper-slide\" role=\"group\" aria-roledescription=\"slide\" aria-label=\"2 \/ 5\"><figure class=\"swiper-slide-inner\"><img decoding=\"async\" class=\"swiper-slide-image\" src=\"https:\/\/ahrangroup.com\/wp-content\/uploads\/2025\/06\/001-2-12-563x563.webp\" alt=\"001 (2)\" \/><\/figure><\/div><div class=\"swiper-slide\" role=\"group\" aria-roledescription=\"slide\" aria-label=\"3 \/ 5\"><figure class=\"swiper-slide-inner\"><img decoding=\"async\" class=\"swiper-slide-image\" src=\"https:\/\/ahrangroup.com\/wp-content\/uploads\/2025\/06\/001-3-12-563x563.webp\" alt=\"001 (3)\" \/><\/figure><\/div><div class=\"swiper-slide\" role=\"group\" aria-roledescription=\"slide\" aria-label=\"4 \/ 5\"><figure class=\"swiper-slide-inner\"><img decoding=\"async\" class=\"swiper-slide-image\" src=\"https:\/\/ahrangroup.com\/wp-content\/uploads\/2025\/06\/001-4-11-563x563.webp\" alt=\"001 (4)\" \/><\/figure><\/div><div class=\"swiper-slide\" role=\"group\" aria-roledescription=\"slide\" aria-label=\"5 \/ 5\"><figure class=\"swiper-slide-inner\"><img decoding=\"async\" class=\"swiper-slide-image\" src=\"https:\/\/ahrangroup.com\/wp-content\/uploads\/2025\/06\/001-5-10-563x563.webp\" alt=\"001 (5)\" \/><\/figure><\/div>\t\t\t<\/div>\n\t\t\t\t\t\t\t\t\t\t\t\t<div class=\"elementor-swiper-button elementor-swiper-button-prev\" role=\"button\" tabindex=\"0\">\n\t\t\t\t\t\t<svg aria-hidden=\"true\" class=\"e-font-icon-svg e-eicon-chevron-left\" viewbox=\"0 0 1000 1000\" xmlns=\"http:\/\/www.w3.org\/2000\/svg\"><path d=\"M646 125C629 125 613 133 604 142L308 442C296 454 292 471 292 487 292 504 296 521 308 533L604 854C617 867 629 875 646 875 663 875 679 871 692 858 704 846 713 829 713 812 713 796 708 779 692 767L438 487 692 225C700 217 708 204 708 187 708 171 704 154 692 142 675 129 663 125 646 125Z\"><\/path><\/svg>\t\t\t\t\t<\/div>\n\t\t\t\t\t<div class=\"elementor-swiper-button elementor-swiper-button-next\" role=\"button\" tabindex=\"0\">\n\t\t\t\t\t\t<svg aria-hidden=\"true\" class=\"e-font-icon-svg e-eicon-chevron-right\" viewbox=\"0 0 1000 1000\" xmlns=\"http:\/\/www.w3.org\/2000\/svg\"><path d=\"M696 533C708 521 713 504 713 487 713 471 708 454 696 446L400 146C388 133 375 125 354 125 338 125 325 129 313 142 300 154 292 171 292 187 292 204 296 221 308 233L563 492 304 771C292 783 288 800 288 817 288 833 296 850 308 863 321 871 338 875 354 875 371 875 388 867 400 854L696 533Z\"><\/path><\/svg>\t\t\t\t\t<\/div>\n\t\t\t\t\n\t\t\t\t\t\t\t\t\t<div class=\"swiper-pagination\"><\/div>\n\t\t\t\t\t\t\t\t\t<\/div>\n\t\t\t\t\t\t<\/div>\n\t\t\t\t<div class=\"elementor-element elementor-element-d933c01 elementor-widget elementor-widget-heading\" data-id=\"d933c01\" data-element_type=\"widget\" data-widget_type=\"heading.default\">\n\t\t\t\t\t<h2 class=\"elementor-heading-title elementor-size-default\">Product Bunkers<\/h2>\t\t\t\t<\/div>\n\t\t\t\t<div class=\"elementor-element elementor-element-cf4db29 elementor-widget elementor-widget-spacer\" data-id=\"cf4db29\" data-element_type=\"widget\" data-widget_type=\"spacer.default\">\n\t\t\t\t\t\t\t<div class=\"elementor-spacer\">\n\t\t\t<div class=\"elementor-spacer-inner\"><\/div>\n\t\t<\/div>\n\t\t\t\t\t\t<\/div>\n\t\t\t\t<div class=\"elementor-element elementor-element-0017e06 elementor-widget elementor-widget-text-editor\" data-id=\"0017e06\" data-element_type=\"widget\" data-widget_type=\"text-editor.default\">\n\t\t\t\t\t\t\t\t\t<p>Malzemeleri bunker i\u00e7erisinde depo etmeden \u00f6nce yap\u0131s\u0131 gere\u011fi ekonomik \u00e7\u00f6z\u00fcmler sa\u011flan\u0131r. Boyuna g\u00f6re bo\u015faltma \u00e7\u00f6z\u00fcmleriyle beraber kesitin daralmas\u0131 sayesinde ve s\u00fcrt\u00fcnme oran\u0131 artmas\u0131yla beraber t\u00fcm mallar\u0131n ak\u0131\u015f\u0131 huni \u015feklini alan bu bunker i\u00e7erisinde kayarak temele gider. E\u011fimli d\u00fczlemleri sayesinde de bir kubbe \u015fekli olu\u015fturarak en iyi \u015fekilde depolama i\u015flemi sa\u011flanm\u0131\u015f olur.<br \/>\u00c7e\u015fitli depolama t\u00fcrleri aras\u0131nda bilinen ve bulunan bunker t\u00fcrleri, a\u011fz\u0131 kesik olan koni ya da piramit \u015fekline sahip bo\u015falt\u0131lma a\u011f\u0131zlar\u0131na denir. G\u00fcn\u00fcm\u00fczde pek \u00e7ok \u015fekil formlar\u0131 olan bunker \u00e7e\u015fitlerinin birbirinden farkl\u0131 depolama holleri bulunur. K\u00f6m\u00fcr, kil ve kalker depolama holleri bulundu\u011fu gibi kullan\u0131lacak alanlara \u00f6zel \u015fekilde de \u00fcretimi bulunmakta olup, y\u00fckseklikleri ve geni\u015flikleri birbirine yak\u0131n \u015fekilde \u00fcretimleri yap\u0131lmaktad\u0131r.<\/p><p>\u00c7ok eski zamanlarda k\u00f6m\u00fcrler depo edilmek i\u00e7in bunker t\u00fcrleri kullan\u0131l\u0131rd\u0131. Bug\u00fcn bunker makinas\u0131 nedir diye soruldu\u011funda ise do\u011frudan kat\u0131, s\u0131v\u0131, gaz ya da n\u00fckleer olmak \u00fczere \u00e7e\u015fitli yak\u0131tlar\u0131n kullan\u0131lan depo edildi\u011fi yer olarak bilinmektedir. G\u00fcn\u00fcm\u00fczde birbirinden farkl\u0131 kat\u0131 malzemelerin do\u011frudan depo edildi\u011fi, eleme tesisi gibi alanlarda da yayg\u0131n \u015fekilde kullan\u0131lan bu bunkerler, basit haliyle anlatmak gerekirse ekonomik \u00e7\u00f6z\u00fcm olarak depolama ara\u00e7lar\u0131ndan biridir.<\/p><p>Plastik malzemeler dahil olmak \u00fczere \u00e7e\u015fitli tesislerde depolama amac\u0131yla kullan\u0131ld\u0131\u011f\u0131 gibi g\u00fcn\u00fcm\u00fczde k\u0131rma eleme tesislerini uygun \u015fekilde kullanmak amac\u0131yla malzeme transferlerini en iyi bi\u00e7imde yapabilmek ad\u0131na bu bunkerler ile ta\u015f\u0131ma yap\u0131l\u0131r. Hem transfer i\u00e7in hem de k\u00f6pr\u00fc g\u00f6revi g\u00f6rerek aktar\u0131m i\u00e7in en iyi \u00fcr\u00fcn olan bu tip bunker \u00e7e\u015fitleriyle beraber sizler enine ve boyuna g\u00f6re bo\u015falt\u0131m sistemlerinden faydalanarak depolama arac\u0131 olarak tercih edebilirsiniz.<\/p>\t\t\t\t\t\t\t\t<\/div>\n\t\t\t\t\t\t<\/div>\r\n\t\t\t\t\r\n\t\t\t<\/div>\r\n\t\t\t\t\t\t<div class=\"elementor-element elementor-element-a13385a e-flex e-con-boxed e-con e-parent\" data-id=\"a13385a\" data-element_type=\"container\">\r\n\t\t\t\t\t\t\t<div class=\"e-con-inner\">\r\n\t\t\t\t\t\t<div class=\"elementor-element elementor-element-b674a10 elementor-widget elementor-widget-image-gallery\" data-id=\"b674a10\" data-element_type=\"widget\" data-widget_type=\"image-gallery.default\">\n\t\t\t\t\t\t\t<div class=\"elementor-image-gallery\">\n\t\t\t<div id='gallery-1' class='gallery galleryid-12111 gallery-columns-4 gallery-size-full'><figure class='gallery-item'>\n\t\t\t<div class='gallery-icon landscape'>\n\t\t\t\t<a data-elementor-open-lightbox=\"yes\" data-elementor-lightbox-slideshow=\"b674a10\" data-elementor-lightbox-title=\"001 (7)\" data-e-action-hash=\"#elementor-action%3Aaction%3Dlightbox%26settings%3DeyJpZCI6MTIxMTgsInVybCI6Imh0dHBzOlwvXC9haHJhbmdyb3VwLmNvbVwvd3AtY29udGVudFwvdXBsb2Fkc1wvMjAyNVwvMDZcLzAwMS03LTcud2VicCIsInNsaWRlc2hvdyI6ImI2NzRhMTAifQ%3D%3D\" href='https:\/\/ahrangroup.com\/wp-content\/uploads\/2025\/06\/001-7-7.webp'><img fetchpriority=\"high\" decoding=\"async\" width=\"755\" height=\"569\" src=\"https:\/\/ahrangroup.com\/wp-content\/uploads\/2025\/06\/001-7-7.webp\" class=\"attachment-full size-full\" alt=\"\" \/><\/a>\n\t\t\t<\/div><\/figure><figure class='gallery-item'>\n\t\t\t<div class='gallery-icon portrait'>\n\t\t\t\t<a data-elementor-open-lightbox=\"yes\" data-elementor-lightbox-slideshow=\"b674a10\" data-elementor-lightbox-title=\"001 (8)\" data-e-action-hash=\"#elementor-action%3Aaction%3Dlightbox%26settings%3DeyJpZCI6MTIxMTksInVybCI6Imh0dHBzOlwvXC9haHJhbmdyb3VwLmNvbVwvd3AtY29udGVudFwvdXBsb2Fkc1wvMjAyNVwvMDZcLzAwMS04LTcud2VicCIsInNsaWRlc2hvdyI6ImI2NzRhMTAifQ%3D%3D\" href='https:\/\/ahrangroup.com\/wp-content\/uploads\/2025\/06\/001-8-7.webp'><img decoding=\"async\" width=\"662\" height=\"911\" src=\"https:\/\/ahrangroup.com\/wp-content\/uploads\/2025\/06\/001-8-7.webp\" class=\"attachment-full size-full\" alt=\"\" \/><\/a>\n\t\t\t<\/div><\/figure><figure class='gallery-item'>\n\t\t\t<div class='gallery-icon landscape'>\n\t\t\t\t<a data-elementor-open-lightbox=\"yes\" data-elementor-lightbox-slideshow=\"b674a10\" data-elementor-lightbox-title=\"001 (9)\" data-e-action-hash=\"#elementor-action%3Aaction%3Dlightbox%26settings%3DeyJpZCI6MTIxMjAsInVybCI6Imh0dHBzOlwvXC9haHJhbmdyb3VwLmNvbVwvd3AtY29udGVudFwvdXBsb2Fkc1wvMjAyNVwvMDZcLzAwMS05LTYud2VicCIsInNsaWRlc2hvdyI6ImI2NzRhMTAifQ%3D%3D\" href='https:\/\/ahrangroup.com\/wp-content\/uploads\/2025\/06\/001-9-6.webp'><img decoding=\"async\" width=\"901\" height=\"900\" src=\"https:\/\/ahrangroup.com\/wp-content\/uploads\/2025\/06\/001-9-6.webp\" class=\"attachment-full size-full\" alt=\"\" srcset=\"https:\/\/ahrangroup.com\/wp-content\/uploads\/2025\/06\/001-9-6.webp 901w, https:\/\/ahrangroup.com\/wp-content\/uploads\/2025\/06\/001-9-6-768x767.webp 768w, https:\/\/ahrangroup.com\/wp-content\/uploads\/2025\/06\/001-9-6-563x563.webp 563w\" sizes=\"(max-width: 901px) 100vw, 901px\" \/><\/a>\n\t\t\t<\/div><\/figure><figure class='gallery-item'>\n\t\t\t<div class='gallery-icon landscape'>\n\t\t\t\t<a data-elementor-open-lightbox=\"yes\" data-elementor-lightbox-slideshow=\"b674a10\" data-elementor-lightbox-title=\"001 (10)\" data-e-action-hash=\"#elementor-action%3Aaction%3Dlightbox%26settings%3DeyJpZCI6MTIxMjEsInVybCI6Imh0dHBzOlwvXC9haHJhbmdyb3VwLmNvbVwvd3AtY29udGVudFwvdXBsb2Fkc1wvMjAyNVwvMDZcLzAwMS0xMC01LndlYnAiLCJzbGlkZXNob3ciOiJiNjc0YTEwIn0%3D\" href='https:\/\/ahrangroup.com\/wp-content\/uploads\/2025\/06\/001-10-5.webp'><img loading=\"lazy\" decoding=\"async\" width=\"925\" height=\"804\" src=\"https:\/\/ahrangroup.com\/wp-content\/uploads\/2025\/06\/001-10-5.webp\" class=\"attachment-full size-full\" alt=\"\" srcset=\"https:\/\/ahrangroup.com\/wp-content\/uploads\/2025\/06\/001-10-5.webp 925w, https:\/\/ahrangroup.com\/wp-content\/uploads\/2025\/06\/001-10-5-768x668.webp 768w\" sizes=\"(max-width: 925px) 100vw, 925px\" \/><\/a>\n\t\t\t<\/div><\/figure><figure class='gallery-item'>\n\t\t\t<div class='gallery-icon portrait'>\n\t\t\t\t<a data-elementor-open-lightbox=\"yes\" data-elementor-lightbox-slideshow=\"b674a10\" data-elementor-lightbox-title=\"001 (11)\" data-e-action-hash=\"#elementor-action%3Aaction%3Dlightbox%26settings%3DeyJpZCI6MTIxMjIsInVybCI6Imh0dHBzOlwvXC9haHJhbmdyb3VwLmNvbVwvd3AtY29udGVudFwvdXBsb2Fkc1wvMjAyNVwvMDZcLzAwMS0xMS00LXNjYWxlZC53ZWJwIiwic2xpZGVzaG93IjoiYjY3NGExMCJ9\" href='https:\/\/ahrangroup.com\/wp-content\/uploads\/2025\/06\/001-11-4-scaled.webp'><img loading=\"lazy\" decoding=\"async\" width=\"1920\" height=\"2560\" src=\"https:\/\/ahrangroup.com\/wp-content\/uploads\/2025\/06\/001-11-4-scaled.webp\" class=\"attachment-full size-full\" alt=\"\" srcset=\"https:\/\/ahrangroup.com\/wp-content\/uploads\/2025\/06\/001-11-4-scaled.webp 1920w, https:\/\/ahrangroup.com\/wp-content\/uploads\/2025\/06\/001-11-4-768x1024.webp 768w, https:\/\/ahrangroup.com\/wp-content\/uploads\/2025\/06\/001-11-4-1152x1536.webp 1152w, https:\/\/ahrangroup.com\/wp-content\/uploads\/2025\/06\/001-11-4-1536x2048.webp 1536w\" sizes=\"(max-width: 1920px) 100vw, 1920px\" \/><\/a>\n\t\t\t<\/div><\/figure><figure class='gallery-item'>\n\t\t\t<div class='gallery-icon landscape'>\n\t\t\t\t<a data-elementor-open-lightbox=\"yes\" data-elementor-lightbox-slideshow=\"b674a10\" data-elementor-lightbox-title=\"001 (12)\" data-e-action-hash=\"#elementor-action%3Aaction%3Dlightbox%26settings%3DeyJpZCI6MTIxMjMsInVybCI6Imh0dHBzOlwvXC9haHJhbmdyb3VwLmNvbVwvd3AtY29udGVudFwvdXBsb2Fkc1wvMjAyNVwvMDZcLzAwMS0xMi0zLXNjYWxlZC53ZWJwIiwic2xpZGVzaG93IjoiYjY3NGExMCJ9\" href='https:\/\/ahrangroup.com\/wp-content\/uploads\/2025\/06\/001-12-3-scaled.webp'><img loading=\"lazy\" decoding=\"async\" width=\"2560\" height=\"1920\" src=\"https:\/\/ahrangroup.com\/wp-content\/uploads\/2025\/06\/001-12-3-scaled.webp\" class=\"attachment-full size-full\" alt=\"\" srcset=\"https:\/\/ahrangroup.com\/wp-content\/uploads\/2025\/06\/001-12-3-scaled.webp 2560w, https:\/\/ahrangroup.com\/wp-content\/uploads\/2025\/06\/001-12-3-1024x768.webp 1024w, https:\/\/ahrangroup.com\/wp-content\/uploads\/2025\/06\/001-12-3-768x576.webp 768w, https:\/\/ahrangroup.com\/wp-content\/uploads\/2025\/06\/001-12-3-1536x1152.webp 1536w, https:\/\/ahrangroup.com\/wp-content\/uploads\/2025\/06\/001-12-3-2048x1536.webp 2048w\" sizes=\"(max-width: 2560px) 100vw, 2560px\" \/><\/a>\n\t\t\t<\/div><\/figure><figure class='gallery-item'>\n\t\t\t<div class='gallery-icon portrait'>\n\t\t\t\t<a data-elementor-open-lightbox=\"yes\" data-elementor-lightbox-slideshow=\"b674a10\" data-elementor-lightbox-title=\"001 (13)\" data-e-action-hash=\"#elementor-action%3Aaction%3Dlightbox%26settings%3DeyJpZCI6MTIxMjQsInVybCI6Imh0dHBzOlwvXC9haHJhbmdyb3VwLmNvbVwvd3AtY29udGVudFwvdXBsb2Fkc1wvMjAyNVwvMDZcLzAwMS0xMy0zLXNjYWxlZC53ZWJwIiwic2xpZGVzaG93IjoiYjY3NGExMCJ9\" href='https:\/\/ahrangroup.com\/wp-content\/uploads\/2025\/06\/001-13-3-scaled.webp'><img loading=\"lazy\" decoding=\"async\" width=\"1920\" height=\"2560\" src=\"https:\/\/ahrangroup.com\/wp-content\/uploads\/2025\/06\/001-13-3-scaled.webp\" class=\"attachment-full size-full\" alt=\"\" srcset=\"https:\/\/ahrangroup.com\/wp-content\/uploads\/2025\/06\/001-13-3-scaled.webp 1920w, https:\/\/ahrangroup.com\/wp-content\/uploads\/2025\/06\/001-13-3-768x1024.webp 768w, https:\/\/ahrangroup.com\/wp-content\/uploads\/2025\/06\/001-13-3-1152x1536.webp 1152w, https:\/\/ahrangroup.com\/wp-content\/uploads\/2025\/06\/001-13-3-1536x2048.webp 1536w\" sizes=\"(max-width: 1920px) 100vw, 1920px\" \/><\/a>\n\t\t\t<\/div><\/figure><figure class='gallery-item'>\n\t\t\t<div class='gallery-icon landscape'>\n\t\t\t\t<a data-elementor-open-lightbox=\"yes\" data-elementor-lightbox-slideshow=\"b674a10\" data-elementor-lightbox-title=\"001 (14)\" data-e-action-hash=\"#elementor-action%3Aaction%3Dlightbox%26settings%3DeyJpZCI6MTIxMjUsInVybCI6Imh0dHBzOlwvXC9haHJhbmdyb3VwLmNvbVwvd3AtY29udGVudFwvdXBsb2Fkc1wvMjAyNVwvMDZcLzAwMS0xNC0zLndlYnAiLCJzbGlkZXNob3ciOiJiNjc0YTEwIn0%3D\" href='https:\/\/ahrangroup.com\/wp-content\/uploads\/2025\/06\/001-14-3.webp'><img loading=\"lazy\" decoding=\"async\" width=\"710\" height=\"710\" src=\"https:\/\/ahrangroup.com\/wp-content\/uploads\/2025\/06\/001-14-3.webp\" class=\"attachment-full size-full\" alt=\"\" srcset=\"https:\/\/ahrangroup.com\/wp-content\/uploads\/2025\/06\/001-14-3.webp 710w, https:\/\/ahrangroup.com\/wp-content\/uploads\/2025\/06\/001-14-3-563x563.webp 563w\" sizes=\"(max-width: 710px) 100vw, 710px\" \/><\/a>\n\t\t\t<\/div><\/figure><figure class='gallery-item'>\n\t\t\t<div class='gallery-icon landscape'>\n\t\t\t\t<a data-elementor-open-lightbox=\"yes\" data-elementor-lightbox-slideshow=\"b674a10\" data-elementor-lightbox-title=\"001 (15)\" data-e-action-hash=\"#elementor-action%3Aaction%3Dlightbox%26settings%3DeyJpZCI6MTIxMjcsInVybCI6Imh0dHBzOlwvXC9haHJhbmdyb3VwLmNvbVwvd3AtY29udGVudFwvdXBsb2Fkc1wvMjAyNVwvMDZcLzAwMS0xNS0zLndlYnAiLCJzbGlkZXNob3ciOiJiNjc0YTEwIn0%3D\" href='https:\/\/ahrangroup.com\/wp-content\/uploads\/2025\/06\/001-15-3.webp'><img loading=\"lazy\" decoding=\"async\" width=\"710\" height=\"710\" src=\"https:\/\/ahrangroup.com\/wp-content\/uploads\/2025\/06\/001-15-3.webp\" class=\"attachment-full size-full\" alt=\"\" srcset=\"https:\/\/ahrangroup.com\/wp-content\/uploads\/2025\/06\/001-15-3.webp 710w, https:\/\/ahrangroup.com\/wp-content\/uploads\/2025\/06\/001-15-3-563x563.webp 563w\" sizes=\"(max-width: 710px) 100vw, 710px\" \/><\/a>\n\t\t\t<\/div><\/figure><figure class='gallery-item'>\n\t\t\t<div class='gallery-icon landscape'>\n\t\t\t\t<a data-elementor-open-lightbox=\"yes\" data-elementor-lightbox-slideshow=\"b674a10\" data-elementor-lightbox-title=\"001 (16)\" data-e-action-hash=\"#elementor-action%3Aaction%3Dlightbox%26settings%3DeyJpZCI6MTIxMjgsInVybCI6Imh0dHBzOlwvXC9haHJhbmdyb3VwLmNvbVwvd3AtY29udGVudFwvdXBsb2Fkc1wvMjAyNVwvMDZcLzAwMS0xNi0xLndlYnAiLCJzbGlkZXNob3ciOiJiNjc0YTEwIn0%3D\" href='https:\/\/ahrangroup.com\/wp-content\/uploads\/2025\/06\/001-16-1.webp'><img loading=\"lazy\" decoding=\"async\" width=\"710\" height=\"710\" src=\"https:\/\/ahrangroup.com\/wp-content\/uploads\/2025\/06\/001-16-1.webp\" class=\"attachment-full size-full\" alt=\"\" srcset=\"https:\/\/ahrangroup.com\/wp-content\/uploads\/2025\/06\/001-16-1.webp 710w, https:\/\/ahrangroup.com\/wp-content\/uploads\/2025\/06\/001-16-1-563x563.webp 563w\" sizes=\"(max-width: 710px) 100vw, 710px\" \/><\/a>\n\t\t\t<\/div><\/figure><figure class='gallery-item'>\n\t\t\t<div class='gallery-icon landscape'>\n\t\t\t\t<a data-elementor-open-lightbox=\"yes\" data-elementor-lightbox-slideshow=\"b674a10\" data-elementor-lightbox-title=\"001 (17)\" data-e-action-hash=\"#elementor-action%3Aaction%3Dlightbox%26settings%3DeyJpZCI6MTIxMjksInVybCI6Imh0dHBzOlwvXC9haHJhbmdyb3VwLmNvbVwvd3AtY29udGVudFwvdXBsb2Fkc1wvMjAyNVwvMDZcLzAwMS0xNy0xLndlYnAiLCJzbGlkZXNob3ciOiJiNjc0YTEwIn0%3D\" href='https:\/\/ahrangroup.com\/wp-content\/uploads\/2025\/06\/001-17-1.webp'><img loading=\"lazy\" decoding=\"async\" width=\"710\" height=\"710\" src=\"https:\/\/ahrangroup.com\/wp-content\/uploads\/2025\/06\/001-17-1.webp\" class=\"attachment-full size-full\" alt=\"\" srcset=\"https:\/\/ahrangroup.com\/wp-content\/uploads\/2025\/06\/001-17-1.webp 710w, https:\/\/ahrangroup.com\/wp-content\/uploads\/2025\/06\/001-17-1-563x563.webp 563w\" sizes=\"(max-width: 710px) 100vw, 710px\" \/><\/a>\n\t\t\t<\/div><\/figure><figure class='gallery-item'>\n\t\t\t<div class='gallery-icon landscape'>\n\t\t\t\t<a data-elementor-open-lightbox=\"yes\" data-elementor-lightbox-slideshow=\"b674a10\" data-elementor-lightbox-title=\"001 (1)\" data-e-action-hash=\"#elementor-action%3Aaction%3Dlightbox%26settings%3DeyJpZCI6MTIxMTMsInVybCI6Imh0dHBzOlwvXC9haHJhbmdyb3VwLmNvbVwvd3AtY29udGVudFwvdXBsb2Fkc1wvMjAyNVwvMDZcLzAwMS0xLTEyLndlYnAiLCJzbGlkZXNob3ciOiJiNjc0YTEwIn0%3D\" href='https:\/\/ahrangroup.com\/wp-content\/uploads\/2025\/06\/001-1-12.webp'><img loading=\"lazy\" decoding=\"async\" width=\"1600\" height=\"710\" src=\"https:\/\/ahrangroup.com\/wp-content\/uploads\/2025\/06\/001-1-12.webp\" class=\"attachment-full size-full\" alt=\"\" srcset=\"https:\/\/ahrangroup.com\/wp-content\/uploads\/2025\/06\/001-1-12.webp 1600w, https:\/\/ahrangroup.com\/wp-content\/uploads\/2025\/06\/001-1-12-1024x454.webp 1024w, https:\/\/ahrangroup.com\/wp-content\/uploads\/2025\/06\/001-1-12-768x341.webp 768w, https:\/\/ahrangroup.com\/wp-content\/uploads\/2025\/06\/001-1-12-1536x682.webp 1536w\" sizes=\"(max-width: 1600px) 100vw, 1600px\" \/><\/a>\n\t\t\t<\/div><\/figure><figure class='gallery-item'>\n\t\t\t<div class='gallery-icon landscape'>\n\t\t\t\t<a data-elementor-open-lightbox=\"yes\" data-elementor-lightbox-slideshow=\"b674a10\" data-elementor-lightbox-title=\"001 (2)\" data-e-action-hash=\"#elementor-action%3Aaction%3Dlightbox%26settings%3DeyJpZCI6MTIxMTQsInVybCI6Imh0dHBzOlwvXC9haHJhbmdyb3VwLmNvbVwvd3AtY29udGVudFwvdXBsb2Fkc1wvMjAyNVwvMDZcLzAwMS0yLTEyLndlYnAiLCJzbGlkZXNob3ciOiJiNjc0YTEwIn0%3D\" href='https:\/\/ahrangroup.com\/wp-content\/uploads\/2025\/06\/001-2-12.webp'><img loading=\"lazy\" decoding=\"async\" width=\"1600\" height=\"710\" src=\"https:\/\/ahrangroup.com\/wp-content\/uploads\/2025\/06\/001-2-12.webp\" class=\"attachment-full size-full\" alt=\"\" srcset=\"https:\/\/ahrangroup.com\/wp-content\/uploads\/2025\/06\/001-2-12.webp 1600w, https:\/\/ahrangroup.com\/wp-content\/uploads\/2025\/06\/001-2-12-1024x454.webp 1024w, https:\/\/ahrangroup.com\/wp-content\/uploads\/2025\/06\/001-2-12-768x341.webp 768w, https:\/\/ahrangroup.com\/wp-content\/uploads\/2025\/06\/001-2-12-1536x682.webp 1536w\" sizes=\"(max-width: 1600px) 100vw, 1600px\" \/><\/a>\n\t\t\t<\/div><\/figure><figure class='gallery-item'>\n\t\t\t<div class='gallery-icon landscape'>\n\t\t\t\t<a data-elementor-open-lightbox=\"yes\" data-elementor-lightbox-slideshow=\"b674a10\" data-elementor-lightbox-title=\"001 (3)\" data-e-action-hash=\"#elementor-action%3Aaction%3Dlightbox%26settings%3DeyJpZCI6MTIxMTUsInVybCI6Imh0dHBzOlwvXC9haHJhbmdyb3VwLmNvbVwvd3AtY29udGVudFwvdXBsb2Fkc1wvMjAyNVwvMDZcLzAwMS0zLTEyLndlYnAiLCJzbGlkZXNob3ciOiJiNjc0YTEwIn0%3D\" href='https:\/\/ahrangroup.com\/wp-content\/uploads\/2025\/06\/001-3-12.webp'><img loading=\"lazy\" decoding=\"async\" width=\"1600\" height=\"710\" src=\"https:\/\/ahrangroup.com\/wp-content\/uploads\/2025\/06\/001-3-12.webp\" class=\"attachment-full size-full\" alt=\"\" srcset=\"https:\/\/ahrangroup.com\/wp-content\/uploads\/2025\/06\/001-3-12.webp 1600w, https:\/\/ahrangroup.com\/wp-content\/uploads\/2025\/06\/001-3-12-1024x454.webp 1024w, https:\/\/ahrangroup.com\/wp-content\/uploads\/2025\/06\/001-3-12-768x341.webp 768w, https:\/\/ahrangroup.com\/wp-content\/uploads\/2025\/06\/001-3-12-1536x682.webp 1536w\" sizes=\"(max-width: 1600px) 100vw, 1600px\" \/><\/a>\n\t\t\t<\/div><\/figure><figure class='gallery-item'>\n\t\t\t<div class='gallery-icon landscape'>\n\t\t\t\t<a data-elementor-open-lightbox=\"yes\" data-elementor-lightbox-slideshow=\"b674a10\" data-elementor-lightbox-title=\"001 (4)\" data-e-action-hash=\"#elementor-action%3Aaction%3Dlightbox%26settings%3DeyJpZCI6MTIxMTYsInVybCI6Imh0dHBzOlwvXC9haHJhbmdyb3VwLmNvbVwvd3AtY29udGVudFwvdXBsb2Fkc1wvMjAyNVwvMDZcLzAwMS00LTExLndlYnAiLCJzbGlkZXNob3ciOiJiNjc0YTEwIn0%3D\" href='https:\/\/ahrangroup.com\/wp-content\/uploads\/2025\/06\/001-4-11.webp'><img loading=\"lazy\" decoding=\"async\" width=\"1600\" height=\"710\" src=\"https:\/\/ahrangroup.com\/wp-content\/uploads\/2025\/06\/001-4-11.webp\" class=\"attachment-full size-full\" alt=\"\" srcset=\"https:\/\/ahrangroup.com\/wp-content\/uploads\/2025\/06\/001-4-11.webp 1600w, https:\/\/ahrangroup.com\/wp-content\/uploads\/2025\/06\/001-4-11-1024x454.webp 1024w, https:\/\/ahrangroup.com\/wp-content\/uploads\/2025\/06\/001-4-11-768x341.webp 768w, https:\/\/ahrangroup.com\/wp-content\/uploads\/2025\/06\/001-4-11-1536x682.webp 1536w\" sizes=\"(max-width: 1600px) 100vw, 1600px\" \/><\/a>\n\t\t\t<\/div><\/figure><figure class='gallery-item'>\n\t\t\t<div class='gallery-icon landscape'>\n\t\t\t\t<a data-elementor-open-lightbox=\"yes\" data-elementor-lightbox-slideshow=\"b674a10\" data-elementor-lightbox-title=\"001 (5)\" data-e-action-hash=\"#elementor-action%3Aaction%3Dlightbox%26settings%3DeyJpZCI6MTIxMTcsInVybCI6Imh0dHBzOlwvXC9haHJhbmdyb3VwLmNvbVwvd3AtY29udGVudFwvdXBsb2Fkc1wvMjAyNVwvMDZcLzAwMS01LTEwLndlYnAiLCJzbGlkZXNob3ciOiJiNjc0YTEwIn0%3D\" href='https:\/\/ahrangroup.com\/wp-content\/uploads\/2025\/06\/001-5-10.webp'><img loading=\"lazy\" decoding=\"async\" width=\"1600\" height=\"710\" src=\"https:\/\/ahrangroup.com\/wp-content\/uploads\/2025\/06\/001-5-10.webp\" class=\"attachment-full size-full\" alt=\"\" srcset=\"https:\/\/ahrangroup.com\/wp-content\/uploads\/2025\/06\/001-5-10.webp 1600w, https:\/\/ahrangroup.com\/wp-content\/uploads\/2025\/06\/001-5-10-1024x454.webp 1024w, https:\/\/ahrangroup.com\/wp-content\/uploads\/2025\/06\/001-5-10-768x341.webp 768w, https:\/\/ahrangroup.com\/wp-content\/uploads\/2025\/06\/001-5-10-1536x682.webp 1536w\" sizes=\"(max-width: 1600px) 100vw, 1600px\" \/><\/a>\n\t\t\t<\/div><\/figure>\n\t\t<\/div>\n\t\t<\/div>\n\t\t\t\t\t\t<\/div>\n\t\t\t\t\t\t<\/div>\r\n\t\t\t\t\r\n\t\t\t<\/div>\r\n\t\t\t\t\t\t<div class=\"elementor-element elementor-element-975254a e-flex e-con-boxed e-con e-parent\" data-id=\"975254a\" data-element_type=\"container\">\r\n\t\t\t\t\t\t\t<div class=\"e-con-inner\">\r\n\t\t\t\t\t\t\t\t<\/div>\r\n\t\t\t\t\r\n\t\t\t<\/div>\r\n\t\t\t\t\t<\/div>","protected":false},"excerpt":{"rendered":"<p>\u00dcr\u00fcn Bunkerleri Malzemeleri bunker i\u00e7erisinde depo etmeden \u00f6nce yap\u0131s\u0131 gere\u011fi ekonomik \u00e7\u00f6z\u00fcmler sa\u011flan\u0131r. Boyuna g\u00f6re bo\u015faltma \u00e7\u00f6z\u00fcmleriyle beraber kesitin daralmas\u0131 sayesinde ve s\u00fcrt\u00fcnme oran\u0131 artmas\u0131yla beraber t\u00fcm mallar\u0131n ak\u0131\u015f\u0131 huni \u015feklini alan bu bunker i\u00e7erisinde kayarak temele gider. E\u011fimli d\u00fczlemleri sayesinde de bir kubbe \u015fekli olu\u015fturarak en iyi \u015fekilde depolama i\u015flemi sa\u011flanm\u0131\u015f olur.\u00c7e\u015fitli depolama t\u00fcrleri [&hellip;]<\/p>","protected":false},"author":1,"featured_media":0,"parent":0,"menu_order":0,"comment_status":"closed","ping_status":"closed","template":"","meta":{"_acf_changed":false,"footnotes":""},"class_list":["post-12111","page","type-page","status-publish","hentry"],"acf":[],"_links":{"self":[{"href":"https:\/\/ahrangroup.com\/en\/wp-json\/wp\/v2\/pages\/12111","targetHints":{"allow":["GET"]}}],"collection":[{"href":"https:\/\/ahrangroup.com\/en\/wp-json\/wp\/v2\/pages"}],"about":[{"href":"https:\/\/ahrangroup.com\/en\/wp-json\/wp\/v2\/types\/page"}],"author":[{"embeddable":true,"href":"https:\/\/ahrangroup.com\/en\/wp-json\/wp\/v2\/users\/1"}],"replies":[{"embeddable":true,"href":"https:\/\/ahrangroup.com\/en\/wp-json\/wp\/v2\/comments?post=12111"}],"version-history":[{"count":0,"href":"https:\/\/ahrangroup.com\/en\/wp-json\/wp\/v2\/pages\/12111\/revisions"}],"wp:attachment":[{"href":"https:\/\/ahrangroup.com\/en\/wp-json\/wp\/v2\/media?parent=12111"}],"curies":[{"name":"wp","href":"https:\/\/api.w.org\/{rel}","templated":true}]}}