{"id":12076,"date":"2025-06-03T14:59:14","date_gmt":"2025-06-03T11:59:14","guid":{"rendered":"https:\/\/ahrangroup.com\/?page_id=12076"},"modified":"2025-06-03T15:01:12","modified_gmt":"2025-06-03T12:01:12","slug":"teleskopik-konveyor-yukleme-unitesi","status":"publish","type":"page","link":"https:\/\/ahrangroup.com\/en\/teleskopik-konveyor-yukleme-unitesi\/","title":{"rendered":"Telescopic Conveyor Loading Unit"},"content":{"rendered":"<div data-elementor-type=\"wp-page\" data-elementor-id=\"12076\" class=\"elementor elementor-12076\">\n\t\t\t\t\t\t\t<div class=\"elementor-element elementor-element-ec4d6cf e-flex e-con-boxed e-con e-parent\" data-id=\"ec4d6cf\" data-element_type=\"container\">\r\n\t\t\t\t\t\t\t<div class=\"e-con-inner\">\r\n\t\t\t\t\t\t<div class=\"elementor-element elementor-element-ee7d562 elementor-arrows-position-inside elementor-pagination-position-outside elementor-widget elementor-widget-image-carousel\" data-id=\"ee7d562\" data-element_type=\"widget\" data-settings=\"{&quot;navigation&quot;:&quot;both&quot;,&quot;autoplay&quot;:&quot;yes&quot;,&quot;pause_on_hover&quot;:&quot;yes&quot;,&quot;pause_on_interaction&quot;:&quot;yes&quot;,&quot;autoplay_speed&quot;:5000,&quot;infinite&quot;:&quot;yes&quot;,&quot;speed&quot;:500}\" data-widget_type=\"image-carousel.default\">\n\t\t\t\t\t\t\t<div class=\"elementor-image-carousel-wrapper swiper\" role=\"region\" aria-roledescription=\"carousel\" aria-label=\"Resim D\u00f6ng\u00fcs\u00fc\" dir=\"ltr\">\n\t\t\t<div class=\"elementor-image-carousel swiper-wrapper swiper-image-stretch\" aria-live=\"off\">\n\t\t\t\t\t\t\t\t<div class=\"swiper-slide\" role=\"group\" aria-roledescription=\"slide\" aria-label=\"1 of 3\"><figure class=\"swiper-slide-inner\"><img decoding=\"async\" class=\"swiper-slide-image\" src=\"https:\/\/ahrangroup.com\/wp-content\/uploads\/2025\/06\/001-1-10-563x563.webp\" alt=\"001 (1)\" \/><\/figure><\/div><div class=\"swiper-slide\" role=\"group\" aria-roledescription=\"slide\" aria-label=\"2 of 3\"><figure class=\"swiper-slide-inner\"><img decoding=\"async\" class=\"swiper-slide-image\" src=\"https:\/\/ahrangroup.com\/wp-content\/uploads\/2025\/06\/001-2-10-563x563.webp\" alt=\"001 (2)\" \/><\/figure><\/div><div class=\"swiper-slide\" role=\"group\" aria-roledescription=\"slide\" aria-label=\"3 of 3\"><figure class=\"swiper-slide-inner\"><img decoding=\"async\" class=\"swiper-slide-image\" src=\"https:\/\/ahrangroup.com\/wp-content\/uploads\/2025\/06\/001-3-10-563x428.webp\" alt=\"001 (3)\" \/><\/figure><\/div>\t\t\t<\/div>\n\t\t\t\t\t\t\t\t\t\t\t\t<div class=\"elementor-swiper-button elementor-swiper-button-prev\" role=\"button\" tabindex=\"0\">\n\t\t\t\t\t\t<svg aria-hidden=\"true\" class=\"e-font-icon-svg e-eicon-chevron-left\" viewbox=\"0 0 1000 1000\" xmlns=\"http:\/\/www.w3.org\/2000\/svg\"><path d=\"M646 125C629 125 613 133 604 142L308 442C296 454 292 471 292 487 292 504 296 521 308 533L604 854C617 867 629 875 646 875 663 875 679 871 692 858 704 846 713 829 713 812 713 796 708 779 692 767L438 487 692 225C700 217 708 204 708 187 708 171 704 154 692 142 675 129 663 125 646 125Z\"><\/path><\/svg>\t\t\t\t\t<\/div>\n\t\t\t\t\t<div class=\"elementor-swiper-button elementor-swiper-button-next\" role=\"button\" tabindex=\"0\">\n\t\t\t\t\t\t<svg aria-hidden=\"true\" class=\"e-font-icon-svg e-eicon-chevron-right\" viewbox=\"0 0 1000 1000\" xmlns=\"http:\/\/www.w3.org\/2000\/svg\"><path d=\"M696 533C708 521 713 504 713 487 713 471 708 454 696 446L400 146C388 133 375 125 354 125 338 125 325 129 313 142 300 154 292 171 292 187 292 204 296 221 308 233L563 492 304 771C292 783 288 800 288 817 288 833 296 850 308 863 321 871 338 875 354 875 371 875 388 867 400 854L696 533Z\"><\/path><\/svg>\t\t\t\t\t<\/div>\n\t\t\t\t\n\t\t\t\t\t\t\t\t\t<div class=\"swiper-pagination\"><\/div>\n\t\t\t\t\t\t\t\t\t<\/div>\n\t\t\t\t\t\t<\/div>\n\t\t\t\t<div class=\"elementor-element elementor-element-d933c01 elementor-widget elementor-widget-heading\" data-id=\"d933c01\" data-element_type=\"widget\" data-widget_type=\"heading.default\">\n\t\t\t\t\t<h2 class=\"elementor-heading-title elementor-size-default\">Telescopic Conveyor Loading Unit<\/h2>\t\t\t\t<\/div>\n\t\t\t\t<div class=\"elementor-element elementor-element-cf4db29 elementor-widget elementor-widget-spacer\" data-id=\"cf4db29\" data-element_type=\"widget\" data-widget_type=\"spacer.default\">\n\t\t\t\t\t\t\t<div class=\"elementor-spacer\">\n\t\t\t<div class=\"elementor-spacer-inner\"><\/div>\n\t\t<\/div>\n\t\t\t\t\t\t<\/div>\n\t\t\t\t<div class=\"elementor-element elementor-element-0017e06 elementor-widget elementor-widget-text-editor\" data-id=\"0017e06\" data-element_type=\"widget\" data-widget_type=\"text-editor.default\">\n\t\t\t\t\t\t\t\t\t<p>Y\u00fckleme ve Bo\u015faltma S\u00fcresini %50 Oran\u0131nda Azalt\u0131n.<br \/>Teleskopik konvey\u00f6rler, ba\u011flanmadan y\u00fcklenen koli, \u00e7uval, lastik vs. \u00fcr\u00fcnlerin sadece yar\u0131 s\u00fcrede y\u00fcklenmesi ve bo\u015falt\u0131lmas\u0131 kolayl\u0131\u011f\u0131 sa\u011flar. T\u0131r, kamyon, kamyonet gibi y\u00fckleme ve bo\u015faltma s\u00fcrelerini yar\u0131 yar\u0131ya indirmek suretiyle i\u015f g\u00fcc\u00fcn\u00fcz\u00fcn bir uzant\u0131s\u0131 haline gelir.<\/p><p>Teleskopik konvey\u00f6rler uzay\u0131p k\u0131salarak y\u00fcklenen arac\u0131n derinliklerine ula\u015f\u0131r, ergonomik i\u015fleyi\u015fiyle, i\u015f\u00e7ilerinizin gere\u011finden fazla \u00e7al\u0131\u015fmamas\u0131 i\u00e7in kolayl\u0131k sa\u011flar.<\/p><p>Teleskopik konvey\u00f6r avantajlar\u0131;<br \/>Bo\u015faltma s\u00fcresini %50 oran\u0131nda azalt\u0131n<br \/>Geli\u015ftirilmi\u015f ergonomik \u00e7al\u0131\u015fma ko\u015fullar\u0131 ile sa\u011fl\u0131kl\u0131 \u00e7al\u0131\u015fma<br \/>Yat\u0131r\u0131m\u0131n 2 y\u0131ldan daha az s\u00fcrede getiri sa\u011flamas\u0131<br \/>\u00c7al\u0131\u015fma ortam\u0131n\u0131n iyile\u015ftirilmesi<\/p>\t\t\t\t\t\t\t\t<\/div>\n\t\t\t\t\t\t<\/div>\r\n\t\t\t\t\r\n\t\t\t<\/div>\r\n\t\t\t\t\t\t<div class=\"elementor-element elementor-element-a13385a e-flex e-con-boxed e-con e-parent\" data-id=\"a13385a\" data-element_type=\"container\">\r\n\t\t\t\t\t\t\t<div class=\"e-con-inner\">\r\n\t\t\t\t\t\t<div class=\"elementor-element elementor-element-b674a10 elementor-widget elementor-widget-image-gallery\" data-id=\"b674a10\" data-element_type=\"widget\" data-widget_type=\"image-gallery.default\">\n\t\t\t\t\t\t\t<div class=\"elementor-image-gallery\">\n\t\t\t\t\t<\/div>\n\t\t\t\t\t\t<\/div>\n\t\t\t\t\t\t<\/div>\r\n\t\t\t\t\r\n\t\t\t<\/div>\r\n\t\t\t\t\t\t<div class=\"elementor-element elementor-element-975254a e-flex e-con-boxed e-con e-parent\" data-id=\"975254a\" data-element_type=\"container\">\r\n\t\t\t\t\t\t\t<div class=\"e-con-inner\">\r\n\t\t\t\t\t\t\t\t<\/div>\r\n\t\t\t\t\r\n\t\t\t<\/div>\r\n\t\t\t\t\t<\/div>","protected":false},"excerpt":{"rendered":"<p>Teleskopik Konvey\u00f6r Y\u00fckleme \u00dcnitesi Y\u00fckleme ve Bo\u015faltma S\u00fcresini %50 Oran\u0131nda Azalt\u0131n.Teleskopik konvey\u00f6rler, ba\u011flanmadan y\u00fcklenen koli, \u00e7uval, lastik vs. \u00fcr\u00fcnlerin sadece yar\u0131 s\u00fcrede y\u00fcklenmesi ve bo\u015falt\u0131lmas\u0131 kolayl\u0131\u011f\u0131 sa\u011flar. T\u0131r, kamyon, kamyonet gibi y\u00fckleme ve bo\u015faltma s\u00fcrelerini yar\u0131 yar\u0131ya indirmek suretiyle i\u015f g\u00fcc\u00fcn\u00fcz\u00fcn bir uzant\u0131s\u0131 haline gelir. Teleskopik konvey\u00f6rler uzay\u0131p k\u0131salarak y\u00fcklenen arac\u0131n derinliklerine ula\u015f\u0131r, ergonomik i\u015fleyi\u015fiyle, [&hellip;]<\/p>","protected":false},"author":1,"featured_media":0,"parent":0,"menu_order":0,"comment_status":"closed","ping_status":"closed","template":"","meta":{"_acf_changed":false,"footnotes":""},"class_list":["post-12076","page","type-page","status-publish","hentry"],"acf":[],"_links":{"self":[{"href":"https:\/\/ahrangroup.com\/en\/wp-json\/wp\/v2\/pages\/12076","targetHints":{"allow":["GET"]}}],"collection":[{"href":"https:\/\/ahrangroup.com\/en\/wp-json\/wp\/v2\/pages"}],"about":[{"href":"https:\/\/ahrangroup.com\/en\/wp-json\/wp\/v2\/types\/page"}],"author":[{"embeddable":true,"href":"https:\/\/ahrangroup.com\/en\/wp-json\/wp\/v2\/users\/1"}],"replies":[{"embeddable":true,"href":"https:\/\/ahrangroup.com\/en\/wp-json\/wp\/v2\/comments?post=12076"}],"version-history":[{"count":0,"href":"https:\/\/ahrangroup.com\/en\/wp-json\/wp\/v2\/pages\/12076\/revisions"}],"wp:attachment":[{"href":"https:\/\/ahrangroup.com\/en\/wp-json\/wp\/v2\/media?parent=12076"}],"curies":[{"name":"wp","href":"https:\/\/api.w.org\/{rel}","templated":true}]}}