{"id":12052,"date":"2025-06-03T14:52:44","date_gmt":"2025-06-03T11:52:44","guid":{"rendered":"https:\/\/ahrangroup.com\/?page_id=12052"},"modified":"2025-06-03T14:57:05","modified_gmt":"2025-06-03T11:57:05","slug":"sivi-likit-dolum-makinasi","status":"publish","type":"page","link":"https:\/\/ahrangroup.com\/en\/sivi-likit-dolum-makinasi\/","title":{"rendered":"Liquid Filling Machine"},"content":{"rendered":"<div data-elementor-type=\"wp-page\" data-elementor-id=\"12052\" class=\"elementor elementor-12052\">\n\t\t\t\t\t\t\t<div class=\"elementor-element elementor-element-ec4d6cf e-flex e-con-boxed e-con e-parent\" data-id=\"ec4d6cf\" data-element_type=\"container\">\r\n\t\t\t\t\t\t\t<div class=\"e-con-inner\">\r\n\t\t\t\t\t\t<div class=\"elementor-element elementor-element-ee7d562 elementor-arrows-position-inside elementor-pagination-position-outside elementor-widget elementor-widget-image-carousel\" data-id=\"ee7d562\" data-element_type=\"widget\" data-settings=\"{&quot;navigation&quot;:&quot;both&quot;,&quot;autoplay&quot;:&quot;yes&quot;,&quot;pause_on_hover&quot;:&quot;yes&quot;,&quot;pause_on_interaction&quot;:&quot;yes&quot;,&quot;autoplay_speed&quot;:5000,&quot;infinite&quot;:&quot;yes&quot;,&quot;speed&quot;:500}\" data-widget_type=\"image-carousel.default\">\n\t\t\t\t\t\t\t<div class=\"elementor-image-carousel-wrapper swiper\" role=\"region\" aria-roledescription=\"carousel\" aria-label=\"Resim D\u00f6ng\u00fcs\u00fc\" dir=\"ltr\">\n\t\t\t<div class=\"elementor-image-carousel swiper-wrapper swiper-image-stretch\" aria-live=\"off\">\n\t\t\t\t\t\t\t\t<div class=\"swiper-slide\" role=\"group\" aria-roledescription=\"slide\" aria-label=\"1 of 6\"><figure class=\"swiper-slide-inner\"><img decoding=\"async\" class=\"swiper-slide-image\" src=\"https:\/\/ahrangroup.com\/wp-content\/uploads\/2025\/06\/001-10-3-563x563.webp\" alt=\"001 (10)\" \/><\/figure><\/div><div class=\"swiper-slide\" role=\"group\" aria-roledescription=\"slide\" aria-label=\"2 of 6\"><figure class=\"swiper-slide-inner\"><img decoding=\"async\" class=\"swiper-slide-image\" src=\"https:\/\/ahrangroup.com\/wp-content\/uploads\/2025\/06\/001-11-2-563x563.webp\" alt=\"001 (11)\" \/><\/figure><\/div><div class=\"swiper-slide\" role=\"group\" aria-roledescription=\"slide\" aria-label=\"3 of 6\"><figure class=\"swiper-slide-inner\"><img decoding=\"async\" class=\"swiper-slide-image\" src=\"https:\/\/ahrangroup.com\/wp-content\/uploads\/2025\/06\/001-12-1-563x563.webp\" alt=\"001 (12)\" \/><\/figure><\/div><div class=\"swiper-slide\" role=\"group\" aria-roledescription=\"slide\" aria-label=\"4 of 6\"><figure class=\"swiper-slide-inner\"><img decoding=\"async\" class=\"swiper-slide-image\" src=\"https:\/\/ahrangroup.com\/wp-content\/uploads\/2025\/06\/001-13-1-563x563.webp\" alt=\"001 (13)\" \/><\/figure><\/div><div class=\"swiper-slide\" role=\"group\" aria-roledescription=\"slide\" aria-label=\"5 of 6\"><figure class=\"swiper-slide-inner\"><img decoding=\"async\" class=\"swiper-slide-image\" src=\"https:\/\/ahrangroup.com\/wp-content\/uploads\/2025\/06\/001-14-1-563x563.webp\" alt=\"001 (14)\" \/><\/figure><\/div><div class=\"swiper-slide\" role=\"group\" aria-roledescription=\"slide\" aria-label=\"6 of 6\"><figure class=\"swiper-slide-inner\"><img decoding=\"async\" class=\"swiper-slide-image\" src=\"https:\/\/ahrangroup.com\/wp-content\/uploads\/2025\/06\/001-15-1-563x563.webp\" alt=\"001 (15)\" \/><\/figure><\/div>\t\t\t<\/div>\n\t\t\t\t\t\t\t\t\t\t\t\t<div class=\"elementor-swiper-button elementor-swiper-button-prev\" role=\"button\" tabindex=\"0\">\n\t\t\t\t\t\t<svg aria-hidden=\"true\" class=\"e-font-icon-svg e-eicon-chevron-left\" viewbox=\"0 0 1000 1000\" xmlns=\"http:\/\/www.w3.org\/2000\/svg\"><path d=\"M646 125C629 125 613 133 604 142L308 442C296 454 292 471 292 487 292 504 296 521 308 533L604 854C617 867 629 875 646 875 663 875 679 871 692 858 704 846 713 829 713 812 713 796 708 779 692 767L438 487 692 225C700 217 708 204 708 187 708 171 704 154 692 142 675 129 663 125 646 125Z\"><\/path><\/svg>\t\t\t\t\t<\/div>\n\t\t\t\t\t<div class=\"elementor-swiper-button elementor-swiper-button-next\" role=\"button\" tabindex=\"0\">\n\t\t\t\t\t\t<svg aria-hidden=\"true\" class=\"e-font-icon-svg e-eicon-chevron-right\" viewbox=\"0 0 1000 1000\" xmlns=\"http:\/\/www.w3.org\/2000\/svg\"><path d=\"M696 533C708 521 713 504 713 487 713 471 708 454 696 446L400 146C388 133 375 125 354 125 338 125 325 129 313 142 300 154 292 171 292 187 292 204 296 221 308 233L563 492 304 771C292 783 288 800 288 817 288 833 296 850 308 863 321 871 338 875 354 875 371 875 388 867 400 854L696 533Z\"><\/path><\/svg>\t\t\t\t\t<\/div>\n\t\t\t\t\n\t\t\t\t\t\t\t\t\t<div class=\"swiper-pagination\"><\/div>\n\t\t\t\t\t\t\t\t\t<\/div>\n\t\t\t\t\t\t<\/div>\n\t\t\t\t<div class=\"elementor-element elementor-element-d933c01 elementor-widget elementor-widget-heading\" data-id=\"d933c01\" data-element_type=\"widget\" data-widget_type=\"heading.default\">\n\t\t\t\t\t<h2 class=\"elementor-heading-title elementor-size-default\">Liquid Filling Machine<\/h2>\t\t\t\t<\/div>\n\t\t\t\t<div class=\"elementor-element elementor-element-cf4db29 elementor-widget elementor-widget-spacer\" data-id=\"cf4db29\" data-element_type=\"widget\" data-widget_type=\"spacer.default\">\n\t\t\t\t\t\t\t<div class=\"elementor-spacer\">\n\t\t\t<div class=\"elementor-spacer-inner\"><\/div>\n\t\t<\/div>\n\t\t\t\t\t\t<\/div>\n\t\t\t\t<div class=\"elementor-element elementor-element-0017e06 elementor-widget elementor-widget-text-editor\" data-id=\"0017e06\" data-element_type=\"widget\" data-widget_type=\"text-editor.default\">\n\t\t\t\t\t\t\t\t\t<p><strong>Kullan\u0131m Alanlar\u0131<\/strong><br \/>Model P serisi, g\u0131da sekt\u00f6r\u00fcnde zeytinya\u011f\u0131, ay\u00e7i\u00e7ek ya\u011f\u0131, soya, m\u0131s\u0131r\u00f6z\u00fc ya\u011f\u0131, \u015falgam ve limon suyu gibi bir\u00e7ok s\u0131v\u0131 \u00fcr\u00fcn\u00fcn dolumunda kullan\u0131l\u0131yor. End\u00fcstriyel ortamlarda ise boya, tiner, vernik, madeni ya\u011f \u00e7e\u015fitleri, kimyasal s\u0131v\u0131 madde ve s\u0131v\u0131 sabun gibi \u00fcr\u00fcnlerin dolumunda etkin bir rol oynuyor.<\/p><p><br \/><strong>Teknik \u00d6zellikler<\/strong><br \/>Model P Serisi PET \u015fi\u015fe dolum makineleri, bir dizi \u00fcst\u00fcn teknik \u00f6zellikle donat\u0131lm\u0131\u015ft\u0131r:<\/p><p>Palet bantta, g\u0131daya uygun \u00f6zel plastik malzeme kullan\u0131lm\u0131\u015ft\u0131r. Bu, dolum s\u00fcrecinin hijyenik ve g\u00fcvenli olmas\u0131n\u0131 sa\u011flar.<br \/>Konvey\u00f6r \u015fasesi, dayan\u0131kl\u0131l\u0131\u011f\u0131 ve korozyon direnci ile bilinen 304 Cr. malzemeden imal edilmi\u015ftir.<br \/>Konvey\u00f6r, 1.5 HP red\u00fckt\u00f6rl\u00fc motor ile hareket ettirilmekte, bu da d\u00fczg\u00fcn ve s\u00fcrekli bir dolum s\u00fcreci sa\u011flar.<br \/>Korkuluklar da 304 Cr. malzemeden yap\u0131lm\u0131\u015f ve geni\u015flik ayar\u0131 yap\u0131labilecek \u015fekildedir. Bu, \u00e7e\u015fitli boyutlardaki \u015fi\u015felerin kolayl\u0131kla i\u015flenebilmesini sa\u011flar.<br \/>Dolum esnas\u0131nda malzeme \u00f6zelli\u011fi de\u011fi\u015fmez, bu sayede \u00fcr\u00fcn\u00fcn kalitesi korunur.<br \/>Kapak kapama \u00fcnitesi 1 adet olup pn\u00f6matik darbe tesirli \u00e7al\u0131\u015f\u0131r, bu da h\u0131zl\u0131 ve g\u00fcvenli bir kapatma i\u015flemi sa\u011flar.<br \/>Rezervtank 100 lt. hacminde ve 1.5 mm. 304 Cr. malzemeden imal edilmi\u015ftir, bu sayede b\u00fcy\u00fck miktarda \u00fcr\u00fcn dolumu i\u00e7in yeterli kapasiteye sahiptir.<br \/>PLC ve di\u011fer elektronik, elektrik malzemeler bir pano i\u00e7ine yerle\u015ftirilmi\u015ftir, bu da kullan\u0131m kolayl\u0131\u011f\u0131 ve bak\u0131m s\u00fcre\u00e7lerinin basitle\u015ftirilmesini sa\u011flar.<br \/>Makinan\u0131n \u00e7al\u0131\u015fabilir hava bas\u0131nc\u0131 6-8 atmosferdir, bu da geni\u015f bir kullan\u0131m alan\u0131 yarat\u0131r.<br \/>Sonu\u00e7 olarak, Model P Serisi PET \u015fi\u015fe dolum makinalar\u0131, hem g\u0131da sekt\u00f6r\u00fcnde hem de end\u00fcstriyel ortamlarda \u00e7ok \u00e7e\u015fitli \u00fcr\u00fcnlerin dolumunda kullan\u0131lan etkili ve verimli bir \u00e7\u00f6z\u00fcmd\u00fcr. \u00dcst\u00fcn teknik \u00f6zellikleri ve kullan\u0131m kolayl\u0131\u011f\u0131, onlar\u0131 geni\u015f bir uygulama yelpazesi i\u00e7in ideal k\u0131lar.<\/p>\t\t\t\t\t\t\t\t<\/div>\n\t\t\t\t\t\t<\/div>\r\n\t\t\t\t\r\n\t\t\t<\/div>\r\n\t\t\t\t\t\t<div class=\"elementor-element elementor-element-a13385a e-flex e-con-boxed e-con e-parent\" data-id=\"a13385a\" data-element_type=\"container\">\r\n\t\t\t\t\t\t\t<div class=\"e-con-inner\">\r\n\t\t\t\t\t\t<div class=\"elementor-element elementor-element-b674a10 elementor-widget elementor-widget-image-gallery\" data-id=\"b674a10\" data-element_type=\"widget\" data-widget_type=\"image-gallery.default\">\n\t\t\t\t\t\t\t<div class=\"elementor-image-gallery\">\n\t\t\t\t\t<\/div>\n\t\t\t\t\t\t<\/div>\n\t\t\t\t\t\t<\/div>\r\n\t\t\t\t\r\n\t\t\t<\/div>\r\n\t\t\t\t\t\t<div class=\"elementor-element elementor-element-975254a e-flex e-con-boxed e-con e-parent\" data-id=\"975254a\" data-element_type=\"container\">\r\n\t\t\t\t\t\t\t<div class=\"e-con-inner\">\r\n\t\t\t\t\t\t\t\t<\/div>\r\n\t\t\t\t\r\n\t\t\t<\/div>\r\n\t\t\t\t\t<\/div>","protected":false},"excerpt":{"rendered":"<p>S\u0131v\u0131 Likit Dolum Makinas\u0131 Kullan\u0131m Alanlar\u0131Model P serisi, g\u0131da sekt\u00f6r\u00fcnde zeytinya\u011f\u0131, ay\u00e7i\u00e7ek ya\u011f\u0131, soya, m\u0131s\u0131r\u00f6z\u00fc ya\u011f\u0131, \u015falgam ve limon suyu gibi bir\u00e7ok s\u0131v\u0131 \u00fcr\u00fcn\u00fcn dolumunda kullan\u0131l\u0131yor. End\u00fcstriyel ortamlarda ise boya, tiner, vernik, madeni ya\u011f \u00e7e\u015fitleri, kimyasal s\u0131v\u0131 madde ve s\u0131v\u0131 sabun gibi \u00fcr\u00fcnlerin dolumunda etkin bir rol oynuyor. Teknik \u00d6zelliklerModel P Serisi PET \u015fi\u015fe dolum [&hellip;]<\/p>","protected":false},"author":1,"featured_media":0,"parent":0,"menu_order":0,"comment_status":"closed","ping_status":"closed","template":"","meta":{"_acf_changed":false,"footnotes":""},"class_list":["post-12052","page","type-page","status-publish","hentry"],"acf":[],"_links":{"self":[{"href":"https:\/\/ahrangroup.com\/en\/wp-json\/wp\/v2\/pages\/12052","targetHints":{"allow":["GET"]}}],"collection":[{"href":"https:\/\/ahrangroup.com\/en\/wp-json\/wp\/v2\/pages"}],"about":[{"href":"https:\/\/ahrangroup.com\/en\/wp-json\/wp\/v2\/types\/page"}],"author":[{"embeddable":true,"href":"https:\/\/ahrangroup.com\/en\/wp-json\/wp\/v2\/users\/1"}],"replies":[{"embeddable":true,"href":"https:\/\/ahrangroup.com\/en\/wp-json\/wp\/v2\/comments?post=12052"}],"version-history":[{"count":0,"href":"https:\/\/ahrangroup.com\/en\/wp-json\/wp\/v2\/pages\/12052\/revisions"}],"wp:attachment":[{"href":"https:\/\/ahrangroup.com\/en\/wp-json\/wp\/v2\/media?parent=12052"}],"curies":[{"name":"wp","href":"https:\/\/api.w.org\/{rel}","templated":true}]}}