{"id":11981,"date":"2025-06-02T16:05:58","date_gmt":"2025-06-02T13:05:58","guid":{"rendered":"https:\/\/ahrangroup.com\/?page_id=11981"},"modified":"2025-06-02T16:10:03","modified_gmt":"2025-06-02T13:10:03","slug":"pinofan-toz-dolum-tesisi","status":"publish","type":"page","link":"https:\/\/ahrangroup.com\/en\/pinofan-toz-dolum-tesisi\/","title":{"rendered":"Pinofan Toz Dolum Tesisi"},"content":{"rendered":"<div data-elementor-type=\"wp-page\" data-elementor-id=\"11981\" class=\"elementor elementor-11981\">\n\t\t\t\t\t\t\t<div class=\"elementor-element elementor-element-ec4d6cf e-flex e-con-boxed e-con e-parent\" data-id=\"ec4d6cf\" data-element_type=\"container\">\r\n\t\t\t\t\t\t\t<div class=\"e-con-inner\">\r\n\t\t\t\t\t\t<div class=\"elementor-element elementor-element-ee7d562 elementor-arrows-position-inside elementor-pagination-position-outside elementor-widget elementor-widget-image-carousel\" data-id=\"ee7d562\" data-element_type=\"widget\" data-settings=\"{&quot;navigation&quot;:&quot;both&quot;,&quot;autoplay&quot;:&quot;yes&quot;,&quot;pause_on_hover&quot;:&quot;yes&quot;,&quot;pause_on_interaction&quot;:&quot;yes&quot;,&quot;autoplay_speed&quot;:5000,&quot;infinite&quot;:&quot;yes&quot;,&quot;speed&quot;:500}\" data-widget_type=\"image-carousel.default\">\n\t\t\t\t\t\t\t<div class=\"elementor-image-carousel-wrapper swiper\" role=\"region\" aria-roledescription=\"carousel\" aria-label=\"Resim D\u00f6ng\u00fcs\u00fc\" dir=\"ltr\">\n\t\t\t<div class=\"elementor-image-carousel swiper-wrapper swiper-image-stretch\" aria-live=\"off\">\n\t\t\t\t\t\t\t\t<div class=\"swiper-slide\" role=\"group\" aria-roledescription=\"slide\" aria-label=\"1 of 10\" data-no-translation-aria-label=\"\"><figure class=\"swiper-slide-inner\"><img decoding=\"async\" class=\"swiper-slide-image\" src=\"https:\/\/ahrangroup.com\/wp-content\/uploads\/2025\/06\/001-5-5-563x563.webp\" alt=\"001 (5)\" \/><\/figure><\/div><div class=\"swiper-slide\" role=\"group\" aria-roledescription=\"slide\" aria-label=\"2 of 10\" data-no-translation-aria-label=\"\"><figure class=\"swiper-slide-inner\"><img decoding=\"async\" class=\"swiper-slide-image\" src=\"https:\/\/ahrangroup.com\/wp-content\/uploads\/2025\/06\/001-2-6-563x563.webp\" alt=\"001 (2)\" \/><\/figure><\/div><div class=\"swiper-slide\" role=\"group\" aria-roledescription=\"slide\" aria-label=\"3 of 10\" data-no-translation-aria-label=\"\"><figure class=\"swiper-slide-inner\"><img decoding=\"async\" class=\"swiper-slide-image\" src=\"https:\/\/ahrangroup.com\/wp-content\/uploads\/2025\/06\/001-3-6-563x563.webp\" alt=\"001 (3)\" \/><\/figure><\/div><div class=\"swiper-slide\" role=\"group\" aria-roledescription=\"slide\" aria-label=\"4 of 10\" data-no-translation-aria-label=\"\"><figure class=\"swiper-slide-inner\"><img decoding=\"async\" class=\"swiper-slide-image\" src=\"https:\/\/ahrangroup.com\/wp-content\/uploads\/2025\/06\/001-4-6-563x563.webp\" alt=\"001 (4)\" \/><\/figure><\/div><div class=\"swiper-slide\" role=\"group\" aria-roledescription=\"slide\" aria-label=\"5 of 10\" data-no-translation-aria-label=\"\"><figure class=\"swiper-slide-inner\"><img decoding=\"async\" class=\"swiper-slide-image\" src=\"https:\/\/ahrangroup.com\/wp-content\/uploads\/2025\/06\/001-6-5-563x563.webp\" alt=\"001 (6)\" \/><\/figure><\/div><div class=\"swiper-slide\" role=\"group\" aria-roledescription=\"slide\" aria-label=\"6 of 10\" data-no-translation-aria-label=\"\"><figure class=\"swiper-slide-inner\"><img decoding=\"async\" class=\"swiper-slide-image\" src=\"https:\/\/ahrangroup.com\/wp-content\/uploads\/2025\/06\/001-7-2-563x563.webp\" alt=\"001 (7)\" \/><\/figure><\/div><div class=\"swiper-slide\" role=\"group\" aria-roledescription=\"slide\" aria-label=\"7 of 10\" data-no-translation-aria-label=\"\"><figure class=\"swiper-slide-inner\"><img decoding=\"async\" class=\"swiper-slide-image\" src=\"https:\/\/ahrangroup.com\/wp-content\/uploads\/2025\/06\/001-8-2-563x428.webp\" alt=\"001 (8)\" \/><\/figure><\/div><div class=\"swiper-slide\" role=\"group\" aria-roledescription=\"slide\" aria-label=\"8 of 10\" data-no-translation-aria-label=\"\"><figure class=\"swiper-slide-inner\"><img decoding=\"async\" class=\"swiper-slide-image\" src=\"https:\/\/ahrangroup.com\/wp-content\/uploads\/2025\/06\/001-9-1-563x563.webp\" alt=\"001 (9)\" \/><\/figure><\/div><div class=\"swiper-slide\" role=\"group\" aria-roledescription=\"slide\" aria-label=\"9 of 10\" data-no-translation-aria-label=\"\"><figure class=\"swiper-slide-inner\"><img decoding=\"async\" class=\"swiper-slide-image\" src=\"https:\/\/ahrangroup.com\/wp-content\/uploads\/2025\/06\/001-10-563x563.webp\" alt=\"001 (10)\" \/><\/figure><\/div><div class=\"swiper-slide\" role=\"group\" aria-roledescription=\"slide\" aria-label=\"10 of 10\" data-no-translation-aria-label=\"\"><figure class=\"swiper-slide-inner\"><img decoding=\"async\" class=\"swiper-slide-image\" src=\"https:\/\/ahrangroup.com\/wp-content\/uploads\/2025\/06\/001-11-560x563.webp\" alt=\"001 (11)\" \/><\/figure><\/div>\t\t\t<\/div>\n\t\t\t\t\t\t\t\t\t\t\t\t<div class=\"elementor-swiper-button elementor-swiper-button-prev\" role=\"button\" tabindex=\"0\">\n\t\t\t\t\t\t<svg aria-hidden=\"true\" class=\"e-font-icon-svg e-eicon-chevron-left\" viewbox=\"0 0 1000 1000\" xmlns=\"http:\/\/www.w3.org\/2000\/svg\"><path d=\"M646 125C629 125 613 133 604 142L308 442C296 454 292 471 292 487 292 504 296 521 308 533L604 854C617 867 629 875 646 875 663 875 679 871 692 858 704 846 713 829 713 812 713 796 708 779 692 767L438 487 692 225C700 217 708 204 708 187 708 171 704 154 692 142 675 129 663 125 646 125Z\"><\/path><\/svg>\t\t\t\t\t<\/div>\n\t\t\t\t\t<div class=\"elementor-swiper-button elementor-swiper-button-next\" role=\"button\" tabindex=\"0\">\n\t\t\t\t\t\t<svg aria-hidden=\"true\" class=\"e-font-icon-svg e-eicon-chevron-right\" viewbox=\"0 0 1000 1000\" xmlns=\"http:\/\/www.w3.org\/2000\/svg\"><path d=\"M696 533C708 521 713 504 713 487 713 471 708 454 696 446L400 146C388 133 375 125 354 125 338 125 325 129 313 142 300 154 292 171 292 187 292 204 296 221 308 233L563 492 304 771C292 783 288 800 288 817 288 833 296 850 308 863 321 871 338 875 354 875 371 875 388 867 400 854L696 533Z\"><\/path><\/svg>\t\t\t\t\t<\/div>\n\t\t\t\t\n\t\t\t\t\t\t\t\t\t<div class=\"swiper-pagination\"><\/div>\n\t\t\t\t\t\t\t\t\t<\/div>\n\t\t\t\t\t\t<\/div>\n\t\t\t\t<div class=\"elementor-element elementor-element-d933c01 elementor-widget elementor-widget-heading\" data-id=\"d933c01\" data-element_type=\"widget\" data-widget_type=\"heading.default\">\n\t\t\t\t\t<h2 class=\"elementor-heading-title elementor-size-default\">Pinofan Toz Dolum Tesisi<\/h2>\t\t\t\t<\/div>\n\t\t\t\t<div class=\"elementor-element elementor-element-cf4db29 elementor-widget elementor-widget-spacer\" data-id=\"cf4db29\" data-element_type=\"widget\" data-widget_type=\"spacer.default\">\n\t\t\t\t\t\t\t<div class=\"elementor-spacer\">\n\t\t\t<div class=\"elementor-spacer-inner\"><\/div>\n\t\t<\/div>\n\t\t\t\t\t\t<\/div>\n\t\t\t\t<div class=\"elementor-element elementor-element-0017e06 elementor-widget elementor-widget-text-editor\" data-id=\"0017e06\" data-element_type=\"widget\" data-widget_type=\"text-editor.default\">\n\t\t\t\t\t\t\t\t\t<p>Hammaddenin a\u011f\u0131rl\u0131\u011f\u0131n\u0131 do\u011fru bir \u015fekilde belirlerken, dozajlama sistemleri bu malzemeyi istenen oranlarda \u00fcretim hatt\u0131na dahil eder.<\/p><p>Dozajlama ve tart\u0131m sistemleri, end\u00fcstriyel \u00fcretim s\u00fcre\u00e7lerinde malzemelerin hassas bir \u015fekilde \u00f6l\u00e7\u00fclmesi ve kontrol edilmesi i\u00e7in kritik \u00f6neme sahiptir. \u00d6zellikle g\u0131da, kimya, ila\u00e7 gibi sekt\u00f6rlerde bu sistemler, do\u011fru miktar ve kar\u0131\u015f\u0131mlar\u0131n elde edilmesini sa\u011flar. Bu nedenle, \u00fcretim kalitesini art\u0131r\u0131rken maliyetlerin de optimize edilmesine yard\u0131mc\u0131 olur.<\/p><p>Ayr\u0131ca, dozajlama sistemleri otomatik olarak malzemeleri belirlenen oranlarda kar\u0131\u015ft\u0131rabilir ve bu s\u00fcre\u00e7lerde insan hatas\u0131 riskini en aza indirir. Bununla birlikte, tart\u0131m sistemleri, y\u00fcksek hassasiyetle malzeme a\u011f\u0131rl\u0131klar\u0131n\u0131 \u00f6l\u00e7erek, istenilen \u00f6l\u00e7\u00fclerin tam olarak elde edilmesini sa\u011flar. Bu sayede*, her iki sistem de \u00fcretim s\u00fcre\u00e7lerinde verimlili\u011fi art\u0131r\u0131r ve y\u00fcksek kalite standartlar\u0131n\u0131 kar\u015f\u0131lamada \u00f6nemli bir rol oynar.<\/p>\t\t\t\t\t\t\t\t<\/div>\n\t\t\t\t\t\t<\/div>\r\n\t\t\t\t\r\n\t\t\t<\/div>\r\n\t\t\t\t\t\t<div class=\"elementor-element elementor-element-a13385a e-flex e-con-boxed e-con e-parent\" data-id=\"a13385a\" data-element_type=\"container\">\r\n\t\t\t\t\t\t\t<div class=\"e-con-inner\">\r\n\t\t\t\t\t\t<div class=\"elementor-element elementor-element-b674a10 elementor-widget elementor-widget-image-gallery\" data-id=\"b674a10\" data-element_type=\"widget\" data-widget_type=\"image-gallery.default\">\n\t\t\t\t\t\t\t<div class=\"elementor-image-gallery\">\n\t\t\t<div id='gallery-1' class='gallery galleryid-11981 gallery-columns-4 gallery-size-full'><figure class='gallery-item'>\n\t\t\t<div class='gallery-icon landscape'>\n\t\t\t\t<a data-elementor-open-lightbox=\"yes\" data-elementor-lightbox-slideshow=\"b674a10\" data-elementor-lightbox-title=\"001 (10)\" data-e-action-hash=\"#elementor-action%3Aaction%3Dlightbox%26settings%3DeyJpZCI6MTE5OTIsInVybCI6Imh0dHBzOlwvXC9haHJhbmdyb3VwLmNvbVwvd3AtY29udGVudFwvdXBsb2Fkc1wvMjAyNVwvMDZcLzAwMS0xMC53ZWJwIiwic2xpZGVzaG93IjoiYjY3NGExMCJ9\" href='https:\/\/ahrangroup.com\/wp-content\/uploads\/2025\/06\/001-10.webp'><img fetchpriority=\"high\" decoding=\"async\" width=\"1600\" height=\"710\" src=\"https:\/\/ahrangroup.com\/wp-content\/uploads\/2025\/06\/001-10.webp\" class=\"attachment-full size-full\" alt=\"\" srcset=\"https:\/\/ahrangroup.com\/wp-content\/uploads\/2025\/06\/001-10.webp 1600w, https:\/\/ahrangroup.com\/wp-content\/uploads\/2025\/06\/001-10-1024x454.webp 1024w, https:\/\/ahrangroup.com\/wp-content\/uploads\/2025\/06\/001-10-768x341.webp 768w, https:\/\/ahrangroup.com\/wp-content\/uploads\/2025\/06\/001-10-1536x682.webp 1536w\" sizes=\"(max-width: 1600px) 100vw, 1600px\" \/><\/a>\n\t\t\t<\/div><\/figure><figure class='gallery-item'>\n\t\t\t<div class='gallery-icon portrait'>\n\t\t\t\t<a data-elementor-open-lightbox=\"yes\" data-elementor-lightbox-slideshow=\"b674a10\" data-elementor-lightbox-title=\"001 (11)\" data-e-action-hash=\"#elementor-action%3Aaction%3Dlightbox%26settings%3DeyJpZCI6MTE5OTMsInVybCI6Imh0dHBzOlwvXC9haHJhbmdyb3VwLmNvbVwvd3AtY29udGVudFwvdXBsb2Fkc1wvMjAyNVwvMDZcLzAwMS0xMS53ZWJwIiwic2xpZGVzaG93IjoiYjY3NGExMCJ9\" href='https:\/\/ahrangroup.com\/wp-content\/uploads\/2025\/06\/001-11.webp'><img decoding=\"async\" width=\"560\" height=\"880\" src=\"https:\/\/ahrangroup.com\/wp-content\/uploads\/2025\/06\/001-11.webp\" class=\"attachment-full size-full\" alt=\"\" \/><\/a>\n\t\t\t<\/div><\/figure><figure class='gallery-item'>\n\t\t\t<div class='gallery-icon landscape'>\n\t\t\t\t<a data-elementor-open-lightbox=\"yes\" data-elementor-lightbox-slideshow=\"b674a10\" data-elementor-lightbox-title=\"001 (9)\" data-e-action-hash=\"#elementor-action%3Aaction%3Dlightbox%26settings%3DeyJpZCI6MTE5OTEsInVybCI6Imh0dHBzOlwvXC9haHJhbmdyb3VwLmNvbVwvd3AtY29udGVudFwvdXBsb2Fkc1wvMjAyNVwvMDZcLzAwMS05LTEud2VicCIsInNsaWRlc2hvdyI6ImI2NzRhMTAifQ%3D%3D\" href='https:\/\/ahrangroup.com\/wp-content\/uploads\/2025\/06\/001-9-1.webp'><img decoding=\"async\" width=\"1600\" height=\"710\" src=\"https:\/\/ahrangroup.com\/wp-content\/uploads\/2025\/06\/001-9-1.webp\" class=\"attachment-full size-full\" alt=\"\" srcset=\"https:\/\/ahrangroup.com\/wp-content\/uploads\/2025\/06\/001-9-1.webp 1600w, https:\/\/ahrangroup.com\/wp-content\/uploads\/2025\/06\/001-9-1-1024x454.webp 1024w, https:\/\/ahrangroup.com\/wp-content\/uploads\/2025\/06\/001-9-1-768x341.webp 768w, https:\/\/ahrangroup.com\/wp-content\/uploads\/2025\/06\/001-9-1-1536x682.webp 1536w\" sizes=\"(max-width: 1600px) 100vw, 1600px\" \/><\/a>\n\t\t\t<\/div><\/figure><figure class='gallery-item'>\n\t\t\t<div class='gallery-icon landscape'>\n\t\t\t\t<a data-elementor-open-lightbox=\"yes\" data-elementor-lightbox-slideshow=\"b674a10\" data-elementor-lightbox-title=\"001 (8)\" data-e-action-hash=\"#elementor-action%3Aaction%3Dlightbox%26settings%3DeyJpZCI6MTE5OTAsInVybCI6Imh0dHBzOlwvXC9haHJhbmdyb3VwLmNvbVwvd3AtY29udGVudFwvdXBsb2Fkc1wvMjAyNVwvMDZcLzAwMS04LTIud2VicCIsInNsaWRlc2hvdyI6ImI2NzRhMTAifQ%3D%3D\" href='https:\/\/ahrangroup.com\/wp-content\/uploads\/2025\/06\/001-8-2.webp'><img loading=\"lazy\" decoding=\"async\" width=\"640\" height=\"428\" src=\"https:\/\/ahrangroup.com\/wp-content\/uploads\/2025\/06\/001-8-2.webp\" class=\"attachment-full size-full\" alt=\"\" \/><\/a>\n\t\t\t<\/div><\/figure><figure class='gallery-item'>\n\t\t\t<div class='gallery-icon landscape'>\n\t\t\t\t<a data-elementor-open-lightbox=\"yes\" data-elementor-lightbox-slideshow=\"b674a10\" data-elementor-lightbox-title=\"001 (7)\" data-e-action-hash=\"#elementor-action%3Aaction%3Dlightbox%26settings%3DeyJpZCI6MTE5ODksInVybCI6Imh0dHBzOlwvXC9haHJhbmdyb3VwLmNvbVwvd3AtY29udGVudFwvdXBsb2Fkc1wvMjAyNVwvMDZcLzAwMS03LTIud2VicCIsInNsaWRlc2hvdyI6ImI2NzRhMTAifQ%3D%3D\" href='https:\/\/ahrangroup.com\/wp-content\/uploads\/2025\/06\/001-7-2.webp'><img loading=\"lazy\" decoding=\"async\" width=\"1600\" height=\"939\" src=\"https:\/\/ahrangroup.com\/wp-content\/uploads\/2025\/06\/001-7-2.webp\" class=\"attachment-full size-full\" alt=\"\" srcset=\"https:\/\/ahrangroup.com\/wp-content\/uploads\/2025\/06\/001-7-2.webp 1600w, https:\/\/ahrangroup.com\/wp-content\/uploads\/2025\/06\/001-7-2-1024x601.webp 1024w, https:\/\/ahrangroup.com\/wp-content\/uploads\/2025\/06\/001-7-2-768x451.webp 768w, https:\/\/ahrangroup.com\/wp-content\/uploads\/2025\/06\/001-7-2-1536x901.webp 1536w\" sizes=\"(max-width: 1600px) 100vw, 1600px\" \/><\/a>\n\t\t\t<\/div><\/figure><figure class='gallery-item'>\n\t\t\t<div class='gallery-icon landscape'>\n\t\t\t\t<a data-elementor-open-lightbox=\"yes\" data-elementor-lightbox-slideshow=\"b674a10\" data-elementor-lightbox-title=\"001 (6)\" data-e-action-hash=\"#elementor-action%3Aaction%3Dlightbox%26settings%3DeyJpZCI6MTE5ODgsInVybCI6Imh0dHBzOlwvXC9haHJhbmdyb3VwLmNvbVwvd3AtY29udGVudFwvdXBsb2Fkc1wvMjAyNVwvMDZcLzAwMS02LTUud2VicCIsInNsaWRlc2hvdyI6ImI2NzRhMTAifQ%3D%3D\" href='https:\/\/ahrangroup.com\/wp-content\/uploads\/2025\/06\/001-6-5.webp'><img loading=\"lazy\" decoding=\"async\" width=\"1600\" height=\"939\" src=\"https:\/\/ahrangroup.com\/wp-content\/uploads\/2025\/06\/001-6-5.webp\" class=\"attachment-full size-full\" alt=\"\" srcset=\"https:\/\/ahrangroup.com\/wp-content\/uploads\/2025\/06\/001-6-5.webp 1600w, https:\/\/ahrangroup.com\/wp-content\/uploads\/2025\/06\/001-6-5-1024x601.webp 1024w, https:\/\/ahrangroup.com\/wp-content\/uploads\/2025\/06\/001-6-5-768x451.webp 768w, https:\/\/ahrangroup.com\/wp-content\/uploads\/2025\/06\/001-6-5-1536x901.webp 1536w\" sizes=\"(max-width: 1600px) 100vw, 1600px\" \/><\/a>\n\t\t\t<\/div><\/figure><figure class='gallery-item'>\n\t\t\t<div class='gallery-icon landscape'>\n\t\t\t\t<a data-elementor-open-lightbox=\"yes\" data-elementor-lightbox-slideshow=\"b674a10\" data-elementor-lightbox-title=\"001 (5)\" data-e-action-hash=\"#elementor-action%3Aaction%3Dlightbox%26settings%3DeyJpZCI6MTE5ODcsInVybCI6Imh0dHBzOlwvXC9haHJhbmdyb3VwLmNvbVwvd3AtY29udGVudFwvdXBsb2Fkc1wvMjAyNVwvMDZcLzAwMS01LTUud2VicCIsInNsaWRlc2hvdyI6ImI2NzRhMTAifQ%3D%3D\" href='https:\/\/ahrangroup.com\/wp-content\/uploads\/2025\/06\/001-5-5.webp'><img loading=\"lazy\" decoding=\"async\" width=\"1600\" height=\"939\" src=\"https:\/\/ahrangroup.com\/wp-content\/uploads\/2025\/06\/001-5-5.webp\" class=\"attachment-full size-full\" alt=\"\" srcset=\"https:\/\/ahrangroup.com\/wp-content\/uploads\/2025\/06\/001-5-5.webp 1600w, https:\/\/ahrangroup.com\/wp-content\/uploads\/2025\/06\/001-5-5-1024x601.webp 1024w, https:\/\/ahrangroup.com\/wp-content\/uploads\/2025\/06\/001-5-5-768x451.webp 768w, https:\/\/ahrangroup.com\/wp-content\/uploads\/2025\/06\/001-5-5-1536x901.webp 1536w\" sizes=\"(max-width: 1600px) 100vw, 1600px\" \/><\/a>\n\t\t\t<\/div><\/figure><figure class='gallery-item'>\n\t\t\t<div class='gallery-icon landscape'>\n\t\t\t\t<a data-elementor-open-lightbox=\"yes\" data-elementor-lightbox-slideshow=\"b674a10\" data-elementor-lightbox-title=\"001 (4)\" data-e-action-hash=\"#elementor-action%3Aaction%3Dlightbox%26settings%3DeyJpZCI6MTE5ODYsInVybCI6Imh0dHBzOlwvXC9haHJhbmdyb3VwLmNvbVwvd3AtY29udGVudFwvdXBsb2Fkc1wvMjAyNVwvMDZcLzAwMS00LTYud2VicCIsInNsaWRlc2hvdyI6ImI2NzRhMTAifQ%3D%3D\" href='https:\/\/ahrangroup.com\/wp-content\/uploads\/2025\/06\/001-4-6.webp'><img loading=\"lazy\" decoding=\"async\" width=\"1152\" height=\"864\" src=\"https:\/\/ahrangroup.com\/wp-content\/uploads\/2025\/06\/001-4-6.webp\" class=\"attachment-full size-full\" alt=\"\" srcset=\"https:\/\/ahrangroup.com\/wp-content\/uploads\/2025\/06\/001-4-6.webp 1152w, https:\/\/ahrangroup.com\/wp-content\/uploads\/2025\/06\/001-4-6-1024x768.webp 1024w, https:\/\/ahrangroup.com\/wp-content\/uploads\/2025\/06\/001-4-6-768x576.webp 768w\" sizes=\"(max-width: 1152px) 100vw, 1152px\" \/><\/a>\n\t\t\t<\/div><\/figure><figure class='gallery-item'>\n\t\t\t<div class='gallery-icon landscape'>\n\t\t\t\t<a data-elementor-open-lightbox=\"yes\" data-elementor-lightbox-slideshow=\"b674a10\" data-elementor-lightbox-title=\"001 (3)\" data-e-action-hash=\"#elementor-action%3Aaction%3Dlightbox%26settings%3DeyJpZCI6MTE5ODUsInVybCI6Imh0dHBzOlwvXC9haHJhbmdyb3VwLmNvbVwvd3AtY29udGVudFwvdXBsb2Fkc1wvMjAyNVwvMDZcLzAwMS0zLTYud2VicCIsInNsaWRlc2hvdyI6ImI2NzRhMTAifQ%3D%3D\" href='https:\/\/ahrangroup.com\/wp-content\/uploads\/2025\/06\/001-3-6.webp'><img loading=\"lazy\" decoding=\"async\" width=\"1152\" height=\"864\" src=\"https:\/\/ahrangroup.com\/wp-content\/uploads\/2025\/06\/001-3-6.webp\" class=\"attachment-full size-full\" alt=\"\" srcset=\"https:\/\/ahrangroup.com\/wp-content\/uploads\/2025\/06\/001-3-6.webp 1152w, https:\/\/ahrangroup.com\/wp-content\/uploads\/2025\/06\/001-3-6-1024x768.webp 1024w, https:\/\/ahrangroup.com\/wp-content\/uploads\/2025\/06\/001-3-6-768x576.webp 768w\" sizes=\"(max-width: 1152px) 100vw, 1152px\" \/><\/a>\n\t\t\t<\/div><\/figure><figure class='gallery-item'>\n\t\t\t<div class='gallery-icon landscape'>\n\t\t\t\t<a data-elementor-open-lightbox=\"yes\" data-elementor-lightbox-slideshow=\"b674a10\" data-elementor-lightbox-title=\"001 (2)\" data-e-action-hash=\"#elementor-action%3Aaction%3Dlightbox%26settings%3DeyJpZCI6MTE5ODQsInVybCI6Imh0dHBzOlwvXC9haHJhbmdyb3VwLmNvbVwvd3AtY29udGVudFwvdXBsb2Fkc1wvMjAyNVwvMDZcLzAwMS0yLTYud2VicCIsInNsaWRlc2hvdyI6ImI2NzRhMTAifQ%3D%3D\" href='https:\/\/ahrangroup.com\/wp-content\/uploads\/2025\/06\/001-2-6.webp'><img loading=\"lazy\" decoding=\"async\" width=\"1152\" height=\"864\" src=\"https:\/\/ahrangroup.com\/wp-content\/uploads\/2025\/06\/001-2-6.webp\" class=\"attachment-full size-full\" alt=\"\" srcset=\"https:\/\/ahrangroup.com\/wp-content\/uploads\/2025\/06\/001-2-6.webp 1152w, https:\/\/ahrangroup.com\/wp-content\/uploads\/2025\/06\/001-2-6-1024x768.webp 1024w, https:\/\/ahrangroup.com\/wp-content\/uploads\/2025\/06\/001-2-6-768x576.webp 768w\" sizes=\"(max-width: 1152px) 100vw, 1152px\" \/><\/a>\n\t\t\t<\/div><\/figure>\n\t\t<\/div>\n\t\t<\/div>\n\t\t\t\t\t\t<\/div>\n\t\t\t\t\t\t<\/div>\r\n\t\t\t\t\r\n\t\t\t<\/div>\r\n\t\t\t\t\t\t<div class=\"elementor-element elementor-element-975254a e-flex e-con-boxed e-con e-parent\" data-id=\"975254a\" data-element_type=\"container\">\r\n\t\t\t\t\t\t\t<div class=\"e-con-inner\">\r\n\t\t\t\t\t\t\t\t<\/div>\r\n\t\t\t\t\r\n\t\t\t<\/div>\r\n\t\t\t\t\t<\/div>","protected":false},"excerpt":{"rendered":"<p>Pinofan Toz Dolum Tesisi Hammaddenin a\u011f\u0131rl\u0131\u011f\u0131n\u0131 do\u011fru bir \u015fekilde belirlerken, dozajlama sistemleri bu malzemeyi istenen oranlarda \u00fcretim hatt\u0131na dahil eder. Dozajlama ve tart\u0131m sistemleri, end\u00fcstriyel \u00fcretim s\u00fcre\u00e7lerinde malzemelerin hassas bir \u015fekilde \u00f6l\u00e7\u00fclmesi ve kontrol edilmesi i\u00e7in kritik \u00f6neme sahiptir. \u00d6zellikle g\u0131da, kimya, ila\u00e7 gibi sekt\u00f6rlerde bu sistemler, do\u011fru miktar ve kar\u0131\u015f\u0131mlar\u0131n elde edilmesini sa\u011flar. Bu [&hellip;]<\/p>","protected":false},"author":1,"featured_media":0,"parent":0,"menu_order":0,"comment_status":"closed","ping_status":"closed","template":"","meta":{"_acf_changed":false,"footnotes":""},"class_list":["post-11981","page","type-page","status-publish","hentry"],"acf":[],"_links":{"self":[{"href":"https:\/\/ahrangroup.com\/en\/wp-json\/wp\/v2\/pages\/11981","targetHints":{"allow":["GET"]}}],"collection":[{"href":"https:\/\/ahrangroup.com\/en\/wp-json\/wp\/v2\/pages"}],"about":[{"href":"https:\/\/ahrangroup.com\/en\/wp-json\/wp\/v2\/types\/page"}],"author":[{"embeddable":true,"href":"https:\/\/ahrangroup.com\/en\/wp-json\/wp\/v2\/users\/1"}],"replies":[{"embeddable":true,"href":"https:\/\/ahrangroup.com\/en\/wp-json\/wp\/v2\/comments?post=11981"}],"version-history":[{"count":0,"href":"https:\/\/ahrangroup.com\/en\/wp-json\/wp\/v2\/pages\/11981\/revisions"}],"wp:attachment":[{"href":"https:\/\/ahrangroup.com\/en\/wp-json\/wp\/v2\/media?parent=11981"}],"curies":[{"name":"wp","href":"https:\/\/api.w.org\/{rel}","templated":true}]}}