{"id":11967,"date":"2025-06-02T15:59:06","date_gmt":"2025-06-02T12:59:06","guid":{"rendered":"https:\/\/ahrangroup.com\/?page_id=11967"},"modified":"2025-06-02T16:02:49","modified_gmt":"2025-06-02T13:02:49","slug":"mixer-jel-karisim","status":"publish","type":"page","link":"https:\/\/ahrangroup.com\/en\/mixer-jel-karisim\/","title":{"rendered":"Mixer \u2013 Jelly Blending"},"content":{"rendered":"<div data-elementor-type=\"wp-page\" data-elementor-id=\"11967\" class=\"elementor elementor-11967\">\n\t\t\t\t\t\t\t<div class=\"elementor-element elementor-element-ec4d6cf e-flex e-con-boxed e-con e-parent\" data-id=\"ec4d6cf\" data-element_type=\"container\">\r\n\t\t\t\t\t\t\t<div class=\"e-con-inner\">\r\n\t\t\t\t\t\t<div class=\"elementor-element elementor-element-ee7d562 elementor-arrows-position-inside elementor-pagination-position-outside elementor-widget elementor-widget-image-carousel\" data-id=\"ee7d562\" data-element_type=\"widget\" data-settings=\"{&quot;navigation&quot;:&quot;both&quot;,&quot;autoplay&quot;:&quot;yes&quot;,&quot;pause_on_hover&quot;:&quot;yes&quot;,&quot;pause_on_interaction&quot;:&quot;yes&quot;,&quot;autoplay_speed&quot;:5000,&quot;infinite&quot;:&quot;yes&quot;,&quot;speed&quot;:500}\" data-widget_type=\"image-carousel.default\">\n\t\t\t\t\t\t\t<div class=\"elementor-image-carousel-wrapper swiper\" role=\"region\" aria-roledescription=\"carousel\" aria-label=\"Resim D\u00f6ng\u00fcs\u00fc\" dir=\"ltr\">\n\t\t\t<div class=\"elementor-image-carousel swiper-wrapper swiper-image-stretch\" aria-live=\"off\">\n\t\t\t\t\t\t\t\t<div class=\"swiper-slide\" role=\"group\" aria-roledescription=\"slide\" aria-label=\"1 of 8\" data-no-translation-aria-label=\"\"><figure class=\"swiper-slide-inner\"><img decoding=\"async\" class=\"swiper-slide-image\" src=\"https:\/\/ahrangroup.com\/wp-content\/uploads\/2025\/06\/001-1-5-563x428.webp\" alt=\"001 (1)\" \/><\/figure><\/div><div class=\"swiper-slide\" role=\"group\" aria-roledescription=\"slide\" aria-label=\"2 of 8\" data-no-translation-aria-label=\"\"><figure class=\"swiper-slide-inner\"><img decoding=\"async\" class=\"swiper-slide-image\" src=\"https:\/\/ahrangroup.com\/wp-content\/uploads\/2025\/06\/001-2-5-563x563.webp\" alt=\"001 (2)\" \/><\/figure><\/div><div class=\"swiper-slide\" role=\"group\" aria-roledescription=\"slide\" aria-label=\"3 of 8\" data-no-translation-aria-label=\"\"><figure class=\"swiper-slide-inner\"><img decoding=\"async\" class=\"swiper-slide-image\" src=\"https:\/\/ahrangroup.com\/wp-content\/uploads\/2025\/06\/001-3-5-563x563.webp\" alt=\"001 (3)\" \/><\/figure><\/div><div class=\"swiper-slide\" role=\"group\" aria-roledescription=\"slide\" aria-label=\"4 of 8\" data-no-translation-aria-label=\"\"><figure class=\"swiper-slide-inner\"><img decoding=\"async\" class=\"swiper-slide-image\" src=\"https:\/\/ahrangroup.com\/wp-content\/uploads\/2025\/06\/001-4-5-563x563.webp\" alt=\"001 (4)\" \/><\/figure><\/div><div class=\"swiper-slide\" role=\"group\" aria-roledescription=\"slide\" aria-label=\"5 of 8\" data-no-translation-aria-label=\"\"><figure class=\"swiper-slide-inner\"><img decoding=\"async\" class=\"swiper-slide-image\" src=\"https:\/\/ahrangroup.com\/wp-content\/uploads\/2025\/06\/001-5-4-563x563.webp\" alt=\"001 (5)\" \/><\/figure><\/div><div class=\"swiper-slide\" role=\"group\" aria-roledescription=\"slide\" aria-label=\"6 of 8\" data-no-translation-aria-label=\"\"><figure class=\"swiper-slide-inner\"><img decoding=\"async\" class=\"swiper-slide-image\" src=\"https:\/\/ahrangroup.com\/wp-content\/uploads\/2025\/06\/001-6-4-563x563.webp\" alt=\"001 (6)\" \/><\/figure><\/div><div class=\"swiper-slide\" role=\"group\" aria-roledescription=\"slide\" aria-label=\"7 of 8\" data-no-translation-aria-label=\"\"><figure class=\"swiper-slide-inner\"><img decoding=\"async\" class=\"swiper-slide-image\" src=\"https:\/\/ahrangroup.com\/wp-content\/uploads\/2025\/06\/001-7-1-563x563.webp\" alt=\"001 (7)\" \/><\/figure><\/div><div class=\"swiper-slide\" role=\"group\" aria-roledescription=\"slide\" aria-label=\"8 of 8\" data-no-translation-aria-label=\"\"><figure class=\"swiper-slide-inner\"><img decoding=\"async\" class=\"swiper-slide-image\" src=\"https:\/\/ahrangroup.com\/wp-content\/uploads\/2025\/06\/001-8-1-563x563.webp\" alt=\"001 (8)\" \/><\/figure><\/div>\t\t\t<\/div>\n\t\t\t\t\t\t\t\t\t\t\t\t<div class=\"elementor-swiper-button elementor-swiper-button-prev\" role=\"button\" tabindex=\"0\">\n\t\t\t\t\t\t<svg aria-hidden=\"true\" class=\"e-font-icon-svg e-eicon-chevron-left\" viewbox=\"0 0 1000 1000\" xmlns=\"http:\/\/www.w3.org\/2000\/svg\"><path d=\"M646 125C629 125 613 133 604 142L308 442C296 454 292 471 292 487 292 504 296 521 308 533L604 854C617 867 629 875 646 875 663 875 679 871 692 858 704 846 713 829 713 812 713 796 708 779 692 767L438 487 692 225C700 217 708 204 708 187 708 171 704 154 692 142 675 129 663 125 646 125Z\"><\/path><\/svg>\t\t\t\t\t<\/div>\n\t\t\t\t\t<div class=\"elementor-swiper-button elementor-swiper-button-next\" role=\"button\" tabindex=\"0\">\n\t\t\t\t\t\t<svg aria-hidden=\"true\" class=\"e-font-icon-svg e-eicon-chevron-right\" viewbox=\"0 0 1000 1000\" xmlns=\"http:\/\/www.w3.org\/2000\/svg\"><path d=\"M696 533C708 521 713 504 713 487 713 471 708 454 696 446L400 146C388 133 375 125 354 125 338 125 325 129 313 142 300 154 292 171 292 187 292 204 296 221 308 233L563 492 304 771C292 783 288 800 288 817 288 833 296 850 308 863 321 871 338 875 354 875 371 875 388 867 400 854L696 533Z\"><\/path><\/svg>\t\t\t\t\t<\/div>\n\t\t\t\t\n\t\t\t\t\t\t\t\t\t<div class=\"swiper-pagination\"><\/div>\n\t\t\t\t\t\t\t\t\t<\/div>\n\t\t\t\t\t\t<\/div>\n\t\t\t\t<div class=\"elementor-element elementor-element-d933c01 elementor-widget elementor-widget-heading\" data-id=\"d933c01\" data-element_type=\"widget\" data-widget_type=\"heading.default\">\n\t\t\t\t\t<h2 class=\"elementor-heading-title elementor-size-default\">Krem ve S\u0131v\u0131 Kar\u0131\u015ft\u0131rma Kazan\u0131n\u0131n Genel \u00d6zellikleri<\/h2>\t\t\t\t<\/div>\n\t\t\t\t<div class=\"elementor-element elementor-element-cf4db29 elementor-widget elementor-widget-spacer\" data-id=\"cf4db29\" data-element_type=\"widget\" data-widget_type=\"spacer.default\">\n\t\t\t\t\t\t\t<div class=\"elementor-spacer\">\n\t\t\t<div class=\"elementor-spacer-inner\"><\/div>\n\t\t<\/div>\n\t\t\t\t\t\t<\/div>\n\t\t\t\t<div class=\"elementor-element elementor-element-0017e06 elementor-widget elementor-widget-text-editor\" data-id=\"0017e06\" data-element_type=\"widget\" data-widget_type=\"text-editor.default\">\n\t\t\t\t\t\t\t\t\t<p>250 litre \u00fcr\u00fcn hacmine sahiptir.<br \/>Y\u00fcksek devirdeki kar\u0131\u015f\u0131mlarda 150-170 litre aras\u0131 \u00fcr\u00fcnler rahatl\u0131kla kar\u0131\u015ft\u0131r\u0131labilir. D\u00fc\u015f\u00fck devirdeki \u00fcretimlerde ise 200 litrelik \u00fcr\u00fcn sorunsuz olarak kar\u0131\u015ft\u0131r\u0131labilir.<br \/>S\u0131v\u0131, az yo\u011fun, \u00e7ok yo\u011fun \u00fcr\u00fcnlerin homojen bir \u015fekilde kar\u0131\u015ft\u0131r\u0131lmas\u0131nda kullan\u0131labilir. Homojenizat\u00f6r b\u0131\u00e7ak sayesinde krem, \u015fampuan, macun gibi y\u00fcksek yo\u011funlu\u011fa sahip \u00fcr\u00fcnlerde dahi homojen kar\u0131\u015f\u0131m sa\u011flar. G\u00fc\u00e7l\u00fc bir motora sahip olmas\u0131 homojen kar\u0131\u015f\u0131mlar i\u00e7in bir di\u011fer art\u0131d\u0131r.<br \/>RMX-SH250C \u00e7ift cidarl\u0131 krem ve s\u0131v\u0131 kar\u0131\u015ft\u0131rma kazan\u0131n\u0131n standart modellerin 1.5 Kw 1400 devir motor yer almaktad\u0131r.<br \/>Motor devir ayar\u0131 bulunmaktad\u0131r. Bu sayede farkl\u0131 a\u015famalardaki kar\u0131\u015f\u0131mlar\u0131n her devresinde farkl\u0131 devirde kar\u0131\u015f\u0131m yap\u0131labilmektedir.<br \/>Kar\u0131\u015ft\u0131r\u0131lan \u00fcr\u00fcn ile temas halinde olan noktalar anti-bakteriyel malzemeden \u00fcretilmi\u015ftir.<br \/>Makinan\u0131n ayaklar\u0131 yere sabitlenmese dahi orta yo\u011funlu\u011fa sahip \u00fcr\u00fcnlerde herhangi bir titreme olmaz. Ancak ayaklar\u0131nda sabitleme b\u00f6l\u00fcm\u00fc olan kar\u0131\u015ft\u0131r\u0131c\u0131n\u0131n yere sabitlenmesi tavsiye edilmektedir.<br \/>RMX-SH250C \u00e7ift cidarl\u0131 krem ve s\u0131v\u0131 kar\u0131\u015ft\u0131rma kazan\u0131n\u0131n \u00fcr\u00fcn bo\u015faltma a\u011f\u0131zlar\u0131, \u0131s\u0131tma ve so\u011futma cidarlar\u0131n\u0131n ba\u011flant\u0131lar\u0131 flan\u015fl\u0131 ferrule sistemine sahiptir. Flan\u015fl\u0131 ferrule sistemi sayesinde kar\u0131\u015ft\u0131r\u0131c\u0131n\u0131n par\u00e7alar\u0131 h\u0131zl\u0131 bir \u015fekilde monte ve demonte edilebilmektedir. Bu da makinan\u0131n bak\u0131m ve temizlik i\u015flerini son derece kolayla\u015ft\u0131rmaktad\u0131r.<br \/>Makinan\u0131n i\u00e7 \u00fcr\u00fcn cidar\u0131 3 mm, d\u0131\u015f \u0131s\u0131tma ve so\u011futma cidar\u0131 2 mm SUS 304 paslanmak \u00e7elikten imal edilmi\u015ftir.<br \/>Makinan\u0131n taban bombesinin a\u00e7\u0131s\u0131 \u00fcretim \u015feklinize g\u00f6re farkl\u0131 a\u00e7\u0131da \u00fcretilebilir.<br \/>Hem \u0131s\u0131tma hem de so\u011futma gerektiren \u00fcretimlerde rahatl\u0131kla kullan\u0131labilir. \u00d6rne\u011fin, krem \u00fcretimi i\u00e7in \u00f6nce \u0131s\u0131tma gerekliyse, kazan\u0131n \u0131s\u0131tma cidar\u0131na su doldurabilirsiniz. Sonras\u0131nda ise suyu tahliye edip yeni su doldurarak so\u011futabilirsiniz.<br \/>Makina g\u00f6vdesi son derece sa\u011flamd\u0131r ve d\u0131\u015f darbelere kar\u015f\u0131 son derece dayan\u0131kl\u0131d\u0131r.<br \/>RMX-SH250C \u00e7ift cidarl\u0131 krem ve s\u0131v\u0131 kar\u0131\u015ft\u0131rma kazan\u0131n\u0131n \u0131s\u0131tma sistemi su ya da ya\u011f ile \u00e7al\u0131\u015fmaya uygun olarak geli\u015ftirilmi\u015ftir. Is\u0131 ayar k\u0131sm\u0131n\u0131n kullan\u0131m\u0131 son derece basittir.<br \/>Makinan\u0131n elektrik panosunda kullan\u0131lan t\u00fcm \u015falt malzeme kaliteli ve ihtiyaca uygun malzemelerden \u00fcretilmi\u015ftir. Makinada yer alan t\u00fcm kontakt\u00f6rler Siemens ya da muadil markalardand\u0131r.<br \/>Makinan\u0131n \u0131s\u0131tma sistemi 220V tek faz, kar\u0131\u015ft\u0131rma sistemi 380V 3 fazd\u0131r.<br \/>%100 yerli \u00fcretimdir. Makinada yer alan \u015fanz\u0131man ve motor grubu da yerli \u00fcreticilerden tedarik edilmektedir.<br \/>Hem \u00fcretim esnas\u0131nda hem de \u00fcretimden sonra bir\u00e7ok mod\u00fcl eklenebilir. Bu sayede d\u00fc\u015f\u00fck viskositeli ve yo\u011fun viskositeli kar\u0131\u015ft\u0131rma sorunlar\u0131n\u0131za kar\u015f\u0131 ak\u0131lc\u0131 ve pratik \u00e7\u00f6z\u00fcmler sunar.<br \/>RMX-SH250C \u00e7ift cidarl\u0131 krem ve s\u0131v\u0131 kar\u0131\u015ft\u0131rma kazan\u0131 tam topraklanm\u0131\u015f g\u00f6vdeye sahiptir.<\/p>\t\t\t\t\t\t\t\t<\/div>\n\t\t\t\t\t\t<\/div>\r\n\t\t\t\t\r\n\t\t\t<\/div>\r\n\t\t\t\t\t\t<div class=\"elementor-element elementor-element-a13385a e-flex e-con-boxed e-con e-parent\" data-id=\"a13385a\" data-element_type=\"container\">\r\n\t\t\t\t\t\t\t<div class=\"e-con-inner\">\r\n\t\t\t\t\t\t<div class=\"elementor-element elementor-element-b674a10 elementor-widget elementor-widget-image-gallery\" data-id=\"b674a10\" data-element_type=\"widget\" data-widget_type=\"image-gallery.default\">\n\t\t\t\t\t\t\t<div class=\"elementor-image-gallery\">\n\t\t\t<div id='gallery-1' class='gallery galleryid-11967 gallery-columns-4 gallery-size-full'><figure class='gallery-item'>\n\t\t\t<div class='gallery-icon portrait'>\n\t\t\t\t<a data-elementor-open-lightbox=\"yes\" data-elementor-lightbox-slideshow=\"b674a10\" data-elementor-lightbox-title=\"001 (8)\" data-e-action-hash=\"#elementor-action%3Aaction%3Dlightbox%26settings%3DeyJpZCI6MTE5NzcsInVybCI6Imh0dHBzOlwvXC9haHJhbmdyb3VwLmNvbVwvd3AtY29udGVudFwvdXBsb2Fkc1wvMjAyNVwvMDZcLzAwMS04LTEud2VicCIsInNsaWRlc2hvdyI6ImI2NzRhMTAifQ%3D%3D\" href='https:\/\/ahrangroup.com\/wp-content\/uploads\/2025\/06\/001-8-1.webp'><img fetchpriority=\"high\" decoding=\"async\" width=\"900\" height=\"1600\" src=\"https:\/\/ahrangroup.com\/wp-content\/uploads\/2025\/06\/001-8-1.webp\" class=\"attachment-full size-full\" alt=\"\" srcset=\"https:\/\/ahrangroup.com\/wp-content\/uploads\/2025\/06\/001-8-1.webp 900w, https:\/\/ahrangroup.com\/wp-content\/uploads\/2025\/06\/001-8-1-576x1024.webp 576w, https:\/\/ahrangroup.com\/wp-content\/uploads\/2025\/06\/001-8-1-768x1365.webp 768w, https:\/\/ahrangroup.com\/wp-content\/uploads\/2025\/06\/001-8-1-864x1536.webp 864w\" sizes=\"(max-width: 900px) 100vw, 900px\" \/><\/a>\n\t\t\t<\/div><\/figure><figure class='gallery-item'>\n\t\t\t<div class='gallery-icon portrait'>\n\t\t\t\t<a data-elementor-open-lightbox=\"yes\" data-elementor-lightbox-slideshow=\"b674a10\" data-elementor-lightbox-title=\"001 (7)\" data-e-action-hash=\"#elementor-action%3Aaction%3Dlightbox%26settings%3DeyJpZCI6MTE5NzYsInVybCI6Imh0dHBzOlwvXC9haHJhbmdyb3VwLmNvbVwvd3AtY29udGVudFwvdXBsb2Fkc1wvMjAyNVwvMDZcLzAwMS03LTEud2VicCIsInNsaWRlc2hvdyI6ImI2NzRhMTAifQ%3D%3D\" href='https:\/\/ahrangroup.com\/wp-content\/uploads\/2025\/06\/001-7-1.webp'><img decoding=\"async\" width=\"900\" height=\"1600\" src=\"https:\/\/ahrangroup.com\/wp-content\/uploads\/2025\/06\/001-7-1.webp\" class=\"attachment-full size-full\" alt=\"\" srcset=\"https:\/\/ahrangroup.com\/wp-content\/uploads\/2025\/06\/001-7-1.webp 900w, https:\/\/ahrangroup.com\/wp-content\/uploads\/2025\/06\/001-7-1-576x1024.webp 576w, https:\/\/ahrangroup.com\/wp-content\/uploads\/2025\/06\/001-7-1-768x1365.webp 768w, https:\/\/ahrangroup.com\/wp-content\/uploads\/2025\/06\/001-7-1-864x1536.webp 864w\" sizes=\"(max-width: 900px) 100vw, 900px\" \/><\/a>\n\t\t\t<\/div><\/figure><figure class='gallery-item'>\n\t\t\t<div class='gallery-icon portrait'>\n\t\t\t\t<a data-elementor-open-lightbox=\"yes\" data-elementor-lightbox-slideshow=\"b674a10\" data-elementor-lightbox-title=\"001 (6)\" data-e-action-hash=\"#elementor-action%3Aaction%3Dlightbox%26settings%3DeyJpZCI6MTE5NzUsInVybCI6Imh0dHBzOlwvXC9haHJhbmdyb3VwLmNvbVwvd3AtY29udGVudFwvdXBsb2Fkc1wvMjAyNVwvMDZcLzAwMS02LTQud2VicCIsInNsaWRlc2hvdyI6ImI2NzRhMTAifQ%3D%3D\" href='https:\/\/ahrangroup.com\/wp-content\/uploads\/2025\/06\/001-6-4.webp'><img decoding=\"async\" width=\"900\" height=\"1600\" src=\"https:\/\/ahrangroup.com\/wp-content\/uploads\/2025\/06\/001-6-4.webp\" class=\"attachment-full size-full\" alt=\"\" srcset=\"https:\/\/ahrangroup.com\/wp-content\/uploads\/2025\/06\/001-6-4.webp 900w, https:\/\/ahrangroup.com\/wp-content\/uploads\/2025\/06\/001-6-4-576x1024.webp 576w, https:\/\/ahrangroup.com\/wp-content\/uploads\/2025\/06\/001-6-4-768x1365.webp 768w, https:\/\/ahrangroup.com\/wp-content\/uploads\/2025\/06\/001-6-4-864x1536.webp 864w\" sizes=\"(max-width: 900px) 100vw, 900px\" \/><\/a>\n\t\t\t<\/div><\/figure><figure class='gallery-item'>\n\t\t\t<div class='gallery-icon portrait'>\n\t\t\t\t<a data-elementor-open-lightbox=\"yes\" data-elementor-lightbox-slideshow=\"b674a10\" data-elementor-lightbox-title=\"001 (5)\" data-e-action-hash=\"#elementor-action%3Aaction%3Dlightbox%26settings%3DeyJpZCI6MTE5NzMsInVybCI6Imh0dHBzOlwvXC9haHJhbmdyb3VwLmNvbVwvd3AtY29udGVudFwvdXBsb2Fkc1wvMjAyNVwvMDZcLzAwMS01LTQtc2NhbGVkLndlYnAiLCJzbGlkZXNob3ciOiJiNjc0YTEwIn0%3D\" href='https:\/\/ahrangroup.com\/wp-content\/uploads\/2025\/06\/001-5-4-scaled.webp'><img loading=\"lazy\" decoding=\"async\" width=\"1440\" height=\"2560\" src=\"https:\/\/ahrangroup.com\/wp-content\/uploads\/2025\/06\/001-5-4-scaled.webp\" class=\"attachment-full size-full\" alt=\"\" srcset=\"https:\/\/ahrangroup.com\/wp-content\/uploads\/2025\/06\/001-5-4-scaled.webp 1440w, https:\/\/ahrangroup.com\/wp-content\/uploads\/2025\/06\/001-5-4-576x1024.webp 576w, https:\/\/ahrangroup.com\/wp-content\/uploads\/2025\/06\/001-5-4-768x1365.webp 768w, https:\/\/ahrangroup.com\/wp-content\/uploads\/2025\/06\/001-5-4-864x1536.webp 864w, https:\/\/ahrangroup.com\/wp-content\/uploads\/2025\/06\/001-5-4-1152x2048.webp 1152w\" sizes=\"(max-width: 1440px) 100vw, 1440px\" \/><\/a>\n\t\t\t<\/div><\/figure><figure class='gallery-item'>\n\t\t\t<div class='gallery-icon portrait'>\n\t\t\t\t<a data-elementor-open-lightbox=\"yes\" data-elementor-lightbox-slideshow=\"b674a10\" data-elementor-lightbox-title=\"001 (4)\" data-e-action-hash=\"#elementor-action%3Aaction%3Dlightbox%26settings%3DeyJpZCI6MTE5NzIsInVybCI6Imh0dHBzOlwvXC9haHJhbmdyb3VwLmNvbVwvd3AtY29udGVudFwvdXBsb2Fkc1wvMjAyNVwvMDZcLzAwMS00LTUtc2NhbGVkLndlYnAiLCJzbGlkZXNob3ciOiJiNjc0YTEwIn0%3D\" href='https:\/\/ahrangroup.com\/wp-content\/uploads\/2025\/06\/001-4-5-scaled.webp'><img loading=\"lazy\" decoding=\"async\" width=\"1440\" height=\"2560\" src=\"https:\/\/ahrangroup.com\/wp-content\/uploads\/2025\/06\/001-4-5-scaled.webp\" class=\"attachment-full size-full\" alt=\"\" srcset=\"https:\/\/ahrangroup.com\/wp-content\/uploads\/2025\/06\/001-4-5-scaled.webp 1440w, https:\/\/ahrangroup.com\/wp-content\/uploads\/2025\/06\/001-4-5-576x1024.webp 576w, https:\/\/ahrangroup.com\/wp-content\/uploads\/2025\/06\/001-4-5-768x1365.webp 768w, https:\/\/ahrangroup.com\/wp-content\/uploads\/2025\/06\/001-4-5-864x1536.webp 864w, https:\/\/ahrangroup.com\/wp-content\/uploads\/2025\/06\/001-4-5-1152x2048.webp 1152w\" sizes=\"(max-width: 1440px) 100vw, 1440px\" \/><\/a>\n\t\t\t<\/div><\/figure><figure class='gallery-item'>\n\t\t\t<div class='gallery-icon portrait'>\n\t\t\t\t<a data-elementor-open-lightbox=\"yes\" data-elementor-lightbox-slideshow=\"b674a10\" data-elementor-lightbox-title=\"001 (3)\" data-e-action-hash=\"#elementor-action%3Aaction%3Dlightbox%26settings%3DeyJpZCI6MTE5NzEsInVybCI6Imh0dHBzOlwvXC9haHJhbmdyb3VwLmNvbVwvd3AtY29udGVudFwvdXBsb2Fkc1wvMjAyNVwvMDZcLzAwMS0zLTUtc2NhbGVkLndlYnAiLCJzbGlkZXNob3ciOiJiNjc0YTEwIn0%3D\" href='https:\/\/ahrangroup.com\/wp-content\/uploads\/2025\/06\/001-3-5-scaled.webp'><img loading=\"lazy\" decoding=\"async\" width=\"1440\" height=\"2560\" src=\"https:\/\/ahrangroup.com\/wp-content\/uploads\/2025\/06\/001-3-5-scaled.webp\" class=\"attachment-full size-full\" alt=\"\" srcset=\"https:\/\/ahrangroup.com\/wp-content\/uploads\/2025\/06\/001-3-5-scaled.webp 1440w, https:\/\/ahrangroup.com\/wp-content\/uploads\/2025\/06\/001-3-5-576x1024.webp 576w, https:\/\/ahrangroup.com\/wp-content\/uploads\/2025\/06\/001-3-5-768x1365.webp 768w, https:\/\/ahrangroup.com\/wp-content\/uploads\/2025\/06\/001-3-5-864x1536.webp 864w, https:\/\/ahrangroup.com\/wp-content\/uploads\/2025\/06\/001-3-5-1152x2048.webp 1152w\" sizes=\"(max-width: 1440px) 100vw, 1440px\" \/><\/a>\n\t\t\t<\/div><\/figure><figure class='gallery-item'>\n\t\t\t<div class='gallery-icon portrait'>\n\t\t\t\t<a data-elementor-open-lightbox=\"yes\" data-elementor-lightbox-slideshow=\"b674a10\" data-elementor-lightbox-title=\"001 (2)\" data-e-action-hash=\"#elementor-action%3Aaction%3Dlightbox%26settings%3DeyJpZCI6MTE5NzAsInVybCI6Imh0dHBzOlwvXC9haHJhbmdyb3VwLmNvbVwvd3AtY29udGVudFwvdXBsb2Fkc1wvMjAyNVwvMDZcLzAwMS0yLTUtc2NhbGVkLndlYnAiLCJzbGlkZXNob3ciOiJiNjc0YTEwIn0%3D\" href='https:\/\/ahrangroup.com\/wp-content\/uploads\/2025\/06\/001-2-5-scaled.webp'><img loading=\"lazy\" decoding=\"async\" width=\"1440\" height=\"2560\" src=\"https:\/\/ahrangroup.com\/wp-content\/uploads\/2025\/06\/001-2-5-scaled.webp\" class=\"attachment-full size-full\" alt=\"\" srcset=\"https:\/\/ahrangroup.com\/wp-content\/uploads\/2025\/06\/001-2-5-scaled.webp 1440w, https:\/\/ahrangroup.com\/wp-content\/uploads\/2025\/06\/001-2-5-576x1024.webp 576w, https:\/\/ahrangroup.com\/wp-content\/uploads\/2025\/06\/001-2-5-768x1365.webp 768w, https:\/\/ahrangroup.com\/wp-content\/uploads\/2025\/06\/001-2-5-864x1536.webp 864w, https:\/\/ahrangroup.com\/wp-content\/uploads\/2025\/06\/001-2-5-1152x2048.webp 1152w\" sizes=\"(max-width: 1440px) 100vw, 1440px\" \/><\/a>\n\t\t\t<\/div><\/figure><figure class='gallery-item'>\n\t\t\t<div class='gallery-icon landscape'>\n\t\t\t\t<a data-elementor-open-lightbox=\"yes\" data-elementor-lightbox-slideshow=\"b674a10\" data-elementor-lightbox-title=\"001 (1)\" data-e-action-hash=\"#elementor-action%3Aaction%3Dlightbox%26settings%3DeyJpZCI6MTE5NjksInVybCI6Imh0dHBzOlwvXC9haHJhbmdyb3VwLmNvbVwvd3AtY29udGVudFwvdXBsb2Fkc1wvMjAyNVwvMDZcLzAwMS0xLTUud2VicCIsInNsaWRlc2hvdyI6ImI2NzRhMTAifQ%3D%3D\" href='https:\/\/ahrangroup.com\/wp-content\/uploads\/2025\/06\/001-1-5.webp'><img loading=\"lazy\" decoding=\"async\" width=\"640\" height=\"428\" src=\"https:\/\/ahrangroup.com\/wp-content\/uploads\/2025\/06\/001-1-5.webp\" class=\"attachment-full size-full\" alt=\"\" \/><\/a>\n\t\t\t<\/div><\/figure>\n\t\t<\/div>\n\t\t<\/div>\n\t\t\t\t\t\t<\/div>\n\t\t\t\t\t\t<\/div>\r\n\t\t\t\t\r\n\t\t\t<\/div>\r\n\t\t\t\t\t\t<div class=\"elementor-element elementor-element-975254a e-flex e-con-boxed e-con e-parent\" data-id=\"975254a\" data-element_type=\"container\">\r\n\t\t\t\t\t\t\t<div class=\"e-con-inner\">\r\n\t\t\t\t\t\t\t\t<\/div>\r\n\t\t\t\t\r\n\t\t\t<\/div>\r\n\t\t\t\t\t<\/div>","protected":false},"excerpt":{"rendered":"<p>Krem ve S\u0131v\u0131 Kar\u0131\u015ft\u0131rma Kazan\u0131n\u0131n Genel \u00d6zellikleri 250 litre \u00fcr\u00fcn hacmine sahiptir.Y\u00fcksek devirdeki kar\u0131\u015f\u0131mlarda 150-170 litre aras\u0131 \u00fcr\u00fcnler rahatl\u0131kla kar\u0131\u015ft\u0131r\u0131labilir. D\u00fc\u015f\u00fck devirdeki \u00fcretimlerde ise 200 litrelik \u00fcr\u00fcn sorunsuz olarak kar\u0131\u015ft\u0131r\u0131labilir.S\u0131v\u0131, az yo\u011fun, \u00e7ok yo\u011fun \u00fcr\u00fcnlerin homojen bir \u015fekilde kar\u0131\u015ft\u0131r\u0131lmas\u0131nda kullan\u0131labilir. Homojenizat\u00f6r b\u0131\u00e7ak sayesinde krem, \u015fampuan, macun gibi y\u00fcksek yo\u011funlu\u011fa sahip \u00fcr\u00fcnlerde dahi homojen kar\u0131\u015f\u0131m sa\u011flar. [&hellip;]<\/p>","protected":false},"author":1,"featured_media":0,"parent":0,"menu_order":0,"comment_status":"closed","ping_status":"closed","template":"","meta":{"_acf_changed":false,"footnotes":""},"class_list":["post-11967","page","type-page","status-publish","hentry"],"acf":[],"_links":{"self":[{"href":"https:\/\/ahrangroup.com\/en\/wp-json\/wp\/v2\/pages\/11967","targetHints":{"allow":["GET"]}}],"collection":[{"href":"https:\/\/ahrangroup.com\/en\/wp-json\/wp\/v2\/pages"}],"about":[{"href":"https:\/\/ahrangroup.com\/en\/wp-json\/wp\/v2\/types\/page"}],"author":[{"embeddable":true,"href":"https:\/\/ahrangroup.com\/en\/wp-json\/wp\/v2\/users\/1"}],"replies":[{"embeddable":true,"href":"https:\/\/ahrangroup.com\/en\/wp-json\/wp\/v2\/comments?post=11967"}],"version-history":[{"count":0,"href":"https:\/\/ahrangroup.com\/en\/wp-json\/wp\/v2\/pages\/11967\/revisions"}],"wp:attachment":[{"href":"https:\/\/ahrangroup.com\/en\/wp-json\/wp\/v2\/media?parent=11967"}],"curies":[{"name":"wp","href":"https:\/\/api.w.org\/{rel}","templated":true}]}}