{"id":11925,"date":"2025-06-02T12:58:21","date_gmt":"2025-06-02T09:58:21","guid":{"rendered":"https:\/\/ahrangroup.com\/?page_id=11925"},"modified":"2025-06-02T13:02:50","modified_gmt":"2025-06-02T10:02:50","slug":"konveyor-bantlar","status":"publish","type":"page","link":"https:\/\/ahrangroup.com\/en\/konveyor-bantlar\/","title":{"rendered":"Conveyor Belts"},"content":{"rendered":"<div data-elementor-type=\"wp-page\" data-elementor-id=\"11925\" class=\"elementor elementor-11925\">\n\t\t\t\t\t\t\t<div class=\"elementor-element elementor-element-ec4d6cf e-flex e-con-boxed e-con e-parent\" data-id=\"ec4d6cf\" data-element_type=\"container\">\r\n\t\t\t\t\t\t\t<div class=\"e-con-inner\">\r\n\t\t\t\t\t\t<div class=\"elementor-element elementor-element-ee7d562 elementor-arrows-position-inside elementor-pagination-position-outside elementor-widget elementor-widget-image-carousel\" data-id=\"ee7d562\" data-element_type=\"widget\" data-settings=\"{&quot;navigation&quot;:&quot;both&quot;,&quot;autoplay&quot;:&quot;yes&quot;,&quot;pause_on_hover&quot;:&quot;yes&quot;,&quot;pause_on_interaction&quot;:&quot;yes&quot;,&quot;autoplay_speed&quot;:5000,&quot;infinite&quot;:&quot;yes&quot;,&quot;speed&quot;:500}\" data-widget_type=\"image-carousel.default\">\n\t\t\t\t\t\t\t<div class=\"elementor-image-carousel-wrapper swiper\" role=\"region\" aria-roledescription=\"carousel\" aria-label=\"Resim D\u00f6ng\u00fcs\u00fc\" dir=\"ltr\">\n\t\t\t<div class=\"elementor-image-carousel swiper-wrapper swiper-image-stretch\" aria-live=\"off\">\n\t\t\t\t\t\t\t\t<div class=\"swiper-slide\" role=\"group\" aria-roledescription=\"slide\" aria-label=\"1 of 9\"><figure class=\"swiper-slide-inner\"><img decoding=\"async\" class=\"swiper-slide-image\" src=\"https:\/\/ahrangroup.com\/wp-content\/uploads\/2025\/06\/001-1-3-563x428.webp\" alt=\"001 (1)\" \/><\/figure><\/div><div class=\"swiper-slide\" role=\"group\" aria-roledescription=\"slide\" aria-label=\"2 of 9\"><figure class=\"swiper-slide-inner\"><img decoding=\"async\" class=\"swiper-slide-image\" src=\"https:\/\/ahrangroup.com\/wp-content\/uploads\/2025\/06\/001-2-3-563x563.webp\" alt=\"001 (2)\" \/><\/figure><\/div><div class=\"swiper-slide\" role=\"group\" aria-roledescription=\"slide\" aria-label=\"3 of 9\"><figure class=\"swiper-slide-inner\"><img decoding=\"async\" class=\"swiper-slide-image\" src=\"https:\/\/ahrangroup.com\/wp-content\/uploads\/2025\/06\/001-3-3-563x563.webp\" alt=\"001 (3)\" \/><\/figure><\/div><div class=\"swiper-slide\" role=\"group\" aria-roledescription=\"slide\" aria-label=\"4 of 9\"><figure class=\"swiper-slide-inner\"><img decoding=\"async\" class=\"swiper-slide-image\" src=\"https:\/\/ahrangroup.com\/wp-content\/uploads\/2025\/06\/001-4-3-563x563.webp\" alt=\"001 (4)\" \/><\/figure><\/div><div class=\"swiper-slide\" role=\"group\" aria-roledescription=\"slide\" aria-label=\"5 of 9\"><figure class=\"swiper-slide-inner\"><img decoding=\"async\" class=\"swiper-slide-image\" src=\"https:\/\/ahrangroup.com\/wp-content\/uploads\/2025\/06\/001-5-3-563x563.webp\" alt=\"001 (5)\" \/><\/figure><\/div><div class=\"swiper-slide\" role=\"group\" aria-roledescription=\"slide\" aria-label=\"6 of 9\"><figure class=\"swiper-slide-inner\"><img decoding=\"async\" class=\"swiper-slide-image\" src=\"https:\/\/ahrangroup.com\/wp-content\/uploads\/2025\/06\/001-6-3-563x563.webp\" alt=\"001 (6)\" \/><\/figure><\/div><div class=\"swiper-slide\" role=\"group\" aria-roledescription=\"slide\" aria-label=\"7 of 9\"><figure class=\"swiper-slide-inner\"><img decoding=\"async\" class=\"swiper-slide-image\" src=\"https:\/\/ahrangroup.com\/wp-content\/uploads\/2025\/06\/001-7-563x563.webp\" alt=\"001 (7)\" \/><\/figure><\/div><div class=\"swiper-slide\" role=\"group\" aria-roledescription=\"slide\" aria-label=\"8 of 9\"><figure class=\"swiper-slide-inner\"><img decoding=\"async\" class=\"swiper-slide-image\" src=\"https:\/\/ahrangroup.com\/wp-content\/uploads\/2025\/06\/001-8-563x563.webp\" alt=\"001 (8)\" \/><\/figure><\/div><div class=\"swiper-slide\" role=\"group\" aria-roledescription=\"slide\" aria-label=\"9 of 9\"><figure class=\"swiper-slide-inner\"><img decoding=\"async\" class=\"swiper-slide-image\" src=\"https:\/\/ahrangroup.com\/wp-content\/uploads\/2025\/06\/001-9-563x563.webp\" alt=\"001 (9)\" \/><\/figure><\/div>\t\t\t<\/div>\n\t\t\t\t\t\t\t\t\t\t\t\t<div class=\"elementor-swiper-button elementor-swiper-button-prev\" role=\"button\" tabindex=\"0\">\n\t\t\t\t\t\t<svg aria-hidden=\"true\" class=\"e-font-icon-svg e-eicon-chevron-left\" viewbox=\"0 0 1000 1000\" xmlns=\"http:\/\/www.w3.org\/2000\/svg\"><path d=\"M646 125C629 125 613 133 604 142L308 442C296 454 292 471 292 487 292 504 296 521 308 533L604 854C617 867 629 875 646 875 663 875 679 871 692 858 704 846 713 829 713 812 713 796 708 779 692 767L438 487 692 225C700 217 708 204 708 187 708 171 704 154 692 142 675 129 663 125 646 125Z\"><\/path><\/svg>\t\t\t\t\t<\/div>\n\t\t\t\t\t<div class=\"elementor-swiper-button elementor-swiper-button-next\" role=\"button\" tabindex=\"0\">\n\t\t\t\t\t\t<svg aria-hidden=\"true\" class=\"e-font-icon-svg e-eicon-chevron-right\" viewbox=\"0 0 1000 1000\" xmlns=\"http:\/\/www.w3.org\/2000\/svg\"><path d=\"M696 533C708 521 713 504 713 487 713 471 708 454 696 446L400 146C388 133 375 125 354 125 338 125 325 129 313 142 300 154 292 171 292 187 292 204 296 221 308 233L563 492 304 771C292 783 288 800 288 817 288 833 296 850 308 863 321 871 338 875 354 875 371 875 388 867 400 854L696 533Z\"><\/path><\/svg>\t\t\t\t\t<\/div>\n\t\t\t\t\n\t\t\t\t\t\t\t\t\t<div class=\"swiper-pagination\"><\/div>\n\t\t\t\t\t\t\t\t\t<\/div>\n\t\t\t\t\t\t<\/div>\n\t\t\t\t<div class=\"elementor-element elementor-element-d933c01 elementor-widget elementor-widget-heading\" data-id=\"d933c01\" data-element_type=\"widget\" data-widget_type=\"heading.default\">\n\t\t\t\t\t<h2 class=\"elementor-heading-title elementor-size-default\">Y\u00fckleme Band\u0131<\/h2>\t\t\t\t<\/div>\n\t\t\t\t<div class=\"elementor-element elementor-element-cf4db29 elementor-widget elementor-widget-spacer\" data-id=\"cf4db29\" data-element_type=\"widget\" data-widget_type=\"spacer.default\">\n\t\t\t\t\t\t\t<div class=\"elementor-spacer\">\n\t\t\t<div class=\"elementor-spacer-inner\"><\/div>\n\t\t<\/div>\n\t\t\t\t\t\t<\/div>\n\t\t\t\t<div class=\"elementor-element elementor-element-0017e06 elementor-widget elementor-widget-text-editor\" data-id=\"0017e06\" data-element_type=\"widget\" data-widget_type=\"text-editor.default\">\n\t\t\t\t\t\t\t\t\t<p>Y\u00fckleme band\u0131, malzemeleri bir noktadan di\u011ferine ta\u015f\u0131mak i\u00e7in kullan\u0131lan bir konvey\u00f6r sistemidir. Genellikle \u00e7uvallar, kutular, paketler, \u00e7ak\u0131l, kum ve yem gibi \u00fcr\u00fcnlerin ara\u00e7lara veya depolara y\u00fcklenmesi i\u00e7in tercih edilir.<\/p><p>Bu sistem, palanga mekanizmas\u0131 sayesinde y\u00fckseklik ayarlanabilir \u015fekilde tasarlan\u0131r. 8, 10 ve 12 metre gibi farkl\u0131 uzunluklarda \u00fcretilebilir ve trifaze veya monofaze elektrik motorlar\u0131yla \u00e7al\u0131\u015fabilir.<\/p>\t\t\t\t\t\t\t\t<\/div>\n\t\t\t\t\t\t<\/div>\r\n\t\t\t\t\r\n\t\t\t<\/div>\r\n\t\t\t\t\t\t<div class=\"elementor-element elementor-element-a13385a e-flex e-con-boxed e-con e-parent\" data-id=\"a13385a\" data-element_type=\"container\">\r\n\t\t\t\t\t\t\t<div class=\"e-con-inner\">\r\n\t\t\t\t\t\t<div class=\"elementor-element elementor-element-b674a10 elementor-widget elementor-widget-image-gallery\" data-id=\"b674a10\" data-element_type=\"widget\" data-widget_type=\"image-gallery.default\">\n\t\t\t\t\t\t\t<div class=\"elementor-image-gallery\">\n\t\t\t\t\t<\/div>\n\t\t\t\t\t\t<\/div>\n\t\t\t\t\t\t<\/div>\r\n\t\t\t\t\r\n\t\t\t<\/div>\r\n\t\t\t\t\t\t<div class=\"elementor-element elementor-element-975254a e-flex e-con-boxed e-con e-parent\" data-id=\"975254a\" data-element_type=\"container\">\r\n\t\t\t\t\t\t\t<div class=\"e-con-inner\">\r\n\t\t\t\t\t\t\t\t<\/div>\r\n\t\t\t\t\r\n\t\t\t<\/div>\r\n\t\t\t\t\t<\/div>","protected":false},"excerpt":{"rendered":"<p>Y\u00fckleme Band\u0131 Y\u00fckleme band\u0131, malzemeleri bir noktadan di\u011ferine ta\u015f\u0131mak i\u00e7in kullan\u0131lan bir konvey\u00f6r sistemidir. Genellikle \u00e7uvallar, kutular, paketler, \u00e7ak\u0131l, kum ve yem gibi \u00fcr\u00fcnlerin ara\u00e7lara veya depolara y\u00fcklenmesi i\u00e7in tercih edilir. Bu sistem, palanga mekanizmas\u0131 sayesinde y\u00fckseklik ayarlanabilir \u015fekilde tasarlan\u0131r. 8, 10 ve 12 metre gibi farkl\u0131 uzunluklarda \u00fcretilebilir ve trifaze veya monofaze elektrik motorlar\u0131yla [&hellip;]<\/p>","protected":false},"author":1,"featured_media":0,"parent":0,"menu_order":0,"comment_status":"closed","ping_status":"closed","template":"","meta":{"_acf_changed":false,"footnotes":""},"class_list":["post-11925","page","type-page","status-publish","hentry"],"acf":[],"_links":{"self":[{"href":"https:\/\/ahrangroup.com\/en\/wp-json\/wp\/v2\/pages\/11925","targetHints":{"allow":["GET"]}}],"collection":[{"href":"https:\/\/ahrangroup.com\/en\/wp-json\/wp\/v2\/pages"}],"about":[{"href":"https:\/\/ahrangroup.com\/en\/wp-json\/wp\/v2\/types\/page"}],"author":[{"embeddable":true,"href":"https:\/\/ahrangroup.com\/en\/wp-json\/wp\/v2\/users\/1"}],"replies":[{"embeddable":true,"href":"https:\/\/ahrangroup.com\/en\/wp-json\/wp\/v2\/comments?post=11925"}],"version-history":[{"count":0,"href":"https:\/\/ahrangroup.com\/en\/wp-json\/wp\/v2\/pages\/11925\/revisions"}],"wp:attachment":[{"href":"https:\/\/ahrangroup.com\/en\/wp-json\/wp\/v2\/media?parent=11925"}],"curies":[{"name":"wp","href":"https:\/\/api.w.org\/{rel}","templated":true}]}}