{"id":11910,"date":"2025-06-02T11:38:40","date_gmt":"2025-06-02T08:38:40","guid":{"rendered":"https:\/\/ahrangroup.com\/?page_id=11910"},"modified":"2025-06-02T11:50:26","modified_gmt":"2025-06-02T08:50:26","slug":"jel-tup-dolum-makinasi","status":"publish","type":"page","link":"https:\/\/ahrangroup.com\/en\/jel-tup-dolum-makinasi\/","title":{"rendered":"Gel Tube Filling Machine"},"content":{"rendered":"<div data-elementor-type=\"wp-page\" data-elementor-id=\"11910\" class=\"elementor elementor-11910\">\n\t\t\t\t\t\t\t<div class=\"elementor-element elementor-element-ec4d6cf e-flex e-con-boxed e-con e-parent\" data-id=\"ec4d6cf\" data-element_type=\"container\">\r\n\t\t\t\t\t\t\t<div class=\"e-con-inner\">\r\n\t\t\t\t\t\t<div class=\"elementor-element elementor-element-ee7d562 elementor-arrows-position-inside elementor-pagination-position-outside elementor-widget elementor-widget-image-carousel\" data-id=\"ee7d562\" data-element_type=\"widget\" data-settings=\"{&quot;navigation&quot;:&quot;both&quot;,&quot;autoplay&quot;:&quot;yes&quot;,&quot;pause_on_hover&quot;:&quot;yes&quot;,&quot;pause_on_interaction&quot;:&quot;yes&quot;,&quot;autoplay_speed&quot;:5000,&quot;infinite&quot;:&quot;yes&quot;,&quot;speed&quot;:500}\" data-widget_type=\"image-carousel.default\">\n\t\t\t\t\t\t\t<div class=\"elementor-image-carousel-wrapper swiper\" role=\"region\" aria-roledescription=\"carousel\" aria-label=\"Resim D\u00f6ng\u00fcs\u00fc\" dir=\"ltr\">\n\t\t\t<div class=\"elementor-image-carousel swiper-wrapper swiper-image-stretch\" aria-live=\"off\">\n\t\t\t\t\t\t\t\t<div class=\"swiper-slide\" role=\"group\" aria-roledescription=\"slide\" aria-label=\"1 of 6\" data-no-translation-aria-label=\"\"><figure class=\"swiper-slide-inner\"><img decoding=\"async\" class=\"swiper-slide-image\" src=\"https:\/\/ahrangroup.com\/wp-content\/uploads\/2025\/06\/001-1-2-563x428.webp\" alt=\"001 (1)\" \/><\/figure><\/div><div class=\"swiper-slide\" role=\"group\" aria-roledescription=\"slide\" aria-label=\"2 of 6\" data-no-translation-aria-label=\"\"><figure class=\"swiper-slide-inner\"><img decoding=\"async\" class=\"swiper-slide-image\" src=\"https:\/\/ahrangroup.com\/wp-content\/uploads\/2025\/06\/001-2-2-563x563.webp\" alt=\"001 (2)\" \/><\/figure><\/div><div class=\"swiper-slide\" role=\"group\" aria-roledescription=\"slide\" aria-label=\"3 of 6\" data-no-translation-aria-label=\"\"><figure class=\"swiper-slide-inner\"><img decoding=\"async\" class=\"swiper-slide-image\" src=\"https:\/\/ahrangroup.com\/wp-content\/uploads\/2025\/06\/001-3-2-563x563.webp\" alt=\"001 (3)\" \/><\/figure><\/div><div class=\"swiper-slide\" role=\"group\" aria-roledescription=\"slide\" aria-label=\"4 of 6\" data-no-translation-aria-label=\"\"><figure class=\"swiper-slide-inner\"><img decoding=\"async\" class=\"swiper-slide-image\" src=\"https:\/\/ahrangroup.com\/wp-content\/uploads\/2025\/06\/001-4-2-563x563.webp\" alt=\"001 (4)\" \/><\/figure><\/div><div class=\"swiper-slide\" role=\"group\" aria-roledescription=\"slide\" aria-label=\"5 of 6\" data-no-translation-aria-label=\"\"><figure class=\"swiper-slide-inner\"><img decoding=\"async\" class=\"swiper-slide-image\" src=\"https:\/\/ahrangroup.com\/wp-content\/uploads\/2025\/06\/001-5-2-563x563.webp\" alt=\"001 (5)\" \/><\/figure><\/div><div class=\"swiper-slide\" role=\"group\" aria-roledescription=\"slide\" aria-label=\"6 of 6\" data-no-translation-aria-label=\"\"><figure class=\"swiper-slide-inner\"><img decoding=\"async\" class=\"swiper-slide-image\" src=\"https:\/\/ahrangroup.com\/wp-content\/uploads\/2025\/06\/001-6-2-563x563.webp\" alt=\"001 (6)\" \/><\/figure><\/div>\t\t\t<\/div>\n\t\t\t\t\t\t\t\t\t\t\t\t<div class=\"elementor-swiper-button elementor-swiper-button-prev\" role=\"button\" tabindex=\"0\">\n\t\t\t\t\t\t<svg aria-hidden=\"true\" class=\"e-font-icon-svg e-eicon-chevron-left\" viewbox=\"0 0 1000 1000\" xmlns=\"http:\/\/www.w3.org\/2000\/svg\"><path d=\"M646 125C629 125 613 133 604 142L308 442C296 454 292 471 292 487 292 504 296 521 308 533L604 854C617 867 629 875 646 875 663 875 679 871 692 858 704 846 713 829 713 812 713 796 708 779 692 767L438 487 692 225C700 217 708 204 708 187 708 171 704 154 692 142 675 129 663 125 646 125Z\"><\/path><\/svg>\t\t\t\t\t<\/div>\n\t\t\t\t\t<div class=\"elementor-swiper-button elementor-swiper-button-next\" role=\"button\" tabindex=\"0\">\n\t\t\t\t\t\t<svg aria-hidden=\"true\" class=\"e-font-icon-svg e-eicon-chevron-right\" viewbox=\"0 0 1000 1000\" xmlns=\"http:\/\/www.w3.org\/2000\/svg\"><path d=\"M696 533C708 521 713 504 713 487 713 471 708 454 696 446L400 146C388 133 375 125 354 125 338 125 325 129 313 142 300 154 292 171 292 187 292 204 296 221 308 233L563 492 304 771C292 783 288 800 288 817 288 833 296 850 308 863 321 871 338 875 354 875 371 875 388 867 400 854L696 533Z\"><\/path><\/svg>\t\t\t\t\t<\/div>\n\t\t\t\t\n\t\t\t\t\t\t\t\t\t<div class=\"swiper-pagination\"><\/div>\n\t\t\t\t\t\t\t\t\t<\/div>\n\t\t\t\t\t\t<\/div>\n\t\t\t\t<div class=\"elementor-element elementor-element-d933c01 elementor-widget elementor-widget-heading\" data-id=\"d933c01\" data-element_type=\"widget\" data-widget_type=\"heading.default\">\n\t\t\t\t\t<h2 class=\"elementor-heading-title elementor-size-default\">Ultrasonic T\u00fcp Dolum ve Kapatma Makinas\u0131<\/h2>\t\t\t\t<\/div>\n\t\t\t\t<div class=\"elementor-element elementor-element-cf4db29 elementor-widget elementor-widget-spacer\" data-id=\"cf4db29\" data-element_type=\"widget\" data-widget_type=\"spacer.default\">\n\t\t\t\t\t\t\t<div class=\"elementor-spacer\">\n\t\t\t<div class=\"elementor-spacer-inner\"><\/div>\n\t\t<\/div>\n\t\t\t\t\t\t<\/div>\n\t\t\t\t<div class=\"elementor-element elementor-element-0017e06 elementor-widget elementor-widget-text-editor\" data-id=\"0017e06\" data-element_type=\"widget\" data-widget_type=\"text-editor.default\">\n\t\t\t\t\t\t\t\t\t<p>Lamine T\u00fcp Dolum Makinas\u0131, kozmetik, ila\u00e7, g\u0131da ve benzeri sekt\u00f6rlerde kullan\u0131lan bir cihazd\u0131r. Bu makina, lamine t\u00fcplerin i\u00e7ine \u00fcr\u00fcnlerin dolumunu yaparak, ambalajlama s\u00fcrecini otomatikle\u015ftirir.<\/p><p>Lamine t\u00fcpler, genellikle krem, jel, merhem, di\u015f macunu gibi \u00fcr\u00fcnlerin paketlenmesinde kullan\u0131lan esnek ve dayan\u0131kl\u0131 bir ambalaj t\u00fcr\u00fcd\u00fcr. Lamine T\u00fcp Dolum Makinas\u0131, bu t\u00fcplerin i\u00e7ine belirlenen miktarlarda \u00fcr\u00fcn doldurarak, son kullan\u0131c\u0131ya haz\u0131r hale getirir.<\/p>\t\t\t\t\t\t\t\t<\/div>\n\t\t\t\t\t\t<\/div>\r\n\t\t\t\t\r\n\t\t\t<\/div>\r\n\t\t\t\t\t\t<div class=\"elementor-element elementor-element-a13385a e-flex e-con-boxed e-con e-parent\" data-id=\"a13385a\" data-element_type=\"container\">\r\n\t\t\t\t\t\t\t<div class=\"e-con-inner\">\r\n\t\t\t\t\t\t<div class=\"elementor-element elementor-element-b674a10 elementor-widget elementor-widget-image-gallery\" data-id=\"b674a10\" data-element_type=\"widget\" data-widget_type=\"image-gallery.default\">\n\t\t\t\t\t\t\t<div class=\"elementor-image-gallery\">\n\t\t\t<div id='gallery-1' class='gallery galleryid-11910 gallery-columns-4 gallery-size-full'><figure class='gallery-item'>\n\t\t\t<div class='gallery-icon portrait'>\n\t\t\t\t<a data-elementor-open-lightbox=\"yes\" data-elementor-lightbox-slideshow=\"b674a10\" data-elementor-lightbox-title=\"001 (6)\" data-e-action-hash=\"#elementor-action%3Aaction%3Dlightbox%26settings%3DeyJpZCI6MTE5MTcsInVybCI6Imh0dHBzOlwvXC9haHJhbmdyb3VwLmNvbVwvd3AtY29udGVudFwvdXBsb2Fkc1wvMjAyNVwvMDZcLzAwMS02LTIud2VicCIsInNsaWRlc2hvdyI6ImI2NzRhMTAifQ%3D%3D\" href='https:\/\/ahrangroup.com\/wp-content\/uploads\/2025\/06\/001-6-2.webp'><img fetchpriority=\"high\" decoding=\"async\" width=\"900\" height=\"1600\" src=\"https:\/\/ahrangroup.com\/wp-content\/uploads\/2025\/06\/001-6-2.webp\" class=\"attachment-full size-full\" alt=\"\" srcset=\"https:\/\/ahrangroup.com\/wp-content\/uploads\/2025\/06\/001-6-2.webp 900w, https:\/\/ahrangroup.com\/wp-content\/uploads\/2025\/06\/001-6-2-576x1024.webp 576w, https:\/\/ahrangroup.com\/wp-content\/uploads\/2025\/06\/001-6-2-768x1365.webp 768w, https:\/\/ahrangroup.com\/wp-content\/uploads\/2025\/06\/001-6-2-864x1536.webp 864w\" sizes=\"(max-width: 900px) 100vw, 900px\" \/><\/a>\n\t\t\t<\/div><\/figure><figure class='gallery-item'>\n\t\t\t<div class='gallery-icon portrait'>\n\t\t\t\t<a data-elementor-open-lightbox=\"yes\" data-elementor-lightbox-slideshow=\"b674a10\" data-elementor-lightbox-title=\"001 (5)\" data-e-action-hash=\"#elementor-action%3Aaction%3Dlightbox%26settings%3DeyJpZCI6MTE5MTYsInVybCI6Imh0dHBzOlwvXC9haHJhbmdyb3VwLmNvbVwvd3AtY29udGVudFwvdXBsb2Fkc1wvMjAyNVwvMDZcLzAwMS01LTIud2VicCIsInNsaWRlc2hvdyI6ImI2NzRhMTAifQ%3D%3D\" href='https:\/\/ahrangroup.com\/wp-content\/uploads\/2025\/06\/001-5-2.webp'><img decoding=\"async\" width=\"900\" height=\"1600\" src=\"https:\/\/ahrangroup.com\/wp-content\/uploads\/2025\/06\/001-5-2.webp\" class=\"attachment-full size-full\" alt=\"\" srcset=\"https:\/\/ahrangroup.com\/wp-content\/uploads\/2025\/06\/001-5-2.webp 900w, https:\/\/ahrangroup.com\/wp-content\/uploads\/2025\/06\/001-5-2-576x1024.webp 576w, https:\/\/ahrangroup.com\/wp-content\/uploads\/2025\/06\/001-5-2-768x1365.webp 768w, https:\/\/ahrangroup.com\/wp-content\/uploads\/2025\/06\/001-5-2-864x1536.webp 864w\" sizes=\"(max-width: 900px) 100vw, 900px\" \/><\/a>\n\t\t\t<\/div><\/figure><figure class='gallery-item'>\n\t\t\t<div class='gallery-icon landscape'>\n\t\t\t\t<a data-elementor-open-lightbox=\"yes\" data-elementor-lightbox-slideshow=\"b674a10\" data-elementor-lightbox-title=\"001 (4)\" data-e-action-hash=\"#elementor-action%3Aaction%3Dlightbox%26settings%3DeyJpZCI6MTE5MTUsInVybCI6Imh0dHBzOlwvXC9haHJhbmdyb3VwLmNvbVwvd3AtY29udGVudFwvdXBsb2Fkc1wvMjAyNVwvMDZcLzAwMS00LTIud2VicCIsInNsaWRlc2hvdyI6ImI2NzRhMTAifQ%3D%3D\" href='https:\/\/ahrangroup.com\/wp-content\/uploads\/2025\/06\/001-4-2.webp'><img decoding=\"async\" width=\"1600\" height=\"900\" src=\"https:\/\/ahrangroup.com\/wp-content\/uploads\/2025\/06\/001-4-2.webp\" class=\"attachment-full size-full\" alt=\"\" srcset=\"https:\/\/ahrangroup.com\/wp-content\/uploads\/2025\/06\/001-4-2.webp 1600w, https:\/\/ahrangroup.com\/wp-content\/uploads\/2025\/06\/001-4-2-1024x576.webp 1024w, https:\/\/ahrangroup.com\/wp-content\/uploads\/2025\/06\/001-4-2-768x432.webp 768w, https:\/\/ahrangroup.com\/wp-content\/uploads\/2025\/06\/001-4-2-1536x864.webp 1536w, https:\/\/ahrangroup.com\/wp-content\/uploads\/2025\/06\/001-4-2-780x440.webp 780w\" sizes=\"(max-width: 1600px) 100vw, 1600px\" \/><\/a>\n\t\t\t<\/div><\/figure><figure class='gallery-item'>\n\t\t\t<div class='gallery-icon portrait'>\n\t\t\t\t<a data-elementor-open-lightbox=\"yes\" data-elementor-lightbox-slideshow=\"b674a10\" data-elementor-lightbox-title=\"001 (3)\" data-e-action-hash=\"#elementor-action%3Aaction%3Dlightbox%26settings%3DeyJpZCI6MTE5MTQsInVybCI6Imh0dHBzOlwvXC9haHJhbmdyb3VwLmNvbVwvd3AtY29udGVudFwvdXBsb2Fkc1wvMjAyNVwvMDZcLzAwMS0zLTIud2VicCIsInNsaWRlc2hvdyI6ImI2NzRhMTAifQ%3D%3D\" href='https:\/\/ahrangroup.com\/wp-content\/uploads\/2025\/06\/001-3-2.webp'><img loading=\"lazy\" decoding=\"async\" width=\"900\" height=\"1600\" src=\"https:\/\/ahrangroup.com\/wp-content\/uploads\/2025\/06\/001-3-2.webp\" class=\"attachment-full size-full\" alt=\"\" srcset=\"https:\/\/ahrangroup.com\/wp-content\/uploads\/2025\/06\/001-3-2.webp 900w, https:\/\/ahrangroup.com\/wp-content\/uploads\/2025\/06\/001-3-2-576x1024.webp 576w, https:\/\/ahrangroup.com\/wp-content\/uploads\/2025\/06\/001-3-2-768x1365.webp 768w, https:\/\/ahrangroup.com\/wp-content\/uploads\/2025\/06\/001-3-2-864x1536.webp 864w\" sizes=\"(max-width: 900px) 100vw, 900px\" \/><\/a>\n\t\t\t<\/div><\/figure><figure class='gallery-item'>\n\t\t\t<div class='gallery-icon landscape'>\n\t\t\t\t<a data-elementor-open-lightbox=\"yes\" data-elementor-lightbox-slideshow=\"b674a10\" data-elementor-lightbox-title=\"001 (2)\" data-e-action-hash=\"#elementor-action%3Aaction%3Dlightbox%26settings%3DeyJpZCI6MTE5MTMsInVybCI6Imh0dHBzOlwvXC9haHJhbmdyb3VwLmNvbVwvd3AtY29udGVudFwvdXBsb2Fkc1wvMjAyNVwvMDZcLzAwMS0yLTItc2NhbGVkLndlYnAiLCJzbGlkZXNob3ciOiJiNjc0YTEwIn0%3D\" href='https:\/\/ahrangroup.com\/wp-content\/uploads\/2025\/06\/001-2-2-scaled.webp'><img loading=\"lazy\" decoding=\"async\" width=\"2560\" height=\"1440\" src=\"https:\/\/ahrangroup.com\/wp-content\/uploads\/2025\/06\/001-2-2-scaled.webp\" class=\"attachment-full size-full\" alt=\"\" srcset=\"https:\/\/ahrangroup.com\/wp-content\/uploads\/2025\/06\/001-2-2-scaled.webp 2560w, https:\/\/ahrangroup.com\/wp-content\/uploads\/2025\/06\/001-2-2-1024x576.webp 1024w, https:\/\/ahrangroup.com\/wp-content\/uploads\/2025\/06\/001-2-2-768x432.webp 768w, https:\/\/ahrangroup.com\/wp-content\/uploads\/2025\/06\/001-2-2-1536x864.webp 1536w, https:\/\/ahrangroup.com\/wp-content\/uploads\/2025\/06\/001-2-2-2048x1152.webp 2048w, https:\/\/ahrangroup.com\/wp-content\/uploads\/2025\/06\/001-2-2-780x440.webp 780w\" sizes=\"(max-width: 2560px) 100vw, 2560px\" \/><\/a>\n\t\t\t<\/div><\/figure><figure class='gallery-item'>\n\t\t\t<div class='gallery-icon landscape'>\n\t\t\t\t<a data-elementor-open-lightbox=\"yes\" data-elementor-lightbox-slideshow=\"b674a10\" data-elementor-lightbox-title=\"001 (1)\" data-e-action-hash=\"#elementor-action%3Aaction%3Dlightbox%26settings%3DeyJpZCI6MTE5MTIsInVybCI6Imh0dHBzOlwvXC9haHJhbmdyb3VwLmNvbVwvd3AtY29udGVudFwvdXBsb2Fkc1wvMjAyNVwvMDZcLzAwMS0xLTIud2VicCIsInNsaWRlc2hvdyI6ImI2NzRhMTAifQ%3D%3D\" href='https:\/\/ahrangroup.com\/wp-content\/uploads\/2025\/06\/001-1-2.webp'><img loading=\"lazy\" decoding=\"async\" width=\"640\" height=\"428\" src=\"https:\/\/ahrangroup.com\/wp-content\/uploads\/2025\/06\/001-1-2.webp\" class=\"attachment-full size-full\" alt=\"\" \/><\/a>\n\t\t\t<\/div><\/figure>\n\t\t<\/div>\n\t\t<\/div>\n\t\t\t\t\t\t<\/div>\n\t\t\t\t\t\t<\/div>\r\n\t\t\t\t\r\n\t\t\t<\/div>\r\n\t\t\t\t\t\t<div class=\"elementor-element elementor-element-975254a e-flex e-con-boxed e-con e-parent\" data-id=\"975254a\" data-element_type=\"container\">\r\n\t\t\t\t\t\t\t<div class=\"e-con-inner\">\r\n\t\t\t\t\t\t\t\t<\/div>\r\n\t\t\t\t\r\n\t\t\t<\/div>\r\n\t\t\t\t\t<\/div>","protected":false},"excerpt":{"rendered":"<p>Ultrasonic T\u00fcp Dolum ve Kapatma Makinas\u0131 Lamine T\u00fcp Dolum Makinas\u0131, kozmetik, ila\u00e7, g\u0131da ve benzeri sekt\u00f6rlerde kullan\u0131lan bir cihazd\u0131r. Bu makina, lamine t\u00fcplerin i\u00e7ine \u00fcr\u00fcnlerin dolumunu yaparak, ambalajlama s\u00fcrecini otomatikle\u015ftirir. Lamine t\u00fcpler, genellikle krem, jel, merhem, di\u015f macunu gibi \u00fcr\u00fcnlerin paketlenmesinde kullan\u0131lan esnek ve dayan\u0131kl\u0131 bir ambalaj t\u00fcr\u00fcd\u00fcr. Lamine T\u00fcp Dolum Makinas\u0131, bu t\u00fcplerin i\u00e7ine [&hellip;]<\/p>","protected":false},"author":1,"featured_media":0,"parent":0,"menu_order":0,"comment_status":"closed","ping_status":"closed","template":"","meta":{"_acf_changed":false,"footnotes":""},"class_list":["post-11910","page","type-page","status-publish","hentry"],"acf":[],"_links":{"self":[{"href":"https:\/\/ahrangroup.com\/en\/wp-json\/wp\/v2\/pages\/11910","targetHints":{"allow":["GET"]}}],"collection":[{"href":"https:\/\/ahrangroup.com\/en\/wp-json\/wp\/v2\/pages"}],"about":[{"href":"https:\/\/ahrangroup.com\/en\/wp-json\/wp\/v2\/types\/page"}],"author":[{"embeddable":true,"href":"https:\/\/ahrangroup.com\/en\/wp-json\/wp\/v2\/users\/1"}],"replies":[{"embeddable":true,"href":"https:\/\/ahrangroup.com\/en\/wp-json\/wp\/v2\/comments?post=11910"}],"version-history":[{"count":0,"href":"https:\/\/ahrangroup.com\/en\/wp-json\/wp\/v2\/pages\/11910\/revisions"}],"wp:attachment":[{"href":"https:\/\/ahrangroup.com\/en\/wp-json\/wp\/v2\/media?parent=11910"}],"curies":[{"name":"wp","href":"https:\/\/api.w.org\/{rel}","templated":true}]}}