{"id":11854,"date":"2025-06-02T10:29:29","date_gmt":"2025-06-02T07:29:29","guid":{"rendered":"https:\/\/ahrangroup.com\/?page_id=11854"},"modified":"2025-06-02T10:44:31","modified_gmt":"2025-06-02T07:44:31","slug":"gdx-kedi-kumu-bentonit-geri-kazanim-sistemi","status":"publish","type":"page","link":"https:\/\/ahrangroup.com\/en\/gdx-kedi-kumu-bentonit-geri-kazanim-sistemi\/","title":{"rendered":"Gdx Kedi Kumu (Bentonit) Geri Kazan\u0131m Sistemi"},"content":{"rendered":"<div data-elementor-type=\"wp-page\" data-elementor-id=\"11854\" class=\"elementor elementor-11854\">\n\t\t\t\t\t\t\t<div class=\"elementor-element elementor-element-ec4d6cf e-flex e-con-boxed e-con e-parent\" data-id=\"ec4d6cf\" data-element_type=\"container\">\r\n\t\t\t\t\t\t\t<div class=\"e-con-inner\">\r\n\t\t\t\t\t\t<div class=\"elementor-element elementor-element-ee7d562 elementor-arrows-position-inside elementor-pagination-position-outside elementor-widget elementor-widget-image-carousel\" data-id=\"ee7d562\" data-element_type=\"widget\" data-settings=\"{&quot;navigation&quot;:&quot;both&quot;,&quot;autoplay&quot;:&quot;yes&quot;,&quot;pause_on_hover&quot;:&quot;yes&quot;,&quot;pause_on_interaction&quot;:&quot;yes&quot;,&quot;autoplay_speed&quot;:5000,&quot;infinite&quot;:&quot;yes&quot;,&quot;speed&quot;:500}\" data-widget_type=\"image-carousel.default\">\n\t\t\t\t\t\t\t<div class=\"elementor-image-carousel-wrapper swiper\" role=\"region\" aria-roledescription=\"carousel\" aria-label=\"Resim D\u00f6ng\u00fcs\u00fc\" dir=\"ltr\">\n\t\t\t<div class=\"elementor-image-carousel swiper-wrapper swiper-image-stretch\" aria-live=\"off\">\n\t\t\t\t\t\t\t\t<div class=\"swiper-slide\" role=\"group\" aria-roledescription=\"slide\" aria-label=\"1 of 3\"><figure class=\"swiper-slide-inner\"><img decoding=\"async\" class=\"swiper-slide-image\" src=\"https:\/\/ahrangroup.com\/wp-content\/uploads\/2025\/06\/k1-563x563.jpg\" alt=\"k1\" \/><\/figure><\/div><div class=\"swiper-slide\" role=\"group\" aria-roledescription=\"slide\" aria-label=\"2 of 3\"><figure class=\"swiper-slide-inner\"><img decoding=\"async\" class=\"swiper-slide-image\" src=\"https:\/\/ahrangroup.com\/wp-content\/uploads\/2025\/06\/k2-563x563.jpg\" alt=\"k2\" \/><\/figure><\/div><div class=\"swiper-slide\" role=\"group\" aria-roledescription=\"slide\" aria-label=\"3 of 3\"><figure class=\"swiper-slide-inner\"><img decoding=\"async\" class=\"swiper-slide-image\" src=\"https:\/\/ahrangroup.com\/wp-content\/uploads\/2025\/06\/k3-563x563.jpg\" alt=\"k3\" \/><\/figure><\/div>\t\t\t<\/div>\n\t\t\t\t\t\t\t\t\t\t\t\t<div class=\"elementor-swiper-button elementor-swiper-button-prev\" role=\"button\" tabindex=\"0\">\n\t\t\t\t\t\t<svg aria-hidden=\"true\" class=\"e-font-icon-svg e-eicon-chevron-left\" viewbox=\"0 0 1000 1000\" xmlns=\"http:\/\/www.w3.org\/2000\/svg\"><path d=\"M646 125C629 125 613 133 604 142L308 442C296 454 292 471 292 487 292 504 296 521 308 533L604 854C617 867 629 875 646 875 663 875 679 871 692 858 704 846 713 829 713 812 713 796 708 779 692 767L438 487 692 225C700 217 708 204 708 187 708 171 704 154 692 142 675 129 663 125 646 125Z\"><\/path><\/svg>\t\t\t\t\t<\/div>\n\t\t\t\t\t<div class=\"elementor-swiper-button elementor-swiper-button-next\" role=\"button\" tabindex=\"0\">\n\t\t\t\t\t\t<svg aria-hidden=\"true\" class=\"e-font-icon-svg e-eicon-chevron-right\" viewbox=\"0 0 1000 1000\" xmlns=\"http:\/\/www.w3.org\/2000\/svg\"><path d=\"M696 533C708 521 713 504 713 487 713 471 708 454 696 446L400 146C388 133 375 125 354 125 338 125 325 129 313 142 300 154 292 171 292 187 292 204 296 221 308 233L563 492 304 771C292 783 288 800 288 817 288 833 296 850 308 863 321 871 338 875 354 875 371 875 388 867 400 854L696 533Z\"><\/path><\/svg>\t\t\t\t\t<\/div>\n\t\t\t\t\n\t\t\t\t\t\t\t\t\t<div class=\"swiper-pagination\"><\/div>\n\t\t\t\t\t\t\t\t\t<\/div>\n\t\t\t\t\t\t<\/div>\n\t\t\t\t<div class=\"elementor-element elementor-element-d933c01 elementor-widget elementor-widget-heading\" data-id=\"d933c01\" data-element_type=\"widget\" data-widget_type=\"heading.default\">\n\t\t\t\t\t<h2 class=\"elementor-heading-title elementor-size-default\">Proje Hedefi<\/h2>\t\t\t\t<\/div>\n\t\t\t\t<div class=\"elementor-element elementor-element-cf4db29 elementor-widget elementor-widget-spacer\" data-id=\"cf4db29\" data-element_type=\"widget\" data-widget_type=\"spacer.default\">\n\t\t\t\t\t\t\t<div class=\"elementor-spacer\">\n\t\t\t<div class=\"elementor-spacer-inner\"><\/div>\n\t\t<\/div>\n\t\t\t\t\t\t<\/div>\n\t\t\t\t<div class=\"elementor-element elementor-element-0017e06 elementor-widget elementor-widget-text-editor\" data-id=\"0017e06\" data-element_type=\"widget\" data-widget_type=\"text-editor.default\">\n\t\t\t\t\t\t\t\t\t<p>Sistemde elek sonunda at\u0131k ta\u015flara yap\u0131\u015fan, kar\u0131\u015fan, topaklanm\u0131\u015f, kurutulmu\u015f kedi kumu kalite vasf\u0131ndaki haz\u0131r \u00fcr\u00fcn\u00fc sisteme kazand\u0131rmak.(\u00dcr\u00fcn fire azalt\u0131m\u0131)<\/p>\t\t\t\t\t\t\t\t<\/div>\n\t\t\t\t<div class=\"elementor-element elementor-element-c2a6df5 elementor-widget elementor-widget-image\" data-id=\"c2a6df5\" data-element_type=\"widget\" data-widget_type=\"image.default\">\n\t\t\t\t\t\t\t\t\t\t\t\t\t\t\t<img fetchpriority=\"high\" decoding=\"async\" width=\"891\" height=\"449\" src=\"https:\/\/ahrangroup.com\/wp-content\/uploads\/2025\/06\/Ekran-goruntusu-2025-06-02-103141.png\" class=\"attachment-large size-large wp-image-11859\" alt=\"\" srcset=\"https:\/\/ahrangroup.com\/wp-content\/uploads\/2025\/06\/Ekran-goruntusu-2025-06-02-103141.png 891w, https:\/\/ahrangroup.com\/wp-content\/uploads\/2025\/06\/Ekran-goruntusu-2025-06-02-103141-768x387.png 768w\" sizes=\"(max-width: 891px) 100vw, 891px\" \/>\t\t\t\t\t\t\t\t\t\t\t\t\t\t\t<\/div>\n\t\t\t\t<div class=\"elementor-element elementor-element-029c816 elementor-widget elementor-widget-spacer\" data-id=\"029c816\" data-element_type=\"widget\" data-widget_type=\"spacer.default\">\n\t\t\t\t\t\t\t<div class=\"elementor-spacer\">\n\t\t\t<div class=\"elementor-spacer-inner\"><\/div>\n\t\t<\/div>\n\t\t\t\t\t\t<\/div>\n\t\t\t\t<div class=\"elementor-element elementor-element-c31a493 elementor-widget elementor-widget-heading\" data-id=\"c31a493\" data-element_type=\"widget\" data-widget_type=\"heading.default\">\n\t\t\t\t\t<h2 class=\"elementor-heading-title elementor-size-default\">Sistem \u00c7al\u0131\u015fma Prensibi<\/h2>\t\t\t\t<\/div>\n\t\t\t\t<div class=\"elementor-element elementor-element-ecde712 elementor-widget elementor-widget-spacer\" data-id=\"ecde712\" data-element_type=\"widget\" data-widget_type=\"spacer.default\">\n\t\t\t\t\t\t\t<div class=\"elementor-spacer\">\n\t\t\t<div class=\"elementor-spacer-inner\"><\/div>\n\t\t<\/div>\n\t\t\t\t\t\t<\/div>\n\t\t\t\t<div class=\"elementor-element elementor-element-756edda elementor-widget elementor-widget-image\" data-id=\"756edda\" data-element_type=\"widget\" data-widget_type=\"image.default\">\n\t\t\t\t\t\t\t\t\t\t\t\t\t\t\t<img decoding=\"async\" width=\"1024\" height=\"443\" src=\"https:\/\/ahrangroup.com\/wp-content\/uploads\/2025\/06\/Resim1-1024x443.png\" class=\"attachment-large size-large wp-image-11863\" alt=\"\" srcset=\"https:\/\/ahrangroup.com\/wp-content\/uploads\/2025\/06\/Resim1-1024x443.png 1024w, https:\/\/ahrangroup.com\/wp-content\/uploads\/2025\/06\/Resim1-768x332.png 768w\" sizes=\"(max-width: 1024px) 100vw, 1024px\" \/>\t\t\t\t\t\t\t\t\t\t\t\t\t\t\t<\/div>\n\t\t\t\t<div class=\"elementor-element elementor-element-20f5509 elementor-widget elementor-widget-text-editor\" data-id=\"20f5509\" data-element_type=\"widget\" data-widget_type=\"text-editor.default\">\n\t\t\t\t\t\t\t\t\t<p>GD-X \u00dcr\u00fcn Ayr\u0131\u015ft\u0131rma De\u011firmeni \u00f6zel tasar\u0131m yap\u0131s\u0131ndaki kau\u00e7uk diskler vas\u0131tas\u0131yla ta\u015f-\u00fcr\u00fcn ayr\u0131\u015ft\u0131rma i\u015flemi yapmak ve sonraki a\u015famada vibro- elekler vas\u0131tas\u0131yla da ana \u00fcr\u00fcn spectine uygun kalitede kedi kumunu sisteme kazand\u0131rmak.<\/p>\t\t\t\t\t\t\t\t<\/div>\n\t\t\t\t<div class=\"elementor-element elementor-element-3633c4f elementor-widget elementor-widget-spacer\" data-id=\"3633c4f\" data-element_type=\"widget\" data-widget_type=\"spacer.default\">\n\t\t\t\t\t\t\t<div class=\"elementor-spacer\">\n\t\t\t<div class=\"elementor-spacer-inner\"><\/div>\n\t\t<\/div>\n\t\t\t\t\t\t<\/div>\n\t\t\t\t<div class=\"elementor-element elementor-element-1d9a0fd elementor-widget elementor-widget-heading\" data-id=\"1d9a0fd\" data-element_type=\"widget\" data-widget_type=\"heading.default\">\n\t\t\t\t\t<h2 class=\"elementor-heading-title elementor-size-default\">Proje Kazan\u0131mlar\u0131<\/h2>\t\t\t\t<\/div>\n\t\t\t\t<div class=\"elementor-element elementor-element-08edd59 elementor-widget elementor-widget-spacer\" data-id=\"08edd59\" data-element_type=\"widget\" data-widget_type=\"spacer.default\">\n\t\t\t\t\t\t\t<div class=\"elementor-spacer\">\n\t\t\t<div class=\"elementor-spacer-inner\"><\/div>\n\t\t<\/div>\n\t\t\t\t\t\t<\/div>\n\t\t\t\t<div class=\"elementor-element elementor-element-734a7b2 elementor-widget elementor-widget-text-editor\" data-id=\"734a7b2\" data-element_type=\"widget\" data-widget_type=\"text-editor.default\">\n\t\t\t\t\t\t\t\t\t<ul><li>\u00dcr\u00fcn firesinin bertaraf edilerek sisteme kazand\u0131r\u0131lmas\u0131 (Kedi Kumu-Ana \u00dcr\u00fcn, Ta\u015f-Yan \u00dcr\u00fcn, \u0130\u015fg\u00fcc\u00fc, Nakliye, Enerji Maliyetleri vb.)<\/li><li>Ekipman \u00f6mr\u00fc ve bak\u0131m maliyetlerinin azalt\u0131lmas\u0131 (Vals K\u0131r\u0131c\u0131)<\/li><\/ul>\t\t\t\t\t\t\t\t<\/div>\n\t\t\t\t<div class=\"elementor-element elementor-element-d6610e7 elementor-widget elementor-widget-image\" data-id=\"d6610e7\" data-element_type=\"widget\" data-widget_type=\"image.default\">\n\t\t\t\t\t\t\t\t\t\t\t\t\t\t\t<img decoding=\"async\" width=\"832\" height=\"421\" src=\"https:\/\/ahrangroup.com\/wp-content\/uploads\/2025\/06\/Ekran-goruntusu-2025-06-02-103800.png\" class=\"attachment-large size-large wp-image-11864\" alt=\"\" srcset=\"https:\/\/ahrangroup.com\/wp-content\/uploads\/2025\/06\/Ekran-goruntusu-2025-06-02-103800.png 832w, https:\/\/ahrangroup.com\/wp-content\/uploads\/2025\/06\/Ekran-goruntusu-2025-06-02-103800-768x389.png 768w\" sizes=\"(max-width: 832px) 100vw, 832px\" \/>\t\t\t\t\t\t\t\t\t\t\t\t\t\t\t<\/div>\n\t\t\t\t<div class=\"elementor-element elementor-element-30dd39b elementor-widget elementor-widget-spacer\" data-id=\"30dd39b\" data-element_type=\"widget\" data-widget_type=\"spacer.default\">\n\t\t\t\t\t\t\t<div class=\"elementor-spacer\">\n\t\t\t<div class=\"elementor-spacer-inner\"><\/div>\n\t\t<\/div>\n\t\t\t\t\t\t<\/div>\n\t\t\t\t<div class=\"elementor-element elementor-element-1c6359b elementor-widget elementor-widget-heading\" data-id=\"1c6359b\" data-element_type=\"widget\" data-widget_type=\"heading.default\">\n\t\t\t\t\t<h2 class=\"elementor-heading-title elementor-size-default\">Potansiyel Kazan\u0131m (Nor.)<\/h2>\t\t\t\t<\/div>\n\t\t\t\t<div class=\"elementor-element elementor-element-1ac4bb1 elementor-widget elementor-widget-image\" data-id=\"1ac4bb1\" data-element_type=\"widget\" data-widget_type=\"image.default\">\n\t\t\t\t\t\t\t\t\t\t\t\t\t\t\t<img loading=\"lazy\" decoding=\"async\" width=\"1024\" height=\"677\" src=\"https:\/\/ahrangroup.com\/wp-content\/uploads\/2025\/06\/Ekran-goruntusu-2025-06-02-104049-1024x677.png\" class=\"attachment-large size-large wp-image-11866\" alt=\"\" srcset=\"https:\/\/ahrangroup.com\/wp-content\/uploads\/2025\/06\/Ekran-goruntusu-2025-06-02-104049-1024x677.png 1024w, https:\/\/ahrangroup.com\/wp-content\/uploads\/2025\/06\/Ekran-goruntusu-2025-06-02-104049-768x508.png 768w\" sizes=\"(max-width: 1024px) 100vw, 1024px\" \/>\t\t\t\t\t\t\t\t\t\t\t\t\t\t\t<\/div>\n\t\t\t\t\t\t<\/div>\r\n\t\t\t\t\r\n\t\t\t<\/div>\r\n\t\t\t\t\t\t<div class=\"elementor-element elementor-element-a13385a e-flex e-con-boxed e-con e-parent\" data-id=\"a13385a\" data-element_type=\"container\">\r\n\t\t\t\t\t\t\t<div class=\"e-con-inner\">\r\n\t\t\t\t\t\t<div class=\"elementor-element elementor-element-b674a10 elementor-widget elementor-widget-image-gallery\" data-id=\"b674a10\" data-element_type=\"widget\" data-widget_type=\"image-gallery.default\">\n\t\t\t\t\t\t\t<div class=\"elementor-image-gallery\">\n\t\t\t\t\t<\/div>\n\t\t\t\t\t\t<\/div>\n\t\t\t\t\t\t<\/div>\r\n\t\t\t\t\r\n\t\t\t<\/div>\r\n\t\t\t\t\t\t<div class=\"elementor-element elementor-element-975254a e-flex e-con-boxed e-con e-parent\" data-id=\"975254a\" data-element_type=\"container\">\r\n\t\t\t\t\t\t\t<div class=\"e-con-inner\">\r\n\t\t\t\t\t\t\t\t<\/div>\r\n\t\t\t\t\r\n\t\t\t<\/div>\r\n\t\t\t\t\t<\/div>","protected":false},"excerpt":{"rendered":"<p>Proje Hedefi Sistemde elek sonunda at\u0131k ta\u015flara yap\u0131\u015fan, kar\u0131\u015fan, topaklanm\u0131\u015f, kurutulmu\u015f kedi kumu kalite vasf\u0131ndaki haz\u0131r \u00fcr\u00fcn\u00fc sisteme kazand\u0131rmak.(\u00dcr\u00fcn fire azalt\u0131m\u0131) Sistem \u00c7al\u0131\u015fma Prensibi GD-X \u00dcr\u00fcn Ayr\u0131\u015ft\u0131rma De\u011firmeni \u00f6zel tasar\u0131m yap\u0131s\u0131ndaki kau\u00e7uk diskler vas\u0131tas\u0131yla ta\u015f-\u00fcr\u00fcn ayr\u0131\u015ft\u0131rma i\u015flemi yapmak ve sonraki a\u015famada vibro- elekler vas\u0131tas\u0131yla da ana \u00fcr\u00fcn spectine uygun kalitede kedi kumunu sisteme kazand\u0131rmak. Proje [&hellip;]<\/p>","protected":false},"author":1,"featured_media":0,"parent":0,"menu_order":0,"comment_status":"closed","ping_status":"closed","template":"","meta":{"_acf_changed":false,"footnotes":""},"class_list":["post-11854","page","type-page","status-publish","hentry"],"acf":[],"_links":{"self":[{"href":"https:\/\/ahrangroup.com\/en\/wp-json\/wp\/v2\/pages\/11854","targetHints":{"allow":["GET"]}}],"collection":[{"href":"https:\/\/ahrangroup.com\/en\/wp-json\/wp\/v2\/pages"}],"about":[{"href":"https:\/\/ahrangroup.com\/en\/wp-json\/wp\/v2\/types\/page"}],"author":[{"embeddable":true,"href":"https:\/\/ahrangroup.com\/en\/wp-json\/wp\/v2\/users\/1"}],"replies":[{"embeddable":true,"href":"https:\/\/ahrangroup.com\/en\/wp-json\/wp\/v2\/comments?post=11854"}],"version-history":[{"count":0,"href":"https:\/\/ahrangroup.com\/en\/wp-json\/wp\/v2\/pages\/11854\/revisions"}],"wp:attachment":[{"href":"https:\/\/ahrangroup.com\/en\/wp-json\/wp\/v2\/media?parent=11854"}],"curies":[{"name":"wp","href":"https:\/\/api.w.org\/{rel}","templated":true}]}}