{"id":11709,"date":"2025-05-23T11:03:34","date_gmt":"2025-05-23T08:03:34","guid":{"rendered":"https:\/\/ahrangroup.com\/?page_id=11709"},"modified":"2025-05-23T11:19:50","modified_gmt":"2025-05-23T08:19:50","slug":"cnc-router","status":"publish","type":"page","link":"https:\/\/ahrangroup.com\/en\/cnc-router\/","title":{"rendered":"CNC Router"},"content":{"rendered":"<div data-elementor-type=\"wp-page\" data-elementor-id=\"11709\" class=\"elementor elementor-11709\">\n\t\t\t\t\t\t\t<div class=\"elementor-element elementor-element-ec4d6cf e-flex e-con-boxed e-con e-parent\" data-id=\"ec4d6cf\" data-element_type=\"container\">\r\n\t\t\t\t\t\t\t<div class=\"e-con-inner\">\r\n\t\t\t\t\t\t<div class=\"elementor-element elementor-element-ee7d562 elementor-arrows-position-inside elementor-pagination-position-outside elementor-widget elementor-widget-image-carousel\" data-id=\"ee7d562\" data-element_type=\"widget\" data-settings=\"{&quot;navigation&quot;:&quot;both&quot;,&quot;autoplay&quot;:&quot;yes&quot;,&quot;pause_on_hover&quot;:&quot;yes&quot;,&quot;pause_on_interaction&quot;:&quot;yes&quot;,&quot;autoplay_speed&quot;:5000,&quot;infinite&quot;:&quot;yes&quot;,&quot;speed&quot;:500}\" data-widget_type=\"image-carousel.default\">\n\t\t\t\t\t\t\t<div class=\"elementor-image-carousel-wrapper swiper\" role=\"region\" aria-roledescription=\"carousel\" aria-label=\"Resim D\u00f6ng\u00fcs\u00fc\" dir=\"ltr\">\n\t\t\t<div class=\"elementor-image-carousel swiper-wrapper swiper-image-stretch\" aria-live=\"off\">\n\t\t\t\t\t\t\t\t<div class=\"swiper-slide\" role=\"group\" aria-roledescription=\"slide\" aria-label=\"1 \/ 4\"><figure class=\"swiper-slide-inner\"><img decoding=\"async\" class=\"swiper-slide-image\" src=\"https:\/\/ahrangroup.com\/wp-content\/uploads\/elementor\/thumbs\/001-7-1-scaled-r682nwkwpcxc3qj3siyvt81hpquoy1fgf8y6p84zgo.webp\" alt=\"001 (7)\" \/><\/figure><\/div><div class=\"swiper-slide\" role=\"group\" aria-roledescription=\"slide\" aria-label=\"2 \/ 4\"><figure class=\"swiper-slide-inner\"><img decoding=\"async\" class=\"swiper-slide-image\" src=\"https:\/\/ahrangroup.com\/wp-content\/uploads\/elementor\/thumbs\/001-9-1-scaled-r682oi772jqxirnpaabawkl3dlw4v2ta67ycql8xhk.webp\" alt=\"001 (9)\" \/><\/figure><\/div><div class=\"swiper-slide\" role=\"group\" aria-roledescription=\"slide\" aria-label=\"3 \/ 4\"><figure class=\"swiper-slide-inner\"><img decoding=\"async\" class=\"swiper-slide-image\" src=\"https:\/\/ahrangroup.com\/wp-content\/uploads\/elementor\/thumbs\/001-4-1-scaled-r682n69fdzxb2nlc27lbveol2ygeyiiyzmol9h80aw.webp\" alt=\"001 (4)\" \/><\/figure><\/div><div class=\"swiper-slide\" role=\"group\" aria-roledescription=\"slide\" aria-label=\"4 \/ 4\"><figure class=\"swiper-slide-inner\"><img decoding=\"async\" class=\"swiper-slide-image\" src=\"https:\/\/ahrangroup.com\/wp-content\/uploads\/elementor\/thumbs\/001-3-1-scaled-r682mwv1hnkfujyzl3j26h1z53qqtjhnmc5qgply14.webp\" alt=\"001 (3)\" \/><\/figure><\/div>\t\t\t<\/div>\n\t\t\t\t\t\t\t\t\t\t\t\t<div class=\"elementor-swiper-button elementor-swiper-button-prev\" role=\"button\" tabindex=\"0\">\n\t\t\t\t\t\t<svg aria-hidden=\"true\" class=\"e-font-icon-svg e-eicon-chevron-left\" viewbox=\"0 0 1000 1000\" xmlns=\"http:\/\/www.w3.org\/2000\/svg\"><path d=\"M646 125C629 125 613 133 604 142L308 442C296 454 292 471 292 487 292 504 296 521 308 533L604 854C617 867 629 875 646 875 663 875 679 871 692 858 704 846 713 829 713 812 713 796 708 779 692 767L438 487 692 225C700 217 708 204 708 187 708 171 704 154 692 142 675 129 663 125 646 125Z\"><\/path><\/svg>\t\t\t\t\t<\/div>\n\t\t\t\t\t<div class=\"elementor-swiper-button elementor-swiper-button-next\" role=\"button\" tabindex=\"0\">\n\t\t\t\t\t\t<svg aria-hidden=\"true\" class=\"e-font-icon-svg e-eicon-chevron-right\" viewbox=\"0 0 1000 1000\" xmlns=\"http:\/\/www.w3.org\/2000\/svg\"><path d=\"M696 533C708 521 713 504 713 487 713 471 708 454 696 446L400 146C388 133 375 125 354 125 338 125 325 129 313 142 300 154 292 171 292 187 292 204 296 221 308 233L563 492 304 771C292 783 288 800 288 817 288 833 296 850 308 863 321 871 338 875 354 875 371 875 388 867 400 854L696 533Z\"><\/path><\/svg>\t\t\t\t\t<\/div>\n\t\t\t\t\n\t\t\t\t\t\t\t\t\t<div class=\"swiper-pagination\"><\/div>\n\t\t\t\t\t\t\t\t\t<\/div>\n\t\t\t\t\t\t<\/div>\n\t\t\t\t<div class=\"elementor-element elementor-element-d933c01 elementor-widget elementor-widget-heading\" data-id=\"d933c01\" data-element_type=\"widget\" data-widget_type=\"heading.default\">\n\t\t\t\t\t<h2 class=\"elementor-heading-title elementor-size-default\">CNC Router<\/h2>\t\t\t\t<\/div>\n\t\t\t\t<div class=\"elementor-element elementor-element-cf4db29 elementor-widget elementor-widget-spacer\" data-id=\"cf4db29\" data-element_type=\"widget\" data-widget_type=\"spacer.default\">\n\t\t\t\t\t\t\t<div class=\"elementor-spacer\">\n\t\t\t<div class=\"elementor-spacer-inner\"><\/div>\n\t\t<\/div>\n\t\t\t\t\t\t<\/div>\n\t\t\t\t<div class=\"elementor-element elementor-element-0017e06 elementor-widget elementor-widget-text-editor\" data-id=\"0017e06\" data-element_type=\"widget\" data-widget_type=\"text-editor.default\">\n\t\t\t\t\t\t\t\t\t<p>Ahran Group makina cnc kendi imalat\u0131 olan k\u00fc\u00e7\u00fck cnc, mini cnc , ekonomik cnc ve b\u00fcy\u00fck profesyonel cnc router makineleri t\u00fcrkiyenin binlerce noktas\u0131nda hizmetine devam etmektedir. Geni\u015f cnc router servis ve yedek par\u00e7a a\u011f\u0131 ile t\u00fcrk \u00fcretiminde kaliteyi ucuza \u00fcreterek kalitede alman fiyatlarda ise \u00e7in \u00fcr\u00fcnleri ile yar\u0131\u015farak t\u00fcrkiyede ses getirmeyi ba\u015farm\u0131\u015ft\u0131r. Cnc Router Ah\u015fap i\u015fleme ve mdf i\u015fleme makineleri \u00fcretminden sonra mermer cnc ve reklamc\u0131 cnc router makine \u00fcreterek m\u00fc\u015fterilerinin begenisi kazanm\u0131\u015ft\u0131r.<\/p>\t\t\t\t\t\t\t\t<\/div>\n\t\t\t\t\t\t<\/div>\r\n\t\t\t\t\r\n\t\t\t<\/div>\r\n\t\t\t\t\t\t<div class=\"elementor-element elementor-element-ef2f7bb e-flex e-con-boxed e-con e-parent\" data-id=\"ef2f7bb\" data-element_type=\"container\">\r\n\t\t\t\t\t\t\t<div class=\"e-con-inner\">\r\n\t\t\t\t\t\t<div class=\"elementor-element elementor-element-9c09f73 elementor-widget elementor-widget-spacer\" data-id=\"9c09f73\" data-element_type=\"widget\" data-widget_type=\"spacer.default\">\n\t\t\t\t\t\t\t<div class=\"elementor-spacer\">\n\t\t\t<div class=\"elementor-spacer-inner\"><\/div>\n\t\t<\/div>\n\t\t\t\t\t\t<\/div>\n\t\t\t\t\t\t<\/div>\r\n\t\t\t\t\r\n\t\t\t<\/div>\r\n\t\t\t\t\t\t<div class=\"elementor-element elementor-element-c39e8eb e-flex e-con-boxed e-con e-parent\" data-id=\"c39e8eb\" data-element_type=\"container\">\r\n\t\t\t\t\t\t\t<div class=\"e-con-inner\">\r\n\t\t\t\t\t\t<div class=\"elementor-element elementor-element-fe360d9 elementor-widget elementor-widget-heading\" data-id=\"fe360d9\" data-element_type=\"widget\" data-widget_type=\"heading.default\">\n\t\t\t\t\t<h2 class=\"elementor-heading-title elementor-size-default\">CNC Router Nedir ?<\/h2>\t\t\t\t<\/div>\n\t\t\t\t<div class=\"elementor-element elementor-element-29c8fb3 elementor-widget elementor-widget-spacer\" data-id=\"29c8fb3\" data-element_type=\"widget\" data-widget_type=\"spacer.default\">\n\t\t\t\t\t\t\t<div class=\"elementor-spacer\">\n\t\t\t<div class=\"elementor-spacer-inner\"><\/div>\n\t\t<\/div>\n\t\t\t\t\t\t<\/div>\n\t\t\t\t<div class=\"elementor-element elementor-element-9e9a7c0 elementor-widget elementor-widget-text-editor\" data-id=\"9e9a7c0\" data-element_type=\"widget\" data-widget_type=\"text-editor.default\">\n\t\t\t\t\t\t\t\t\t<p>Cnc Router bir y\u00f6netici bilgisayar yada kontrol \u00fcnitesi denen i\u015flemciler vas\u0131tas\u0131 ile motorlar\u0131n otomatik olarak \u00f6nceden belirlenmi\u015f kodlar ile hareket eden makinenin tamam\u0131m\u0131n ald\u0131\u011f\u0131 isme denir. Cnc Router numerik y\u00f6nlendirici olarak g\u00f6rev yapar. Bilgisayardan yada kontrolerden ald\u0131\u011f\u0131 komutlar\u0131 motorlara y\u00f6nlendiren cnc router makinelerinin bir \u00e7ok \u00e7e\u015fitleri mevcuttur. Bunlar en \u00f6z dili ile mini cnc router ve cnc router olarak adland\u0131r\u0131l\u0131r. Cnc router \u00e7e\u015fitlerini daha detayl\u0131 inceleyecek olursak; Cnc Router \u00c7e\u015fitleri ; Mini Cnc (Masa\u00fcst\u00fc cnc ve K\u00fc\u00e7\u00fck cnc router olarakta bilinir.) Ah\u015fap Cnc Router, Mermerci Cnc Router ve reklamc\u0131 cnc router olarak \u00e7e\u015fitlere ayr\u0131l\u0131r. Mant\u0131k olarak herbiri ayn\u0131 \u00e7al\u0131\u015fsada g\u00f6rev ve ek donan\u0131m g\u00fc\u00e7 se\u00e7enekleri ile birbirlerinden ayr\u0131l\u0131r. Cnc Router makinelerindeki Bu ayr\u0131\u015ft\u0131rmaya en iyi \u00f6rnek otomobiller verilebilir. Arazi durumuna g\u00f6re yada kullan\u0131m durumuna g\u00f6re yak\u0131t tiplerine g\u00f6re ara\u00e7lar nas\u0131l ayn\u0131 hizmeti yapt\u0131\u011f\u0131 halde ayr\u0131l\u0131yor ise cnc router makineleride boyutlar\u0131 g\u00f6revleri ve opsiyon teknikk \u00f6zelliklerine g\u00f6re birbirlerinden ayr\u0131l\u0131rlar. Bir Mermer cnc makinesini i\u00e7in olmazsa olmaz su sogutma sistemi ise mfd cnc bi\u00e7imleri i\u00e7inde vakum tabla olmaz ise olmazlar aras\u0131ndad\u0131r. Cnc router makineleri bir \u00e7ok \u00fcr\u00fcn \u00e7e\u015fitine g\u00f6re bir \u00e7ok detaya sahip olmas\u0131 yada gereksiz \u00f6zelliklerin maliyet te\u015fkil etmemesi ad\u0131na \u00fczerinde bulundurmamas\u0131 gere\u011fi oldu\u011funda makine hakk\u0131nda \u00fcr\u00fcn\u00fcn\u00fcze \u00f6zel se\u00e7im i\u00e7in teknik uzmanlar\u0131m\u0131zdan yard\u0131m alabilirsiniz. Mermer Cnc Router Mermer cnc router makineleri k\u00f6pr\u00fc y\u00fcksekli\u011fi fazlal\u0131\u011f\u0131 ve \u00fcr\u00fcn\u00fcn y\u00fcksek g\u00fcce ihtiya\u00e7 duymas\u0131 gerekli\u011fi i\u00e7in \u015fasi tipleri daha kuvvetli \u00fcretilmektedir. Mermer cnc makineleri ayr\u0131ca su sitemine so\u011futucu ihtiyac\u0131 sebebi ile ayr\u0131ca \u015fasi yap\u0131m\u0131nda elektronik aksam\u0131n bu nem ve su gibi fakt\u00f6rlerden zarar g\u00f6rmeyecek \u015fekilde \u00fcretilmesi gerekmektedir. Ah\u015fap Cnc Router Ah\u015fap cnc router makineleri genellikle standart \u015fasi \u00fczerinde ekipman bulundursalarda h\u0131z ve hassasiyet seri \u00fcretim ad\u0131na \u00f6namli olmas\u0131 sebebi ile firmalara \u00f6zel tasar\u0131mlar bulunabilmektedir. Cnc Router Makinesi ah\u015fap cnc \u00f6zelli\u011fi ta\u015f\u0131yabilmesi i\u00e7in en b\u00fcy\u00fck \u00f6zellik spindle motorlar\u0131n y\u00fcksek devirli ve \u00e7ok uzun s\u00fcre durmadan \u00e7al\u0131\u015fabilecek \u015fekilde tasarlanmas\u0131 olay\u0131 ile y\u00f6n bulur.<\/p>\t\t\t\t\t\t\t\t<\/div>\n\t\t\t\t\t\t<\/div>\r\n\t\t\t\t\r\n\t\t\t<\/div>\r\n\t\t\t\t\t\t<div class=\"elementor-element elementor-element-a13385a e-flex e-con-boxed e-con e-parent\" data-id=\"a13385a\" data-element_type=\"container\">\r\n\t\t\t\t\t\t\t<div class=\"e-con-inner\">\r\n\t\t\t\t\t\t<div class=\"elementor-element elementor-element-b674a10 elementor-widget elementor-widget-image-gallery\" data-id=\"b674a10\" data-element_type=\"widget\" data-widget_type=\"image-gallery.default\">\n\t\t\t\t\t\t\t<div class=\"elementor-image-gallery\">\n\t\t\t<div id='gallery-1' class='gallery galleryid-11709 gallery-columns-4 gallery-size-medium'><figure class='gallery-item'>\n\t\t\t<div class='gallery-icon landscape'>\n\t\t\t\t<a data-elementor-open-lightbox=\"yes\" data-elementor-lightbox-slideshow=\"b674a10\" data-elementor-lightbox-title=\"001 (13)\" data-e-action-hash=\"#elementor-action%3Aaction%3Dlightbox%26settings%3DeyJpZCI6MTE3MjcsInVybCI6Imh0dHBzOlwvXC9haHJhbmdyb3VwLmNvbVwvd3AtY29udGVudFwvdXBsb2Fkc1wvMjAyNVwvMDVcLzAwMS0xMy0xLXNjYWxlZC53ZWJwIiwic2xpZGVzaG93IjoiYjY3NGExMCJ9\" href='https:\/\/ahrangroup.com\/wp-content\/uploads\/2025\/05\/001-13-1-scaled.webp'><img fetchpriority=\"high\" decoding=\"async\" width=\"300\" height=\"169\" src=\"https:\/\/ahrangroup.com\/wp-content\/uploads\/2025\/05\/001-13-1-300x169.webp\" class=\"attachment-medium size-medium\" alt=\"\" \/><\/a>\n\t\t\t<\/div><\/figure><figure class='gallery-item'>\n\t\t\t<div class='gallery-icon landscape'>\n\t\t\t\t<a data-elementor-open-lightbox=\"yes\" data-elementor-lightbox-slideshow=\"b674a10\" data-elementor-lightbox-title=\"001 (1)\" data-e-action-hash=\"#elementor-action%3Aaction%3Dlightbox%26settings%3DeyJpZCI6MTE3MTQsInVybCI6Imh0dHBzOlwvXC9haHJhbmdyb3VwLmNvbVwvd3AtY29udGVudFwvdXBsb2Fkc1wvMjAyNVwvMDVcLzAwMS0xLndlYnAiLCJzbGlkZXNob3ciOiJiNjc0YTEwIn0%3D\" href='https:\/\/ahrangroup.com\/wp-content\/uploads\/2025\/05\/001-1.webp'><img decoding=\"async\" width=\"300\" height=\"169\" src=\"https:\/\/ahrangroup.com\/wp-content\/uploads\/2025\/05\/001-1-300x169.webp\" class=\"attachment-medium size-medium\" alt=\"\" \/><\/a>\n\t\t\t<\/div><\/figure><figure class='gallery-item'>\n\t\t\t<div class='gallery-icon landscape'>\n\t\t\t\t<a data-elementor-open-lightbox=\"yes\" data-elementor-lightbox-slideshow=\"b674a10\" data-elementor-lightbox-title=\"001 (2)\" data-e-action-hash=\"#elementor-action%3Aaction%3Dlightbox%26settings%3DeyJpZCI6MTE3MTUsInVybCI6Imh0dHBzOlwvXC9haHJhbmdyb3VwLmNvbVwvd3AtY29udGVudFwvdXBsb2Fkc1wvMjAyNVwvMDVcLzAwMS0yLTEtc2NhbGVkLndlYnAiLCJzbGlkZXNob3ciOiJiNjc0YTEwIn0%3D\" href='https:\/\/ahrangroup.com\/wp-content\/uploads\/2025\/05\/001-2-1-scaled.webp'><img decoding=\"async\" width=\"300\" height=\"169\" src=\"https:\/\/ahrangroup.com\/wp-content\/uploads\/2025\/05\/001-2-1-300x169.webp\" class=\"attachment-medium size-medium\" alt=\"\" \/><\/a>\n\t\t\t<\/div><\/figure><figure class='gallery-item'>\n\t\t\t<div class='gallery-icon landscape'>\n\t\t\t\t<a data-elementor-open-lightbox=\"yes\" data-elementor-lightbox-slideshow=\"b674a10\" data-elementor-lightbox-title=\"001 (3)\" data-e-action-hash=\"#elementor-action%3Aaction%3Dlightbox%26settings%3DeyJpZCI6MTE3MTYsInVybCI6Imh0dHBzOlwvXC9haHJhbmdyb3VwLmNvbVwvd3AtY29udGVudFwvdXBsb2Fkc1wvMjAyNVwvMDVcLzAwMS0zLTEtc2NhbGVkLndlYnAiLCJzbGlkZXNob3ciOiJiNjc0YTEwIn0%3D\" href='https:\/\/ahrangroup.com\/wp-content\/uploads\/2025\/05\/001-3-1-scaled.webp'><img loading=\"lazy\" decoding=\"async\" width=\"300\" height=\"169\" src=\"https:\/\/ahrangroup.com\/wp-content\/uploads\/2025\/05\/001-3-1-300x169.webp\" class=\"attachment-medium size-medium\" alt=\"\" \/><\/a>\n\t\t\t<\/div><\/figure><figure class='gallery-item'>\n\t\t\t<div class='gallery-icon landscape'>\n\t\t\t\t<a data-elementor-open-lightbox=\"yes\" data-elementor-lightbox-slideshow=\"b674a10\" data-elementor-lightbox-title=\"001 (4)\" data-e-action-hash=\"#elementor-action%3Aaction%3Dlightbox%26settings%3DeyJpZCI6MTE3MTcsInVybCI6Imh0dHBzOlwvXC9haHJhbmdyb3VwLmNvbVwvd3AtY29udGVudFwvdXBsb2Fkc1wvMjAyNVwvMDVcLzAwMS00LTEtc2NhbGVkLndlYnAiLCJzbGlkZXNob3ciOiJiNjc0YTEwIn0%3D\" href='https:\/\/ahrangroup.com\/wp-content\/uploads\/2025\/05\/001-4-1-scaled.webp'><img loading=\"lazy\" decoding=\"async\" width=\"300\" height=\"169\" src=\"https:\/\/ahrangroup.com\/wp-content\/uploads\/2025\/05\/001-4-1-300x169.webp\" class=\"attachment-medium size-medium\" alt=\"\" \/><\/a>\n\t\t\t<\/div><\/figure><figure class='gallery-item'>\n\t\t\t<div class='gallery-icon landscape'>\n\t\t\t\t<a data-elementor-open-lightbox=\"yes\" data-elementor-lightbox-slideshow=\"b674a10\" data-elementor-lightbox-title=\"001 (5)\" data-e-action-hash=\"#elementor-action%3Aaction%3Dlightbox%26settings%3DeyJpZCI6MTE3MTgsInVybCI6Imh0dHBzOlwvXC9haHJhbmdyb3VwLmNvbVwvd3AtY29udGVudFwvdXBsb2Fkc1wvMjAyNVwvMDVcLzAwMS01LTEtc2NhbGVkLndlYnAiLCJzbGlkZXNob3ciOiJiNjc0YTEwIn0%3D\" href='https:\/\/ahrangroup.com\/wp-content\/uploads\/2025\/05\/001-5-1-scaled.webp'><img loading=\"lazy\" decoding=\"async\" width=\"300\" height=\"169\" src=\"https:\/\/ahrangroup.com\/wp-content\/uploads\/2025\/05\/001-5-1-300x169.webp\" class=\"attachment-medium size-medium\" alt=\"\" \/><\/a>\n\t\t\t<\/div><\/figure><figure class='gallery-item'>\n\t\t\t<div class='gallery-icon landscape'>\n\t\t\t\t<a data-elementor-open-lightbox=\"yes\" data-elementor-lightbox-slideshow=\"b674a10\" data-elementor-lightbox-title=\"001 (6)\" data-e-action-hash=\"#elementor-action%3Aaction%3Dlightbox%26settings%3DeyJpZCI6MTE3MjAsInVybCI6Imh0dHBzOlwvXC9haHJhbmdyb3VwLmNvbVwvd3AtY29udGVudFwvdXBsb2Fkc1wvMjAyNVwvMDVcLzAwMS02LTEtc2NhbGVkLndlYnAiLCJzbGlkZXNob3ciOiJiNjc0YTEwIn0%3D\" href='https:\/\/ahrangroup.com\/wp-content\/uploads\/2025\/05\/001-6-1-scaled.webp'><img loading=\"lazy\" decoding=\"async\" width=\"300\" height=\"169\" src=\"https:\/\/ahrangroup.com\/wp-content\/uploads\/2025\/05\/001-6-1-300x169.webp\" class=\"attachment-medium size-medium\" alt=\"\" \/><\/a>\n\t\t\t<\/div><\/figure><figure class='gallery-item'>\n\t\t\t<div class='gallery-icon landscape'>\n\t\t\t\t<a data-elementor-open-lightbox=\"yes\" data-elementor-lightbox-slideshow=\"b674a10\" data-elementor-lightbox-title=\"001 (7)\" data-e-action-hash=\"#elementor-action%3Aaction%3Dlightbox%26settings%3DeyJpZCI6MTE3MjEsInVybCI6Imh0dHBzOlwvXC9haHJhbmdyb3VwLmNvbVwvd3AtY29udGVudFwvdXBsb2Fkc1wvMjAyNVwvMDVcLzAwMS03LTEtc2NhbGVkLndlYnAiLCJzbGlkZXNob3ciOiJiNjc0YTEwIn0%3D\" href='https:\/\/ahrangroup.com\/wp-content\/uploads\/2025\/05\/001-7-1-scaled.webp'><img loading=\"lazy\" decoding=\"async\" width=\"300\" height=\"169\" src=\"https:\/\/ahrangroup.com\/wp-content\/uploads\/2025\/05\/001-7-1-300x169.webp\" class=\"attachment-medium size-medium\" alt=\"\" \/><\/a>\n\t\t\t<\/div><\/figure><figure class='gallery-item'>\n\t\t\t<div class='gallery-icon landscape'>\n\t\t\t\t<a data-elementor-open-lightbox=\"yes\" data-elementor-lightbox-slideshow=\"b674a10\" data-elementor-lightbox-title=\"001 (8)\" data-e-action-hash=\"#elementor-action%3Aaction%3Dlightbox%26settings%3DeyJpZCI6MTE3MjIsInVybCI6Imh0dHBzOlwvXC9haHJhbmdyb3VwLmNvbVwvd3AtY29udGVudFwvdXBsb2Fkc1wvMjAyNVwvMDVcLzAwMS04LTEtc2NhbGVkLndlYnAiLCJzbGlkZXNob3ciOiJiNjc0YTEwIn0%3D\" href='https:\/\/ahrangroup.com\/wp-content\/uploads\/2025\/05\/001-8-1-scaled.webp'><img loading=\"lazy\" decoding=\"async\" width=\"300\" height=\"169\" src=\"https:\/\/ahrangroup.com\/wp-content\/uploads\/2025\/05\/001-8-1-300x169.webp\" class=\"attachment-medium size-medium\" alt=\"\" \/><\/a>\n\t\t\t<\/div><\/figure><figure class='gallery-item'>\n\t\t\t<div class='gallery-icon landscape'>\n\t\t\t\t<a data-elementor-open-lightbox=\"yes\" data-elementor-lightbox-slideshow=\"b674a10\" data-elementor-lightbox-title=\"001 (9)\" data-e-action-hash=\"#elementor-action%3Aaction%3Dlightbox%26settings%3DeyJpZCI6MTE3MjMsInVybCI6Imh0dHBzOlwvXC9haHJhbmdyb3VwLmNvbVwvd3AtY29udGVudFwvdXBsb2Fkc1wvMjAyNVwvMDVcLzAwMS05LTEtc2NhbGVkLndlYnAiLCJzbGlkZXNob3ciOiJiNjc0YTEwIn0%3D\" href='https:\/\/ahrangroup.com\/wp-content\/uploads\/2025\/05\/001-9-1-scaled.webp'><img loading=\"lazy\" decoding=\"async\" width=\"300\" height=\"169\" src=\"https:\/\/ahrangroup.com\/wp-content\/uploads\/2025\/05\/001-9-1-300x169.webp\" class=\"attachment-medium size-medium\" alt=\"\" \/><\/a>\n\t\t\t<\/div><\/figure><figure class='gallery-item'>\n\t\t\t<div class='gallery-icon landscape'>\n\t\t\t\t<a data-elementor-open-lightbox=\"yes\" data-elementor-lightbox-slideshow=\"b674a10\" data-elementor-lightbox-title=\"001 (10)\" data-e-action-hash=\"#elementor-action%3Aaction%3Dlightbox%26settings%3DeyJpZCI6MTE3MjQsInVybCI6Imh0dHBzOlwvXC9haHJhbmdyb3VwLmNvbVwvd3AtY29udGVudFwvdXBsb2Fkc1wvMjAyNVwvMDVcLzAwMS0xMC0xLXNjYWxlZC53ZWJwIiwic2xpZGVzaG93IjoiYjY3NGExMCJ9\" href='https:\/\/ahrangroup.com\/wp-content\/uploads\/2025\/05\/001-10-1-scaled.webp'><img loading=\"lazy\" decoding=\"async\" width=\"300\" height=\"169\" src=\"https:\/\/ahrangroup.com\/wp-content\/uploads\/2025\/05\/001-10-1-300x169.webp\" class=\"attachment-medium size-medium\" alt=\"\" \/><\/a>\n\t\t\t<\/div><\/figure><figure class='gallery-item'>\n\t\t\t<div class='gallery-icon landscape'>\n\t\t\t\t<a data-elementor-open-lightbox=\"yes\" data-elementor-lightbox-slideshow=\"b674a10\" data-elementor-lightbox-title=\"001 (11)\" data-e-action-hash=\"#elementor-action%3Aaction%3Dlightbox%26settings%3DeyJpZCI6MTE3MjUsInVybCI6Imh0dHBzOlwvXC9haHJhbmdyb3VwLmNvbVwvd3AtY29udGVudFwvdXBsb2Fkc1wvMjAyNVwvMDVcLzAwMS0xMS0xLXNjYWxlZC53ZWJwIiwic2xpZGVzaG93IjoiYjY3NGExMCJ9\" href='https:\/\/ahrangroup.com\/wp-content\/uploads\/2025\/05\/001-11-1-scaled.webp'><img loading=\"lazy\" decoding=\"async\" width=\"300\" height=\"169\" src=\"https:\/\/ahrangroup.com\/wp-content\/uploads\/2025\/05\/001-11-1-300x169.webp\" class=\"attachment-medium size-medium\" alt=\"\" \/><\/a>\n\t\t\t<\/div><\/figure><figure class='gallery-item'>\n\t\t\t<div class='gallery-icon landscape'>\n\t\t\t\t<a data-elementor-open-lightbox=\"yes\" data-elementor-lightbox-slideshow=\"b674a10\" data-elementor-lightbox-title=\"001 (12)\" data-e-action-hash=\"#elementor-action%3Aaction%3Dlightbox%26settings%3DeyJpZCI6MTE3MjYsInVybCI6Imh0dHBzOlwvXC9haHJhbmdyb3VwLmNvbVwvd3AtY29udGVudFwvdXBsb2Fkc1wvMjAyNVwvMDVcLzAwMS0xMi0xLXNjYWxlZC53ZWJwIiwic2xpZGVzaG93IjoiYjY3NGExMCJ9\" href='https:\/\/ahrangroup.com\/wp-content\/uploads\/2025\/05\/001-12-1-scaled.webp'><img loading=\"lazy\" decoding=\"async\" width=\"300\" height=\"169\" src=\"https:\/\/ahrangroup.com\/wp-content\/uploads\/2025\/05\/001-12-1-300x169.webp\" class=\"attachment-medium size-medium\" alt=\"\" \/><\/a>\n\t\t\t<\/div><\/figure><figure class='gallery-item'>\n\t\t\t<div class='gallery-icon landscape'>\n\t\t\t\t<a data-elementor-open-lightbox=\"yes\" data-elementor-lightbox-slideshow=\"b674a10\" data-elementor-lightbox-title=\"001 (14)\" data-e-action-hash=\"#elementor-action%3Aaction%3Dlightbox%26settings%3DeyJpZCI6MTE3MjgsInVybCI6Imh0dHBzOlwvXC9haHJhbmdyb3VwLmNvbVwvd3AtY29udGVudFwvdXBsb2Fkc1wvMjAyNVwvMDVcLzAwMS0xNC0xLndlYnAiLCJzbGlkZXNob3ciOiJiNjc0YTEwIn0%3D\" href='https:\/\/ahrangroup.com\/wp-content\/uploads\/2025\/05\/001-14-1.webp'><img loading=\"lazy\" decoding=\"async\" width=\"300\" height=\"169\" src=\"https:\/\/ahrangroup.com\/wp-content\/uploads\/2025\/05\/001-14-1-300x169.webp\" class=\"attachment-medium size-medium\" alt=\"\" \/><\/a>\n\t\t\t<\/div><\/figure><figure class='gallery-item'>\n\t\t\t<div class='gallery-icon landscape'>\n\t\t\t\t<a data-elementor-open-lightbox=\"yes\" data-elementor-lightbox-slideshow=\"b674a10\" data-elementor-lightbox-title=\"001 (15)\" data-e-action-hash=\"#elementor-action%3Aaction%3Dlightbox%26settings%3DeyJpZCI6MTE3MjksInVybCI6Imh0dHBzOlwvXC9haHJhbmdyb3VwLmNvbVwvd3AtY29udGVudFwvdXBsb2Fkc1wvMjAyNVwvMDVcLzAwMS0xNS0xLndlYnAiLCJzbGlkZXNob3ciOiJiNjc0YTEwIn0%3D\" href='https:\/\/ahrangroup.com\/wp-content\/uploads\/2025\/05\/001-15-1.webp'><img loading=\"lazy\" decoding=\"async\" width=\"300\" height=\"169\" src=\"https:\/\/ahrangroup.com\/wp-content\/uploads\/2025\/05\/001-15-1-300x169.webp\" class=\"attachment-medium size-medium\" alt=\"\" \/><\/a>\n\t\t\t<\/div><\/figure><figure class='gallery-item'>\n\t\t\t<div class='gallery-icon landscape'>\n\t\t\t\t<a data-elementor-open-lightbox=\"yes\" data-elementor-lightbox-slideshow=\"b674a10\" data-elementor-lightbox-title=\"001 (16)\" data-e-action-hash=\"#elementor-action%3Aaction%3Dlightbox%26settings%3DeyJpZCI6MTE3MzAsInVybCI6Imh0dHBzOlwvXC9haHJhbmdyb3VwLmNvbVwvd3AtY29udGVudFwvdXBsb2Fkc1wvMjAyNVwvMDVcLzAwMS0xNi0xLndlYnAiLCJzbGlkZXNob3ciOiJiNjc0YTEwIn0%3D\" href='https:\/\/ahrangroup.com\/wp-content\/uploads\/2025\/05\/001-16-1.webp'><img loading=\"lazy\" decoding=\"async\" width=\"300\" height=\"169\" src=\"https:\/\/ahrangroup.com\/wp-content\/uploads\/2025\/05\/001-16-1-300x169.webp\" class=\"attachment-medium size-medium\" alt=\"\" \/><\/a>\n\t\t\t<\/div><\/figure><figure class='gallery-item'>\n\t\t\t<div class='gallery-icon landscape'>\n\t\t\t\t<a data-elementor-open-lightbox=\"yes\" data-elementor-lightbox-slideshow=\"b674a10\" data-elementor-lightbox-title=\"001 (17)\" data-e-action-hash=\"#elementor-action%3Aaction%3Dlightbox%26settings%3DeyJpZCI6MTE3MzEsInVybCI6Imh0dHBzOlwvXC9haHJhbmdyb3VwLmNvbVwvd3AtY29udGVudFwvdXBsb2Fkc1wvMjAyNVwvMDVcLzAwMS0xNy0xLndlYnAiLCJzbGlkZXNob3ciOiJiNjc0YTEwIn0%3D\" href='https:\/\/ahrangroup.com\/wp-content\/uploads\/2025\/05\/001-17-1.webp'><img loading=\"lazy\" decoding=\"async\" width=\"300\" height=\"169\" src=\"https:\/\/ahrangroup.com\/wp-content\/uploads\/2025\/05\/001-17-1-300x169.webp\" class=\"attachment-medium size-medium\" alt=\"\" \/><\/a>\n\t\t\t<\/div><\/figure>\n\t\t<\/div>\n\t\t<\/div>\n\t\t\t\t\t\t<\/div>\n\t\t\t\t\t\t<\/div>\r\n\t\t\t\t\r\n\t\t\t<\/div>\r\n\t\t\t\t\t\t<div class=\"elementor-element elementor-element-975254a e-flex e-con-boxed e-con e-parent\" data-id=\"975254a\" data-element_type=\"container\">\r\n\t\t\t\t\t\t\t<div class=\"e-con-inner\">\r\n\t\t\t\t\t\t\t\t<\/div>\r\n\t\t\t\t\r\n\t\t\t<\/div>\r\n\t\t\t\t\t<\/div>","protected":false},"excerpt":{"rendered":"<p>CNC Router Ahran Group makina cnc kendi imalat\u0131 olan k\u00fc\u00e7\u00fck cnc, mini cnc , ekonomik cnc ve b\u00fcy\u00fck profesyonel cnc router makineleri t\u00fcrkiyenin binlerce noktas\u0131nda hizmetine devam etmektedir. Geni\u015f cnc router servis ve yedek par\u00e7a a\u011f\u0131 ile t\u00fcrk \u00fcretiminde kaliteyi ucuza \u00fcreterek kalitede alman fiyatlarda ise \u00e7in \u00fcr\u00fcnleri ile yar\u0131\u015farak t\u00fcrkiyede ses getirmeyi ba\u015farm\u0131\u015ft\u0131r. Cnc [&hellip;]<\/p>","protected":false},"author":1,"featured_media":0,"parent":0,"menu_order":0,"comment_status":"closed","ping_status":"closed","template":"","meta":{"_acf_changed":false,"footnotes":""},"class_list":["post-11709","page","type-page","status-publish","hentry"],"acf":[],"_links":{"self":[{"href":"https:\/\/ahrangroup.com\/en\/wp-json\/wp\/v2\/pages\/11709","targetHints":{"allow":["GET"]}}],"collection":[{"href":"https:\/\/ahrangroup.com\/en\/wp-json\/wp\/v2\/pages"}],"about":[{"href":"https:\/\/ahrangroup.com\/en\/wp-json\/wp\/v2\/types\/page"}],"author":[{"embeddable":true,"href":"https:\/\/ahrangroup.com\/en\/wp-json\/wp\/v2\/users\/1"}],"replies":[{"embeddable":true,"href":"https:\/\/ahrangroup.com\/en\/wp-json\/wp\/v2\/comments?post=11709"}],"version-history":[{"count":0,"href":"https:\/\/ahrangroup.com\/en\/wp-json\/wp\/v2\/pages\/11709\/revisions"}],"wp:attachment":[{"href":"https:\/\/ahrangroup.com\/en\/wp-json\/wp\/v2\/media?parent=11709"}],"curies":[{"name":"wp","href":"https:\/\/api.w.org\/{rel}","templated":true}]}}