{"id":11689,"date":"2025-05-23T10:30:41","date_gmt":"2025-05-23T07:30:41","guid":{"rendered":"https:\/\/ahrangroup.com\/?page_id=11689"},"modified":"2025-08-22T11:19:48","modified_gmt":"2025-08-22T08:19:48","slug":"projeler","status":"publish","type":"page","link":"https:\/\/ahrangroup.com\/en\/projeler\/","title":{"rendered":"Projects"},"content":{"rendered":"<div data-elementor-type=\"wp-page\" data-elementor-id=\"11689\" class=\"elementor elementor-11689\">\n\t\t\t\t\t\t\t<div class=\"elementor-element elementor-element-48cce74 e-flex e-con-boxed e-con e-parent\" data-id=\"48cce74\" data-element_type=\"container\">\r\n\t\t\t\t\t\t\t<div class=\"e-con-inner\">\r\n\t\t\t\t\t\t\t<div class=\"elementor-element elementor-element-dbed4a5 e-grid e-con-full e-con e-child\" data-id=\"dbed4a5\" data-element_type=\"container\">\r\n\t\t\t\t\t<div class=\"elementor-element elementor-element-630ee3e elementor-widget elementor-widget-udesign_widget_imagebox\" data-id=\"630ee3e\" data-element_type=\"widget\" data-widget_type=\"udesign_widget_imagebox.default\">\n\t\t\t\t\t<div class=\"image-box image-box-popup overlay-zoom\"><figure class=\"has-link\"><img fetchpriority=\"high\" decoding=\"async\" width=\"355\" height=\"355\" src=\"https:\/\/ahrangroup.com\/wp-content\/uploads\/2025\/05\/001-41.webp\" class=\"attachment-Custom-portfolio size-Custom-portfolio wp-image-11541\" alt=\"\" \/><a href=\"https:\/\/ahrangroup.com\/en\/big-bag-dolum-sistemi\/\" aria-label=\"Image\" data-no-translation-aria-label=\"\"><\/a><\/figure><div class=\"image-box-content\"><h3 class=\"title\"><a href=\"https:\/\/ahrangroup.com\/en\/big-bag-dolum-sistemi\/\" aria-label=\"Image\" data-no-translation-aria-label=\"\">Big Bag Filling System<\/a><\/h3><\/div><\/div>\t\t\t\t<\/div>\n\t\t\t\t<div class=\"elementor-element elementor-element-bc23a46 elementor-widget elementor-widget-udesign_widget_imagebox\" data-id=\"bc23a46\" data-element_type=\"widget\" data-widget_type=\"udesign_widget_imagebox.default\">\n\t\t\t\t\t<div class=\"image-box image-box-popup overlay-zoom\"><figure class=\"has-link\"><img decoding=\"async\" src=\"https:\/\/ahrangroup.com\/wp-content\/uploads\/elementor\/thumbs\/001-7-1-scaled-r682nwkwpcxc3qj3siyvt81hpquoy1fgf8y6p84zgo.webp\" title=\"001 (7)\" alt=\"001 (7)\" loading=\"lazy\" \/><a href=\"https:\/\/ahrangroup.com\/en\/cnc-router\/\" aria-label=\"Image\" data-no-translation-aria-label=\"\"><\/a><\/figure><div class=\"image-box-content\"><h3 class=\"title\"><a href=\"https:\/\/ahrangroup.com\/en\/cnc-router\/\" aria-label=\"Image\" data-no-translation-aria-label=\"\">CNC Router<\/a><\/h3><\/div><\/div>\t\t\t\t<\/div>\n\t\t\t\t<div class=\"elementor-element elementor-element-acee66b elementor-widget elementor-widget-udesign_widget_imagebox\" data-id=\"acee66b\" data-element_type=\"widget\" data-widget_type=\"udesign_widget_imagebox.default\">\n\t\t\t\t\t<div class=\"image-box image-box-popup overlay-zoom\"><figure class=\"has-link\"><img decoding=\"async\" src=\"https:\/\/ahrangroup.com\/wp-content\/uploads\/elementor\/thumbs\/bigbag-yukleme-bunkeri-r6811lnasb41yh7x8toynfp78c82hwyu2o6y2cl3ew.jpg\" title=\"bigbag y\u00fckleme bunkeri\" alt=\"bigbag y\u00fckleme bunkeri\" loading=\"lazy\" \/><a href=\"https:\/\/ahrangroup.com\/en\/big-bag-bosaltim-bunkeri\/\" aria-label=\"Image\" data-no-translation-aria-label=\"\"><\/a><\/figure><div class=\"image-box-content\"><h3 class=\"title\"><a href=\"https:\/\/ahrangroup.com\/en\/big-bag-bosaltim-bunkeri\/\" aria-label=\"Image\" data-no-translation-aria-label=\"\">Big Bag Discharge Bunker<\/a><\/h3><\/div><\/div>\t\t\t\t<\/div>\n\t\t\r\n\t\t\t<\/div>\r\n\t\t\t\t\t\t\t<\/div>\r\n\t\t\t\t\r\n\t\t\t<\/div>\r\n\t\t\t\t\t\t<div class=\"elementor-element elementor-element-ba7ce42 e-flex e-con-boxed e-con e-parent\" data-id=\"ba7ce42\" data-element_type=\"container\">\r\n\t\t\t\t\t\t\t<div class=\"e-con-inner\">\r\n\t\t\t\t\t\t<div class=\"elementor-element elementor-element-d9ba200 elementor-widget elementor-widget-spacer\" data-id=\"d9ba200\" data-element_type=\"widget\" data-widget_type=\"spacer.default\">\n\t\t\t\t\t\t\t<div class=\"elementor-spacer\">\n\t\t\t<div class=\"elementor-spacer-inner\"><\/div>\n\t\t<\/div>\n\t\t\t\t\t\t<\/div>\n\t\t\t\t\t\t<\/div>\r\n\t\t\t\t\r\n\t\t\t<\/div>\r\n\t\t\t\t\t\t<div class=\"elementor-element elementor-element-d0de9c9 e-flex e-con-boxed e-con e-parent\" data-id=\"d0de9c9\" data-element_type=\"container\">\r\n\t\t\t\t\t\t\t<div class=\"e-con-inner\">\r\n\t\t\t\t\t\t\t<div class=\"elementor-element elementor-element-b2dac20 e-grid e-con-full e-con e-child\" data-id=\"b2dac20\" data-element_type=\"container\">\r\n\t\t\t\t\t<div class=\"elementor-element elementor-element-d9e7c16 elementor-widget elementor-widget-udesign_widget_imagebox\" data-id=\"d9e7c16\" data-element_type=\"widget\" data-widget_type=\"udesign_widget_imagebox.default\">\n\t\t\t\t\t<div class=\"image-box image-box-popup overlay-zoom\"><figure class=\"has-link\"><img decoding=\"async\" src=\"https:\/\/ahrangroup.com\/wp-content\/uploads\/elementor\/thumbs\/k2-Kopya-r6kfyy0o4y7lmwjts15mxugs8vwasvjohj20uyr7go.jpg\" title=\"k2 &#8211; Kopya\" alt=\"k2 - Kopya\" loading=\"lazy\" \/><a href=\"https:\/\/ahrangroup.com\/en\/gdx-kedi-kumu-bentonit-geri-kazanim-sistemi\/\" aria-label=\"Image\" data-no-translation-aria-label=\"\"><\/a><\/figure><div class=\"image-box-content\"><h3 class=\"title\"><a href=\"https:\/\/ahrangroup.com\/en\/gdx-kedi-kumu-bentonit-geri-kazanim-sistemi\/\" aria-label=\"Image\" data-no-translation-aria-label=\"\">GDX Cat Litter (Bentonite) Recovery System <br>Geri Kazan\u0131m Sistemi<\/a><\/h3><\/div><\/div>\t\t\t\t<\/div>\n\t\t\t\t<div class=\"elementor-element elementor-element-353b2ab elementor-widget elementor-widget-udesign_widget_imagebox\" data-id=\"353b2ab\" data-element_type=\"widget\" data-widget_type=\"udesign_widget_imagebox.default\">\n\t\t\t\t\t<div class=\"image-box image-box-popup overlay-zoom\"><figure class=\"has-link\"><img decoding=\"async\" src=\"https:\/\/ahrangroup.com\/wp-content\/uploads\/elementor\/thumbs\/IMG-20160223-WA0003-Kopya-r6kg3er2lmbms82cpgmua7wltrw2d49s3mm1xa4vwo.jpg\" title=\"IMG-20160223-WA0003 &#8211; Kopya\" alt=\"IMG-20160223-WA0003 - Kopya\" loading=\"lazy\" \/><a href=\"https:\/\/ahrangroup.com\/en\/jel-kavanoz-dolum-makinasi\/\" aria-label=\"Image\" data-no-translation-aria-label=\"\"><\/a><\/figure><div class=\"image-box-content\"><h3 class=\"title\"><a href=\"https:\/\/ahrangroup.com\/en\/jel-kavanoz-dolum-makinasi\/\" aria-label=\"Image\" data-no-translation-aria-label=\"\">Gel Jar Filling Machine<\/a><\/h3><\/div><\/div>\t\t\t\t<\/div>\n\t\t\t\t<div class=\"elementor-element elementor-element-46451b5 elementor-widget elementor-widget-udesign_widget_imagebox\" data-id=\"46451b5\" data-element_type=\"widget\" data-widget_type=\"udesign_widget_imagebox.default\">\n\t\t\t\t\t<div class=\"image-box image-box-popup overlay-zoom\"><figure class=\"has-link\"><img decoding=\"async\" src=\"https:\/\/ahrangroup.com\/wp-content\/uploads\/elementor\/thumbs\/kapak-r6kg5pgvb1gv5wq7age0dn163okd6he5r00s5mq8p4.jpg\" title=\"kapak\" alt=\"kapak\" loading=\"lazy\" \/><a href=\"https:\/\/ahrangroup.com\/en\/jel-tup-dolum-makinasi\/\" aria-label=\"Image\" data-no-translation-aria-label=\"\"><\/a><\/figure><div class=\"image-box-content\"><h3 class=\"title\"><a href=\"https:\/\/ahrangroup.com\/en\/jel-tup-dolum-makinasi\/\" aria-label=\"Image\" data-no-translation-aria-label=\"\">Gel Tube Filling Machine<\/a><\/h3><\/div><\/div>\t\t\t\t<\/div>\n\t\t\r\n\t\t\t<\/div>\r\n\t\t\t\t\t\t\t<\/div>\r\n\t\t\t\t\r\n\t\t\t<\/div>\r\n\t\t\t\t\t\t<div class=\"elementor-element elementor-element-0459413 e-flex e-con-boxed e-con e-parent\" data-id=\"0459413\" data-element_type=\"container\">\r\n\t\t\t\t\t\t\t<div class=\"e-con-inner\">\r\n\t\t\t\t\t\t<div class=\"elementor-element elementor-element-3d67be3 elementor-widget elementor-widget-spacer\" data-id=\"3d67be3\" data-element_type=\"widget\" data-widget_type=\"spacer.default\">\n\t\t\t\t\t\t\t<div class=\"elementor-spacer\">\n\t\t\t<div class=\"elementor-spacer-inner\"><\/div>\n\t\t<\/div>\n\t\t\t\t\t\t<\/div>\n\t\t\t\t\t\t<\/div>\r\n\t\t\t\t\r\n\t\t\t<\/div>\r\n\t\t\t\t\t\t<div class=\"elementor-element elementor-element-5b21df7 e-flex e-con-boxed e-con e-parent\" data-id=\"5b21df7\" data-element_type=\"container\">\r\n\t\t\t\t\t\t\t<div class=\"e-con-inner\">\r\n\t\t\t\t\t\t\t<div class=\"elementor-element elementor-element-4be50c8 e-grid e-con-full e-con e-child\" data-id=\"4be50c8\" data-element_type=\"container\">\r\n\t\t\t\t\t<div class=\"elementor-element elementor-element-227ae06 elementor-widget elementor-widget-udesign_widget_imagebox\" data-id=\"227ae06\" data-element_type=\"widget\" data-widget_type=\"udesign_widget_imagebox.default\">\n\t\t\t\t\t<div class=\"image-box image-box-popup overlay-zoom\"><figure class=\"has-link\"><img decoding=\"async\" src=\"https:\/\/ahrangroup.com\/wp-content\/uploads\/elementor\/thumbs\/kapak-1-r6kgc9ecygfu417i0sdd9hhv7e9huiesbfrnm30fbc.jpg\" title=\"kapak\" alt=\"kapak\" loading=\"lazy\" \/><a href=\"https:\/\/ahrangroup.com\/en\/konveyor-bantlar\/\" aria-label=\"Image\" data-no-translation-aria-label=\"\"><\/a><\/figure><div class=\"image-box-content\"><h3 class=\"title\"><a href=\"https:\/\/ahrangroup.com\/en\/konveyor-bantlar\/\" aria-label=\"Image\" data-no-translation-aria-label=\"\">Conveyor Belts<\/a><\/h3><\/div><\/div>\t\t\t\t<\/div>\n\t\t\t\t<div class=\"elementor-element elementor-element-f8c25f2 elementor-widget elementor-widget-udesign_widget_imagebox\" data-id=\"f8c25f2\" data-element_type=\"widget\" data-widget_type=\"udesign_widget_imagebox.default\">\n\t\t\t\t\t<div class=\"image-box image-box-popup overlay-zoom\"><figure class=\"has-link\"><img decoding=\"async\" src=\"https:\/\/ahrangroup.com\/wp-content\/uploads\/elementor\/thumbs\/elevator-r6gni10r0gsr38u3readklqd5f1d11lwculec36pag.jpg\" title=\"elevator\" alt=\"elevator\" loading=\"lazy\" \/><a href=\"https:\/\/ahrangroup.com\/en\/kovali-elevator\/\" aria-label=\"Image\" data-no-translation-aria-label=\"\"><\/a><\/figure><div class=\"image-box-content\"><h3 class=\"title\"><a href=\"https:\/\/ahrangroup.com\/en\/kovali-elevator\/\" aria-label=\"Image\" data-no-translation-aria-label=\"\">Bucket Elevator<\/a><\/h3><\/div><\/div>\t\t\t\t<\/div>\n\t\t\t\t<div class=\"elementor-element elementor-element-ff11ec4 elementor-widget elementor-widget-udesign_widget_imagebox\" data-id=\"ff11ec4\" data-element_type=\"widget\" data-widget_type=\"udesign_widget_imagebox.default\">\n\t\t\t\t\t<div class=\"image-box image-box-popup overlay-zoom\"><figure class=\"has-link\"><img decoding=\"async\" src=\"https:\/\/ahrangroup.com\/wp-content\/uploads\/elementor\/thumbs\/kapak-2-r6kj2jeviuz40agc59p3yoov5pv2n8kghvb9zlakqw.jpg\" title=\"kapak\" alt=\"kapak\" loading=\"lazy\" \/><a href=\"https:\/\/ahrangroup.com\/en\/mixer-jel-karisim\/\" aria-label=\"Image\" data-no-translation-aria-label=\"\"><\/a><\/figure><div class=\"image-box-content\"><h3 class=\"title\"><a href=\"https:\/\/ahrangroup.com\/en\/mixer-jel-karisim\/\" aria-label=\"Image\" data-no-translation-aria-label=\"\">Mixer \u2013 Jelly Blending<\/a><\/h3><\/div><\/div>\t\t\t\t<\/div>\n\t\t\r\n\t\t\t<\/div>\r\n\t\t\t\t\t\t\t<\/div>\r\n\t\t\t\t\r\n\t\t\t<\/div>\r\n\t\t\t\t\t\t<div class=\"elementor-element elementor-element-169935b e-flex e-con-boxed e-con e-parent\" data-id=\"169935b\" data-element_type=\"container\">\r\n\t\t\t\t\t\t\t<div class=\"e-con-inner\">\r\n\t\t\t\t\t\t<div class=\"elementor-element elementor-element-eff4512 elementor-widget elementor-widget-spacer\" data-id=\"eff4512\" data-element_type=\"widget\" data-widget_type=\"spacer.default\">\n\t\t\t\t\t\t\t<div class=\"elementor-spacer\">\n\t\t\t<div class=\"elementor-spacer-inner\"><\/div>\n\t\t<\/div>\n\t\t\t\t\t\t<\/div>\n\t\t\t\t\t\t<\/div>\r\n\t\t\t\t\r\n\t\t\t<\/div>\r\n\t\t\t\t\t\t<div class=\"elementor-element elementor-element-2ea09fd e-flex e-con-boxed e-con e-parent\" data-id=\"2ea09fd\" data-element_type=\"container\">\r\n\t\t\t\t\t\t\t<div class=\"e-con-inner\">\r\n\t\t\t\t\t\t\t<div class=\"elementor-element elementor-element-ed9a270 e-grid e-con-full e-con e-child\" data-id=\"ed9a270\" data-element_type=\"container\">\r\n\t\t\t\t\t<div class=\"elementor-element elementor-element-47ca8c7 elementor-widget elementor-widget-udesign_widget_imagebox\" data-id=\"47ca8c7\" data-element_type=\"widget\" data-widget_type=\"udesign_widget_imagebox.default\">\n\t\t\t\t\t<div class=\"image-box image-box-popup overlay-zoom\"><figure class=\"has-link\"><img decoding=\"async\" src=\"https:\/\/ahrangroup.com\/wp-content\/uploads\/elementor\/thumbs\/kapak-3-r6kjdth5jaezbu2ia57xvu7zs69n0hci1p51b4ki2w.jpg\" title=\"kapak\" alt=\"kapak\" loading=\"lazy\" \/><a href=\"https:\/\/ahrangroup.com\/en\/pinofan-toz-dolum-tesisi\/\" aria-label=\"Image\" data-no-translation-aria-label=\"\"><\/a><\/figure><div class=\"image-box-content\"><h3 class=\"title\"><a href=\"https:\/\/ahrangroup.com\/en\/pinofan-toz-dolum-tesisi\/\" aria-label=\"Image\" data-no-translation-aria-label=\"\">Pinafan Powder Casting<\/a><\/h3><\/div><\/div>\t\t\t\t<\/div>\n\t\t\t\t<div class=\"elementor-element elementor-element-39d98c3 elementor-widget elementor-widget-udesign_widget_imagebox\" data-id=\"39d98c3\" data-element_type=\"widget\" data-widget_type=\"udesign_widget_imagebox.default\">\n\t\t\t\t\t<div class=\"image-box image-box-popup overlay-zoom\"><figure class=\"has-link\"><img decoding=\"async\" src=\"https:\/\/ahrangroup.com\/wp-content\/uploads\/elementor\/thumbs\/kapak-4-r6kjg8w56vqnbkjj3p08tq5v10arwbzjdpt6xuyw08.jpg\" title=\"kapak\" alt=\"kapak\" loading=\"lazy\" \/><a href=\"https:\/\/ahrangroup.com\/en\/pvc-konveyor-bantlar\/\" aria-label=\"Image\" data-no-translation-aria-label=\"\"><\/a><\/figure><div class=\"image-box-content\"><h3 class=\"title\"><a href=\"https:\/\/ahrangroup.com\/en\/pvc-konveyor-bantlar\/\" aria-label=\"Image\" data-no-translation-aria-label=\"\">PVC Conveyor Belts<\/a><\/h3><\/div><\/div>\t\t\t\t<\/div>\n\t\t\t\t<div class=\"elementor-element elementor-element-f6bd151 elementor-widget elementor-widget-udesign_widget_imagebox\" data-id=\"f6bd151\" data-element_type=\"widget\" data-widget_type=\"udesign_widget_imagebox.default\">\n\t\t\t\t\t<div class=\"image-box image-box-popup overlay-zoom\"><figure class=\"has-link\"><img decoding=\"async\" src=\"https:\/\/ahrangroup.com\/wp-content\/uploads\/elementor\/thumbs\/kapak-5-r6kjiq6t854vyixtm9lswlmngm2n7ku1dzsbj5ahl4.jpg\" title=\"kapak\" alt=\"kapak\" loading=\"lazy\" \/><a href=\"https:\/\/ahrangroup.com\/en\/ribon-mixer\/\" aria-label=\"Image\" data-no-translation-aria-label=\"\"><\/a><\/figure><div class=\"image-box-content\"><h3 class=\"title\"><a href=\"https:\/\/ahrangroup.com\/en\/ribon-mixer\/\" aria-label=\"Image\" data-no-translation-aria-label=\"\">Ribon Mixer<\/a><\/h3><\/div><\/div>\t\t\t\t<\/div>\n\t\t\r\n\t\t\t<\/div>\r\n\t\t\t\t\t\t\t<\/div>\r\n\t\t\t\t\r\n\t\t\t<\/div>\r\n\t\t\t\t\t\t<div class=\"elementor-element elementor-element-6b44bab e-flex e-con-boxed e-con e-parent\" data-id=\"6b44bab\" data-element_type=\"container\">\r\n\t\t\t\t\t\t\t<div class=\"e-con-inner\">\r\n\t\t\t\t\t\t<div class=\"elementor-element elementor-element-28a9252 elementor-widget elementor-widget-spacer\" data-id=\"28a9252\" data-element_type=\"widget\" data-widget_type=\"spacer.default\">\n\t\t\t\t\t\t\t<div class=\"elementor-spacer\">\n\t\t\t<div class=\"elementor-spacer-inner\"><\/div>\n\t\t<\/div>\n\t\t\t\t\t\t<\/div>\n\t\t\t\t\t\t<\/div>\r\n\t\t\t\t\r\n\t\t\t<\/div>\r\n\t\t\t\t\t\t<div class=\"elementor-element elementor-element-f6ee4fd e-flex e-con-boxed e-con e-parent\" data-id=\"f6ee4fd\" data-element_type=\"container\">\r\n\t\t\t\t\t\t\t<div class=\"e-con-inner\">\r\n\t\t\t\t\t\t\t<div class=\"elementor-element elementor-element-991a5cb e-grid e-con-full e-con e-child\" data-id=\"991a5cb\" data-element_type=\"container\">\r\n\t\t\t\t\t<div class=\"elementor-element elementor-element-4156ae5 elementor-widget elementor-widget-udesign_widget_imagebox\" data-id=\"4156ae5\" data-element_type=\"widget\" data-widget_type=\"udesign_widget_imagebox.default\">\n\t\t\t\t\t<div class=\"image-box image-box-popup overlay-zoom\"><figure class=\"has-link\"><img decoding=\"async\" src=\"https:\/\/ahrangroup.com\/wp-content\/uploads\/elementor\/thumbs\/kapak-6-r6kjux5fvrtskf87f1ckr0uwvjz2288oqcg2nd7mvc.jpg\" title=\"kapak\" alt=\"kapak\" loading=\"lazy\" \/><a href=\"https:\/\/ahrangroup.com\/en\/sivi-likit-dolum-makinasi\/\" aria-label=\"Image\" data-no-translation-aria-label=\"\"><\/a><\/figure><div class=\"image-box-content\"><h3 class=\"title\"><a href=\"https:\/\/ahrangroup.com\/en\/sivi-likit-dolum-makinasi\/\" aria-label=\"Image\" data-no-translation-aria-label=\"\">Liquid Filling Machine<\/a><\/h3><\/div><\/div>\t\t\t\t<\/div>\n\t\t\t\t<div class=\"elementor-element elementor-element-fd26b04 elementor-widget elementor-widget-udesign_widget_imagebox\" data-id=\"fd26b04\" data-element_type=\"widget\" data-widget_type=\"udesign_widget_imagebox.default\">\n\t\t\t\t\t<div class=\"image-box image-box-popup overlay-zoom\"><figure class=\"has-link\"><img decoding=\"async\" src=\"https:\/\/ahrangroup.com\/wp-content\/uploads\/elementor\/thumbs\/kapak-7-r6kk105u465lpke2w60ndzlbabzkvpe58gg7gu6wlk.jpg\" title=\"kapak\" alt=\"kapak\" loading=\"lazy\" \/><a href=\"https:\/\/ahrangroup.com\/en\/teleskopik-konveyor-yukleme-unitesi\/\" aria-label=\"Image\" data-no-translation-aria-label=\"\"><\/a><\/figure><div class=\"image-box-content\"><h3 class=\"title\"><a href=\"https:\/\/ahrangroup.com\/en\/teleskopik-konveyor-yukleme-unitesi\/\" aria-label=\"Image\" data-no-translation-aria-label=\"\">Telescopic Conveyor Loading Unit<\/a><\/h3><\/div><\/div>\t\t\t\t<\/div>\n\t\t\t\t<div class=\"elementor-element elementor-element-975d765 elementor-widget elementor-widget-udesign_widget_imagebox\" data-id=\"975d765\" data-element_type=\"widget\" data-widget_type=\"udesign_widget_imagebox.default\">\n\t\t\t\t\t<div class=\"image-box image-box-popup overlay-zoom\"><figure class=\"has-link\"><img decoding=\"async\" src=\"https:\/\/ahrangroup.com\/wp-content\/uploads\/elementor\/thumbs\/001-6-Kopya-r76y127ns0y7eyy6i0ml1dyjghjbrw4lklrs6xsm88.png\" title=\"001 (6) &#8211; Kopya\" alt=\"001 (6) - Kopya\" loading=\"lazy\" \/><a href=\"https:\/\/ahrangroup.com\/en\/z-elevator\/\" aria-label=\"Image\" data-no-translation-aria-label=\"\"><\/a><\/figure><div class=\"image-box-content\"><h3 class=\"title\"><a href=\"https:\/\/ahrangroup.com\/en\/z-elevator\/\" aria-label=\"Image\" data-no-translation-aria-label=\"\">Z Elevator<\/a><\/h3><\/div><\/div>\t\t\t\t<\/div>\n\t\t\r\n\t\t\t<\/div>\r\n\t\t\t\t\t\t\t<\/div>\r\n\t\t\t\t\r\n\t\t\t<\/div>\r\n\t\t\t\t\t\t<div class=\"elementor-element elementor-element-ff69fe9 e-flex e-con-boxed e-con e-parent\" data-id=\"ff69fe9\" data-element_type=\"container\">\r\n\t\t\t\t\t\t\t<div class=\"e-con-inner\">\r\n\t\t\t\t\t\t<div class=\"elementor-element elementor-element-793f8eb elementor-widget elementor-widget-spacer\" data-id=\"793f8eb\" data-element_type=\"widget\" data-widget_type=\"spacer.default\">\n\t\t\t\t\t\t\t<div class=\"elementor-spacer\">\n\t\t\t<div class=\"elementor-spacer-inner\"><\/div>\n\t\t<\/div>\n\t\t\t\t\t\t<\/div>\n\t\t\t\t\t\t<\/div>\r\n\t\t\t\t\r\n\t\t\t<\/div>\r\n\t\t\t\t\t\t<div class=\"elementor-element elementor-element-07628a1 e-flex e-con-boxed e-con e-parent\" data-id=\"07628a1\" data-element_type=\"container\">\r\n\t\t\t\t\t\t\t<div class=\"e-con-inner\">\r\n\t\t\t\t\t\t\t<div class=\"elementor-element elementor-element-550b2a3 e-grid e-con-full e-con e-child\" data-id=\"550b2a3\" data-element_type=\"container\">\r\n\t\t\t\t\t<div class=\"elementor-element elementor-element-b05e5bc elementor-widget elementor-widget-udesign_widget_imagebox\" data-id=\"b05e5bc\" data-element_type=\"widget\" data-widget_type=\"udesign_widget_imagebox.default\">\n\t\t\t\t\t<div class=\"image-box image-box-popup overlay-zoom\"><figure class=\"has-link\"><img decoding=\"async\" src=\"https:\/\/ahrangroup.com\/wp-content\/uploads\/elementor\/thumbs\/bigbag-r6rii6m6r7zslsfnwe4pj197kpgjdjywncme9ubvyg.jpg\" title=\"bigbag\" alt=\"bigbag\" loading=\"lazy\" \/><a href=\"https:\/\/ahrangroup.com\/en\/urun-bunkeri\/\" aria-label=\"Image\" data-no-translation-aria-label=\"\"><\/a><\/figure><div class=\"image-box-content\"><h3 class=\"title\"><a href=\"https:\/\/ahrangroup.com\/en\/urun-bunkeri\/\" aria-label=\"Image\" data-no-translation-aria-label=\"\">Product Bunkers<\/a><\/h3><\/div><\/div>\t\t\t\t<\/div>\n\t\t\r\n\t\t\t<\/div>\r\n\t\t\t\t\t\t\t<\/div>\r\n\t\t\t\t\r\n\t\t\t<\/div>\r\n\t\t\t\t\t<\/div>","protected":false},"excerpt":{"rendered":"<p>Bigbag Dolum Sistemi CNC Router Bigbag Bo\u015falt\u0131m Bunkeri Gdx Kedi Kumu (Bentonit) Geri Kazan\u0131m Sistemi Jel Kavanoz Dolum Makinas\u0131 Jel T\u00fcp Dolum Makinas\u0131 Konvey\u00f6r Bantlar Koval\u0131 Elevat\u00f6r Mixer Jel Kar\u0131\u015f\u0131m Pinofan Toz Dolum Pvc Konvey\u00f6r Bantlar Ribon Mixer S\u0131v\u0131 Likit Dolum Makinas\u0131 Teleskopik Konvey\u00f6r Y\u00fckleme \u00dcnitesi Z Elevat\u00f6r \u00dcr\u00fcn Bunkerleri<\/p>","protected":false},"author":1,"featured_media":0,"parent":0,"menu_order":0,"comment_status":"closed","ping_status":"closed","template":"","meta":{"_acf_changed":false,"footnotes":""},"class_list":["post-11689","page","type-page","status-publish","hentry"],"acf":[],"_links":{"self":[{"href":"https:\/\/ahrangroup.com\/en\/wp-json\/wp\/v2\/pages\/11689","targetHints":{"allow":["GET"]}}],"collection":[{"href":"https:\/\/ahrangroup.com\/en\/wp-json\/wp\/v2\/pages"}],"about":[{"href":"https:\/\/ahrangroup.com\/en\/wp-json\/wp\/v2\/types\/page"}],"author":[{"embeddable":true,"href":"https:\/\/ahrangroup.com\/en\/wp-json\/wp\/v2\/users\/1"}],"replies":[{"embeddable":true,"href":"https:\/\/ahrangroup.com\/en\/wp-json\/wp\/v2\/comments?post=11689"}],"version-history":[{"count":0,"href":"https:\/\/ahrangroup.com\/en\/wp-json\/wp\/v2\/pages\/11689\/revisions"}],"wp:attachment":[{"href":"https:\/\/ahrangroup.com\/en\/wp-json\/wp\/v2\/media?parent=11689"}],"curies":[{"name":"wp","href":"https:\/\/api.w.org\/{rel}","templated":true}]}}