{"id":11607,"date":"2025-05-22T11:48:31","date_gmt":"2025-05-22T08:48:31","guid":{"rendered":"https:\/\/ahrangroup.com\/?page_id=11607"},"modified":"2025-06-12T09:53:41","modified_gmt":"2025-06-12T06:53:41","slug":"hizmetlerimiz","status":"publish","type":"page","link":"https:\/\/ahrangroup.com\/en\/hizmetlerimiz\/","title":{"rendered":"Our Services"},"content":{"rendered":"<div data-elementor-type=\"wp-page\" data-elementor-id=\"11607\" class=\"elementor elementor-11607\">\n\t\t\t\t\t\t<section class=\"elementor-section elementor-top-section elementor-element elementor-element-87eaa58 elementor-section-boxed elementor-section-height-default elementor-section-height-default smart-sticky-default\" data-id=\"87eaa58\" data-element_type=\"section\">\r\n\t\t\t\t\t\t\t\t<div class=\"elementor-container elementor-column-gap-default\">\r\n\t\t\t\t\r\n\t\t\t\t\t\t\t\t<div class=\"elementor-column elementor-col-100 elementor-top-column elementor-element elementor-element-2ec869d\" data-id=\"2ec869d\" data-element_type=\"column\">\r\n\r\n\t\t\t\t\r\n\t\t\t\t<div class=\"elementor-widget-wrap elementor-element-populated\">\r\n\t\t\t\t\t\t\t\t\t\t\r\n\t\t\t\t\t\t<div class=\"elementor-element elementor-element-7cc021a elementor-widget-divider--view-line elementor-invisible elementor-widget elementor-widget-divider\" data-id=\"7cc021a\" data-element_type=\"widget\" data-settings=\"{&quot;_animation&quot;:&quot;fadeInUpShorter&quot;,&quot;_animation_delay&quot;:200}\" data-widget_type=\"divider.default\">\n\t\t\t\t\t\t\t<div class=\"elementor-divider\">\n\t\t\t<span class=\"elementor-divider-separator\">\n\t\t\t\t\t\t<\/span>\n\t\t<\/div>\n\t\t\t\t\t\t<\/div>\n\t\t\t\t<div class=\"elementor-element elementor-element-73165c4 elementor-invisible elementor-widget elementor-widget-heading\" data-id=\"73165c4\" data-element_type=\"widget\" data-settings=\"{&quot;_animation&quot;:&quot;fadeInUpShorter&quot;,&quot;_animation_delay&quot;:300}\" data-widget_type=\"heading.default\">\n\t\t\t\t\t<h2 class=\"elementor-heading-title elementor-size-default\">OUR SERVICES<\/h2>\t\t\t\t<\/div>\n\t\t\t\t<div class=\"elementor-element elementor-element-2330725 elementor-widget__width-initial elementor-invisible elementor-widget elementor-widget-heading\" data-id=\"2330725\" data-element_type=\"widget\" data-settings=\"{&quot;_animation&quot;:&quot;fadeInUpShorter&quot;,&quot;_animation_delay&quot;:300}\" data-widget_type=\"heading.default\">\n\t\t\t\t\t<p class=\"elementor-heading-title elementor-size-default\">In each of our machines, we bring together the strength of Blacksea, the needs of industry and the technology of future.<\/p>\t\t\t\t<\/div>\n\t\t\t\t\t\t<\/div>\r\n\t\t\t\t<\/div>\r\n\t\t\t\t\t\t\t\t<\/div>\r\n\t\t\t<\/section>\r\n\t\t\t\t\t\t<div class=\"elementor-element elementor-element-94ab932 e-flex e-con-boxed e-con e-parent\" data-id=\"94ab932\" data-element_type=\"container\">\r\n\t\t\t\t\t\t\t<div class=\"e-con-inner\">\r\n\t\t\t\t\t\t\t<div class=\"elementor-element elementor-element-f58b8eb e-grid e-con-full e-con e-child\" data-id=\"f58b8eb\" data-element_type=\"container\">\r\n\t\t\t\t\t<div class=\"elementor-element elementor-element-ac5c459 elementor-widget elementor-widget-udesign_widget_imagebox\" data-id=\"ac5c459\" data-element_type=\"widget\" data-widget_type=\"udesign_widget_imagebox.default\">\n\t\t\t\t\t<div class=\"image-box image-box-popup overlay-zoom\"><figure><img fetchpriority=\"high\" decoding=\"async\" width=\"640\" height=\"428\" src=\"https:\/\/ahrangroup.com\/wp-content\/uploads\/2025\/05\/Bentonit-Kedi-Kumu.webp\" class=\"attachment-full size-full wp-image-11765\" alt=\"\" \/><\/figure><div class=\"image-box-content\"><h3 class=\"title\">Bentonite Cat Litter<\/h3><\/div><\/div>\t\t\t\t<\/div>\n\t\t\t\t<div class=\"elementor-element elementor-element-1a9b2a8 elementor-widget elementor-widget-udesign_widget_imagebox\" data-id=\"1a9b2a8\" data-element_type=\"widget\" data-widget_type=\"udesign_widget_imagebox.default\">\n\t\t\t\t\t<div class=\"image-box image-box-popup\"><figure><img decoding=\"async\" width=\"640\" height=\"428\" src=\"https:\/\/ahrangroup.com\/wp-content\/uploads\/2025\/05\/001-15-1-1.png\" class=\"attachment-full size-full wp-image-11767\" alt=\"\" \/><\/figure><div class=\"image-box-content\"><h3 class=\"title\">Cnc Router<\/h3><\/div><\/div>\t\t\t\t<\/div>\n\t\t\t\t<div class=\"elementor-element elementor-element-e8af2ab elementor-widget elementor-widget-udesign_widget_imagebox\" data-id=\"e8af2ab\" data-element_type=\"widget\" data-widget_type=\"udesign_widget_imagebox.default\">\n\t\t\t\t\t<div class=\"image-box image-box-popup\"><figure><img decoding=\"async\" width=\"640\" height=\"428\" src=\"https:\/\/ahrangroup.com\/wp-content\/uploads\/2025\/05\/paket.jpeg\" class=\"attachment-full size-full wp-image-11772\" alt=\"\" \/><\/figure><div class=\"image-box-content\"><h3 class=\"title\">Packaging Machines<\/h3><\/div><\/div>\t\t\t\t<\/div>\n\t\t\r\n\t\t\t<\/div>\r\n\t\t\t\t\t<div class=\"elementor-element elementor-element-4e04897 elementor-widget-divider--view-line elementor-invisible elementor-widget elementor-widget-divider\" data-id=\"4e04897\" data-element_type=\"widget\" data-settings=\"{&quot;_animation&quot;:&quot;fadeInUpShorter&quot;,&quot;_animation_delay&quot;:200}\" data-widget_type=\"divider.default\">\n\t\t\t\t\t\t\t<div class=\"elementor-divider\">\n\t\t\t<span class=\"elementor-divider-separator\">\n\t\t\t\t\t\t<\/span>\n\t\t<\/div>\n\t\t\t\t\t\t<\/div>\n\t\t\t\t\t<div class=\"elementor-element elementor-element-7a872fb e-grid e-con-full e-con e-child\" data-id=\"7a872fb\" data-element_type=\"container\">\r\n\t\t\t\t\t<div class=\"elementor-element elementor-element-c40991e elementor-widget elementor-widget-udesign_widget_imagebox\" data-id=\"c40991e\" data-element_type=\"widget\" data-widget_type=\"udesign_widget_imagebox.default\">\n\t\t\t\t\t<div class=\"image-box image-box-popup overlay-zoom\"><figure><img loading=\"lazy\" decoding=\"async\" width=\"640\" height=\"428\" src=\"https:\/\/ahrangroup.com\/wp-content\/uploads\/2025\/05\/karistirma.png\" class=\"attachment-full size-full wp-image-11790\" alt=\"\" \/><\/figure><div class=\"image-box-content\"><h3 class=\"title\">Mixer Machines<\/h3><\/div><\/div>\t\t\t\t<\/div>\n\t\t\t\t<div class=\"elementor-element elementor-element-f283aa9 elementor-widget elementor-widget-udesign_widget_imagebox\" data-id=\"f283aa9\" data-element_type=\"widget\" data-widget_type=\"udesign_widget_imagebox.default\">\n\t\t\t\t\t<div class=\"image-box image-box-popup\"><figure><img loading=\"lazy\" decoding=\"async\" width=\"640\" height=\"428\" src=\"https:\/\/ahrangroup.com\/wp-content\/uploads\/2025\/06\/kapak.jpg\" class=\"attachment-full size-full wp-image-12159\" alt=\"\" \/><\/figure><div class=\"image-box-content\"><h3 class=\"title\">Bucket Elevator<\/h3><\/div><\/div>\t\t\t\t<\/div>\n\t\t\t\t<div class=\"elementor-element elementor-element-ec2b73b elementor-widget elementor-widget-udesign_widget_imagebox\" data-id=\"ec2b73b\" data-element_type=\"widget\" data-widget_type=\"udesign_widget_imagebox.default\">\n\t\t\t\t\t<div class=\"image-box image-box-popup\"><figure><img loading=\"lazy\" decoding=\"async\" width=\"640\" height=\"428\" src=\"https:\/\/ahrangroup.com\/wp-content\/uploads\/2025\/06\/kapak-1.jpg\" class=\"attachment-full size-full wp-image-12161\" alt=\"\" \/><\/figure><div class=\"image-box-content\"><h3 class=\"title\">Conveyor<\/h3><\/div><\/div>\t\t\t\t<\/div>\n\t\t\r\n\t\t\t<\/div>\r\n\t\t\t\t\t<div class=\"elementor-element elementor-element-42b530b elementor-widget-divider--view-line elementor-invisible elementor-widget elementor-widget-divider\" data-id=\"42b530b\" data-element_type=\"widget\" data-settings=\"{&quot;_animation&quot;:&quot;fadeInUpShorter&quot;,&quot;_animation_delay&quot;:200}\" data-widget_type=\"divider.default\">\n\t\t\t\t\t\t\t<div class=\"elementor-divider\">\n\t\t\t<span class=\"elementor-divider-separator\">\n\t\t\t\t\t\t<\/span>\n\t\t<\/div>\n\t\t\t\t\t\t<\/div>\n\t\t\t\t\t<div class=\"elementor-element elementor-element-704c13b e-grid e-con-full e-con e-child\" data-id=\"704c13b\" data-element_type=\"container\">\r\n\t\t\t\t\t<div class=\"elementor-element elementor-element-1329004 elementor-widget elementor-widget-udesign_widget_imagebox\" data-id=\"1329004\" data-element_type=\"widget\" data-widget_type=\"udesign_widget_imagebox.default\">\n\t\t\t\t\t<div class=\"image-box image-box-popup overlay-zoom\"><figure><img fetchpriority=\"high\" decoding=\"async\" width=\"640\" height=\"428\" src=\"https:\/\/ahrangroup.com\/wp-content\/uploads\/2025\/05\/Bentonit-Kedi-Kumu.webp\" class=\"attachment-full size-full wp-image-11765\" alt=\"\" \/><\/figure><div class=\"image-box-content\"><h3 class=\"title\">Product Bunkers<\/h3><\/div><\/div>\t\t\t\t<\/div>\n\t\t\t\t<div class=\"elementor-element elementor-element-ac76ad9 elementor-widget elementor-widget-udesign_widget_imagebox\" data-id=\"ac76ad9\" data-element_type=\"widget\" data-widget_type=\"udesign_widget_imagebox.default\">\n\t\t\t\t\t<div class=\"image-box image-box-popup\"><figure><img loading=\"lazy\" decoding=\"async\" width=\"640\" height=\"428\" src=\"https:\/\/ahrangroup.com\/wp-content\/uploads\/2025\/05\/tasarim.png\" class=\"attachment-full size-full wp-image-11785\" alt=\"\" \/><\/figure><div class=\"image-box-content\"><h3 class=\"title\">Custom Design and R&amp;D Development<\/h3><\/div><\/div>\t\t\t\t<\/div>\n\t\t\r\n\t\t\t<\/div>\r\n\t\t\t\t\t\t\t<\/div>\r\n\t\t\t\t\r\n\t\t\t<\/div>\r\n\t\t\t\t\t<\/div>","protected":false},"excerpt":{"rendered":"<p>H\u0130ZMETLER\u0130M\u0130Z Her makinemizde Karadeniz\u2019in g\u00fcc\u00fcn\u00fc, sanayinin ihtiya\u00e7lar\u0131n\u0131 ve gelece\u011fin teknolojisini bir araya getiriyoruz. Bentonit Kedi Kumu Cnc Router Paketleme Makineleri Mixer Kar\u0131\u015f\u0131m Makineleri Elevat\u00f6r Konvey\u00f6r \u00dcr\u00fcn Bunkerleri \u00d6zel Tasar\u0131m ve\u00a0Arge\u00a0Geli\u015ftirme<\/p>","protected":false},"author":1,"featured_media":0,"parent":0,"menu_order":0,"comment_status":"closed","ping_status":"closed","template":"","meta":{"_acf_changed":false,"footnotes":""},"class_list":["post-11607","page","type-page","status-publish","hentry"],"acf":[],"_links":{"self":[{"href":"https:\/\/ahrangroup.com\/en\/wp-json\/wp\/v2\/pages\/11607","targetHints":{"allow":["GET"]}}],"collection":[{"href":"https:\/\/ahrangroup.com\/en\/wp-json\/wp\/v2\/pages"}],"about":[{"href":"https:\/\/ahrangroup.com\/en\/wp-json\/wp\/v2\/types\/page"}],"author":[{"embeddable":true,"href":"https:\/\/ahrangroup.com\/en\/wp-json\/wp\/v2\/users\/1"}],"replies":[{"embeddable":true,"href":"https:\/\/ahrangroup.com\/en\/wp-json\/wp\/v2\/comments?post=11607"}],"version-history":[{"count":0,"href":"https:\/\/ahrangroup.com\/en\/wp-json\/wp\/v2\/pages\/11607\/revisions"}],"wp:attachment":[{"href":"https:\/\/ahrangroup.com\/en\/wp-json\/wp\/v2\/media?parent=11607"}],"curies":[{"name":"wp","href":"https:\/\/api.w.org\/{rel}","templated":true}]}}