{"id":11447,"date":"2025-05-19T17:05:24","date_gmt":"2025-05-19T14:05:24","guid":{"rendered":"https:\/\/ahrangroup.com\/?page_id=11447"},"modified":"2025-08-22T16:21:17","modified_gmt":"2025-08-22T13:21:17","slug":"iletisim","status":"publish","type":"page","link":"https:\/\/ahrangroup.com\/en\/iletisim\/","title":{"rendered":"Contact"},"content":{"rendered":"<div data-elementor-type=\"wp-page\" data-elementor-id=\"11447\" class=\"elementor elementor-11447\">\n\t\t\t\t\t\t<div class=\"elementor-section elementor-top-section elementor-element elementor-element-c7f98fa elementor-section-boxed elementor-section-height-default elementor-section-height-default smart-sticky-default\" data-id=\"c7f98fa\" data-element_type=\"section\">\r\n\t\t\t\t\t\t\t\t<div class=\"elementor-container elementor-column-gap-normal\">\r\n\t\t\t\t\r\n\t\t\t\t\t\t\t\t<div class=\"elementor-column elementor-col-100 elementor-top-column elementor-element elementor-element-fb19724\" data-id=\"fb19724\" data-element_type=\"column\">\r\n\r\n\t\t\t\t\r\n\t\t\t\t<div class=\"elementor-widget-wrap elementor-element-populated\">\r\n\t\t\t\t\t\t\t\t\t\t\r\n\t\t\t\t\t\t<div class=\"elementor-element elementor-element-b1542f1 elementor-widget-divider--view-line elementor-invisible elementor-widget elementor-widget-divider\" data-id=\"b1542f1\" data-element_type=\"widget\" data-settings=\"{&quot;_animation&quot;:&quot;fadeIn&quot;,&quot;_animation_delay&quot;:400}\" data-widget_type=\"divider.default\">\n\t\t\t\t\t\t\t<div class=\"elementor-divider\">\n\t\t\t<span class=\"elementor-divider-separator\">\n\t\t\t\t\t\t<\/span>\n\t\t<\/div>\n\t\t\t\t\t\t<\/div>\n\t\t\t\t<div class=\"elementor-element elementor-element-26800ad elementor-invisible elementor-widget elementor-widget-heading\" data-id=\"26800ad\" data-element_type=\"widget\" data-settings=\"{&quot;_animation&quot;:&quot;fadeInUpShorter&quot;,&quot;_animation_delay&quot;:600}\" data-widget_type=\"heading.default\">\n\t\t\t\t\t<h2 class=\"elementor-heading-title elementor-size-default\">CONTACT<\/h2>\t\t\t\t<\/div>\n\t\t\t\t<div class=\"elementor-element elementor-element-6725b96 elementor-widget elementor-widget-udesign_widget_contact_form\" data-id=\"6725b96\" data-element_type=\"widget\" data-widget_type=\"udesign_widget_contact_form.default\">\n\t\t\t\t\t\n<div class=\"wpcf7 no-js\" id=\"wpcf7-f9007-o1\" lang=\"en-US\" dir=\"ltr\" data-wpcf7-id=\"9007\">\n<div class=\"screen-reader-response\"><p role=\"status\" aria-live=\"polite\" aria-atomic=\"true\"><\/p> <ul><\/ul><\/div>\n<form action=\"\/en\/wp-json\/wp\/v2\/pages\/11447#wpcf7-f9007-o1\" method=\"post\" class=\"wpcf7-form init\" aria-label=\"Contact form\" novalidate=\"novalidate\" data-status=\"init\" data-trp-original-action=\"\/en\/wp-json\/wp\/v2\/pages\/11447#wpcf7-f9007-o1\">\n<fieldset class=\"hidden-fields-container\"><input type=\"hidden\" name=\"_wpcf7\" value=\"9007\" \/><input type=\"hidden\" name=\"_wpcf7_version\" value=\"6.1.1\" \/><input type=\"hidden\" name=\"_wpcf7_locale\" value=\"en_US\" \/><input type=\"hidden\" name=\"_wpcf7_unit_tag\" value=\"wpcf7-f9007-o1\" \/><input type=\"hidden\" name=\"_wpcf7_container_post\" value=\"0\" \/><input type=\"hidden\" name=\"_wpcf7_posted_data_hash\" value=\"\" \/><input type=\"hidden\" name=\"_wpcf7_recaptcha_response\" value=\"\" \/>\n<\/fieldset>\n<div class=\"row cols-sm-3 mb-3\">\n\t<p class=\"mb-0\"><span class=\"wpcf7-form-control-wrap\" data-name=\"text-205\"><input size=\"40\" maxlength=\"400\" class=\"wpcf7-form-control wpcf7-text wpcf7-validates-as-required\" aria-required=\"true\" aria-invalid=\"false\" placeholder=\"Name *\" value=\"\" type=\"text\" name=\"text-205\" \/><\/span>\n\t<\/p>\n\t<p class=\"mb-0\"><span class=\"wpcf7-form-control-wrap\" data-name=\"text-731\"><input size=\"40\" maxlength=\"400\" class=\"wpcf7-form-control wpcf7-text wpcf7-validates-as-required\" aria-required=\"true\" aria-invalid=\"false\" placeholder=\"Telefon Numaras\u0131 *\" value=\"\" type=\"text\" name=\"text-731\" \/><\/span>\n\t<\/p>\n\t<p class=\"mb-0\"><span class=\"wpcf7-form-control-wrap\" data-name=\"email-557\"><input size=\"40\" maxlength=\"400\" class=\"wpcf7-form-control wpcf7-email wpcf7-validates-as-required wpcf7-text wpcf7-validates-as-email\" aria-required=\"true\" aria-invalid=\"false\" placeholder=\"Eposta Adresi *\" value=\"\" type=\"email\" name=\"email-557\" \/><\/span>\n\t<\/p>\n<\/div>\n<div>\n\t<p><span class=\"wpcf7-form-control-wrap\" data-name=\"textarea-443\"><textarea cols=\"40\" rows=\"10\" maxlength=\"2000\" class=\"wpcf7-form-control wpcf7-textarea\" aria-invalid=\"false\" placeholder=\"Mesaj *\" name=\"textarea-443\"><\/textarea><\/span>\n\t<\/p>\n<\/div>\n<div class=\"text-center\">\n\t<p><button class=\"wpcf7-form-control wpcf7-submit has-spinner btn btn-primary btn-submit mt-6 ml-auto mr-auto\" type=\"submit\" value=\"G\u00d6NDER\">Send<\/button>\n\t<\/p>\n<\/div><div class=\"wpcf7-response-output\" aria-hidden=\"true\"><\/div>\n<input type=\"hidden\" name=\"trp-form-language\" value=\"en\"\/><\/form>\n<\/div>\n\t\t\t\t<\/div>\n\t\t\t\t\t\t<\/div>\r\n\t\t\t\t<\/div>\r\n\t\t\t\t\t\t\t\t<\/div>\r\n\t\t\t<\/div>\r\n\t\t\t\t\t<nav class=\"elementor-section elementor-top-section elementor-element elementor-element-5cfe59b choose-container alpha-section-stretched elementor-section-boxed elementor-section-height-default elementor-section-height-default smart-sticky-default\" data-id=\"5cfe59b\" data-element_type=\"section\" data-settings=\"{&quot;background_background&quot;:&quot;classic&quot;}\">\r\n\t\t\t\t\t\t\t\t<!-- Start .elementor-container -->\r\n\t\t\t\t\t<div class=\"elementor-container elementor-column-gap-no\">\r\n\t\t\t\t\t<!-- Start Slider Wrapper -->\r\n\t\t\t\t\t<div class=\"row cols-lg-2 cols-md-2 cols-sm-1 cols-1 cols-xl-3  slider-wrapper\"  data-slider-options=\"{&quot;spaceBetween&quot;:30,&quot;pagination&quot;:true,&quot;effect&quot;:&quot;slide&quot;,&quot;slidesPerView&quot;:3,&quot;breakpoints&quot;:{&quot;2401&quot;:{&quot;slidesPerView&quot;:3},&quot;1440&quot;:{&quot;slidesPerView&quot;:3},&quot;1200&quot;:{&quot;slidesPerView&quot;:3},&quot;992&quot;:{&quot;slidesPerView&quot;:2},&quot;768&quot;:{&quot;slidesPerView&quot;:2},&quot;576&quot;:{&quot;slidesPerView&quot;:1},&quot;0&quot;:{&quot;slidesPerView&quot;:1}},&quot;statusClass&quot;:&quot;slider-dots-default&quot;}\">\r\n\t\t\t\t\t\t\t\t\t<div class=\"elementor-column elementor-col-33 elementor-top-column elementor-element elementor-element-be2e2bb choose-element mb-8 pb-4 elementor-invisible\" data-id=\"be2e2bb\" data-element_type=\"column\" data-settings=\"{&quot;background_background&quot;:&quot;classic&quot;,&quot;animation&quot;:&quot;fadeIn&quot;,&quot;animation_delay&quot;:600}\">\r\n\r\n\t\t\t\t\r\n\t\t\t\t<div class=\"elementor-widget-wrap elementor-element-populated\">\r\n\t\t\t\t\t\t\t\t\t\t\r\n\t\t\t\t\t\t<div class=\"elementor-element elementor-element-b0bafb8 cs34-icon-box elementor-widget elementor-widget-udesign_widget_iconbox\" data-id=\"b0bafb8\" data-element_type=\"widget\" data-widget_type=\"udesign_widget_iconbox.default\">\n\t\t\t\t\t<div class=\"icon-box position-top icon-stacked shape-circle\"><a class=\"link\" href=\"https:\/\/maps.app.goo.gl\/hF91pFjdNVR7yL5R6\" aria-label=\"Icon Box\" data-no-translation-aria-label=\"\" ><\/a><div class=\"icon-box-feature\"><svg xmlns=\"http:\/\/www.w3.org\/2000\/svg\" xmlns:xlink=\"http:\/\/www.w3.org\/1999\/xlink\" id=\"Layer_4\" x=\"0px\" y=\"0px\" width=\"70px\" height=\"70px\" viewbox=\"0 0 70 70\" xml:space=\"preserve\"><g>\t<path d=\"M52.07,6.869C47.385,2.29,41.695,0,35,0c-6.693,0-12.384,2.29-17.07,6.869C13.244,11.448,10.9,17.01,10.9,23.552  c0,3.054,1.227,7.196,3.682,12.43c1.784,4.252,4.239,8.942,7.364,14.066c3.57,6.106,7.197,11.722,10.879,16.845L35,70l2.176-3.107  l1.506-2.125c1.004-1.417,2.428-3.543,4.268-6.38c1.842-2.834,3.541-5.614,5.105-8.34c3.121-5.124,5.576-9.814,7.363-14.066  c2.453-5.233,3.682-9.376,3.682-12.43C59.1,17.01,56.758,11.448,52.07,6.869z M50.732,34.019c-1.674,3.598-4.129,8.07-7.365,13.411  c-2.789,4.689-5.58,9.052-8.368,13.085c-2.789-4.033-5.579-8.396-8.368-13.085c-3.237-5.341-5.69-9.813-7.363-13.411  c-2.009-4.687-3.013-8.178-3.013-10.467c0-5.124,1.812-9.458,5.439-13.003C25.32,7.008,29.755,5.233,35,5.233  s9.68,1.774,13.305,5.315c3.627,3.545,5.439,7.879,5.439,13.003C53.744,25.841,52.74,29.332,50.732,34.019z\"><\/path>\t<path d=\"M35,18.317c-1.451,0-2.706,0.52-3.765,1.554c-1.062,1.038-1.59,2.265-1.59,3.681c0,1.418,0.528,2.645,1.59,3.68  c1.059,1.038,2.313,1.554,3.765,1.554c1.45,0,2.706-0.516,3.766-1.554c1.059-1.035,1.59-2.262,1.59-3.68  c0-1.416-0.531-2.643-1.59-3.681C37.705,18.837,36.449,18.317,35,18.317z\"><\/path><\/g><\/svg><\/div><div class=\"icon-box-content\"><h3 class=\"icon-box-title\"><a class=\"link\" href=\"https:\/\/maps.app.goo.gl\/hF91pFjdNVR7yL5R6\" aria-label=\"Icon Box\" data-no-translation-aria-label=\"\" >Cevizdere Mah. Be\u015flio\u011flu Sok. No:10 \u00dcnye\/ORDU<\/a><\/h3><\/div><\/div>\t\t\t\t<\/div>\n\t\t\t\t\t\t<\/div>\r\n\t\t\t\t<\/div>\r\n\t\t\t\t\t\t\t\t\t<div class=\"elementor-column elementor-col-33 elementor-top-column elementor-element elementor-element-5b004cc choose-element mb-8 pb-4 elementor-invisible\" data-id=\"5b004cc\" data-element_type=\"column\" data-settings=\"{&quot;background_background&quot;:&quot;classic&quot;,&quot;animation&quot;:&quot;fadeIn&quot;,&quot;animation_delay&quot;:600}\">\r\n\r\n\t\t\t\t\r\n\t\t\t\t<div class=\"elementor-widget-wrap elementor-element-populated\">\r\n\t\t\t\t\t\t\t\t\t\t\r\n\t\t\t\t\t\t<div class=\"elementor-element elementor-element-79a5615 cs34-icon-box elementor-widget elementor-widget-udesign_widget_iconbox\" data-id=\"79a5615\" data-element_type=\"widget\" data-widget_type=\"udesign_widget_iconbox.default\">\n\t\t\t\t\t<div class=\"icon-box position-top icon-stacked shape-circle\"><a class=\"link\" href=\"tel:+905452919905\" aria-label=\"Icon Box\" data-no-translation-aria-label=\"\" ><\/a><div class=\"icon-box-feature\"><svg xmlns=\"http:\/\/www.w3.org\/2000\/svg\" xmlns:xlink=\"http:\/\/www.w3.org\/1999\/xlink\" id=\"Layer_6\" x=\"0px\" y=\"0px\" width=\"70px\" height=\"70px\" viewbox=\"0 0 70 70\" xml:space=\"preserve\"><path d=\"M49.887,0H20.114c-1.194,0-2.256,0.546-3.042,1.433h-0.048v0.047c-0.819,0.948-1.323,2.276-1.323,3.774v59.493 c0,2.945,1.938,5.253,4.414,5.253h29.772c2.475,0,4.412-2.308,4.412-5.253V5.254C54.299,2.308,52.361,0,49.887,0z M35.002,67.449 c-1.426,0-2.584-1.167-2.584-2.607s1.158-2.607,2.584-2.607c1.425,0,2.582,1.167,2.582,2.607S36.428,67.449,35.002,67.449z  M50.699,60.644H19.302V6.212h31.397V60.644z\"><\/path><\/svg><\/div><div class=\"icon-box-content\"><h3 class=\"icon-box-title\"><a class=\"link\" href=\"tel:+905452919905\" aria-label=\"Icon Box\" data-no-translation-aria-label=\"\" >TELEFON <br>+90(545) 291 99 05<\/a><\/h3><\/div><\/div>\t\t\t\t<\/div>\n\t\t\t\t\t\t<\/div>\r\n\t\t\t\t<\/div>\r\n\t\t\t\t\t\t\t\t\t<div class=\"elementor-column elementor-col-33 elementor-top-column elementor-element elementor-element-41cabfb choose-element mb-8 pb-4 elementor-invisible\" data-id=\"41cabfb\" data-element_type=\"column\" data-settings=\"{&quot;background_background&quot;:&quot;classic&quot;,&quot;animation&quot;:&quot;fadeIn&quot;,&quot;animation_delay&quot;:600}\">\r\n\r\n\t\t\t\t\r\n\t\t\t\t<div class=\"elementor-widget-wrap elementor-element-populated\">\r\n\t\t\t\t\t\t\t\t\t\t\r\n\t\t\t\t\t\t<div class=\"elementor-element elementor-element-9007ffb cs34-icon-box elementor-widget elementor-widget-udesign_widget_iconbox\" data-id=\"9007ffb\" data-element_type=\"widget\" data-widget_type=\"udesign_widget_iconbox.default\">\n\t\t\t\t\t<div class=\"icon-box position-top icon-stacked shape-circle\"><a class=\"link\" href=\"mailto:info@ahrangroup.com\" aria-label=\"Icon Box\" data-no-translation-aria-label=\"\" ><\/a><div class=\"icon-box-feature\"><svg xmlns=\"http:\/\/www.w3.org\/2000\/svg\" xmlns:xlink=\"http:\/\/www.w3.org\/1999\/xlink\" id=\"Layer_1\" x=\"0px\" y=\"0px\" width=\"70px\" height=\"70px\" viewbox=\"0 0 70 70\" xml:space=\"preserve\"><path d=\"M67.308,10.683H2.693H0v2.702v43.23v2.701h2.693h64.614H70v-2.701v-43.23v-2.702H67.308z M58.39,16.087L35,31.623 L11.611,16.087H58.39z M64.616,53.914H5.385V18.451l28.1,18.912L35,38.209l1.515-0.846l28.102-18.912V53.914z\"><\/path><\/svg><\/div><div class=\"icon-box-content\"><h3 class=\"icon-box-title\"><a class=\"link\" href=\"mailto:info@ahrangroup.com\" aria-label=\"Icon Box\" data-no-translation-aria-label=\"\" >EMAIL <br>info@ahrangroup.com<\/a><\/h3><\/div><\/div>\t\t\t\t<\/div>\n\t\t\t\t\t\t<\/div>\r\n\t\t\t\t<\/div>\r\n\t\t\t\t\t\t\t\t\t<\/div><!-- End Slider Wrapper & .elementor-row -->\r\n\t\t\t\t<\/div><!-- End .elementor-container -->\r\n\t\t\t\t\t\t\t\t<\/nav>\r\n\t\t\t\t\t\t<div class=\"elementor-section elementor-top-section elementor-element elementor-element-41d4b41 elementor-section-full_width alpha-section-stretched elementor-section-height-default elementor-section-height-default smart-sticky-default\" data-id=\"41d4b41\" data-element_type=\"section\">\r\n\t\t\t\t\t\t\t\t<div class=\"elementor-container elementor-column-gap-no\">\r\n\t\t\t\t\r\n\t\t\t\t\t\t\t\t<div class=\"elementor-column elementor-col-100 elementor-top-column elementor-element elementor-element-fc6bc8d elementor-invisible\" data-id=\"fc6bc8d\" data-element_type=\"column\" data-settings=\"{&quot;animation&quot;:&quot;fadeIn&quot;,&quot;animation_delay&quot;:600}\">\r\n\r\n\t\t\t\t\r\n\t\t\t\t<div class=\"elementor-widget-wrap elementor-element-populated\">\r\n\t\t\t\t\t\t\t\t\t\t\r\n\t\t\t\t\t\t<div class=\"elementor-element elementor-element-896df86 elementor-widget elementor-widget-google_maps\" data-id=\"896df86\" data-element_type=\"widget\" data-widget_type=\"google_maps.default\">\n\t\t\t\t\t\t\t<div class=\"elementor-custom-embed\">\n\t\t\t<iframe loading=\"lazy\"\n\t\t\t\t\tsrc=\"https:\/\/maps.google.com\/maps?q=Cevizdere%20Mah.%20Be%C5%9Flio%C4%9Flu%20Sok.%20No%3A10&#038;t=m&#038;z=15&#038;output=embed&#038;iwloc=near\"\n\t\t\t\t\ttitle=\"Cevizdere Mah. Be\u015flio\u011flu Sok. No:10\"\n\t\t\t\t\taria-label=\"Cevizdere Mah. Be\u015flio\u011flu Sok. No:10\"\n\t\t\t><\/iframe>\n\t\t<\/div>\n\t\t\t\t\t\t<\/div>\n\t\t\t\t\t\t<\/div>\r\n\t\t\t\t<\/div>\r\n\t\t\t\t\t\t\t\t<\/div>\r\n\t\t\t<\/div>\r\n\t\t\t\t\t<\/div>","protected":false},"excerpt":{"rendered":"<p>\u0130LET\u0130\u015e\u0130M G\u00d6NDER Cevizdere Mah. Be\u015flio\u011flu Sok. No:10 \u00dcnye\/ORDU TELEFON +90(545) 291 99 05 EMAIL info@ahrangroup.com<\/p>","protected":false},"author":1,"featured_media":0,"parent":0,"menu_order":0,"comment_status":"closed","ping_status":"closed","template":"","meta":{"_acf_changed":false,"footnotes":""},"class_list":["post-11447","page","type-page","status-publish","hentry"],"acf":[],"_links":{"self":[{"href":"https:\/\/ahrangroup.com\/en\/wp-json\/wp\/v2\/pages\/11447","targetHints":{"allow":["GET"]}}],"collection":[{"href":"https:\/\/ahrangroup.com\/en\/wp-json\/wp\/v2\/pages"}],"about":[{"href":"https:\/\/ahrangroup.com\/en\/wp-json\/wp\/v2\/types\/page"}],"author":[{"embeddable":true,"href":"https:\/\/ahrangroup.com\/en\/wp-json\/wp\/v2\/users\/1"}],"replies":[{"embeddable":true,"href":"https:\/\/ahrangroup.com\/en\/wp-json\/wp\/v2\/comments?post=11447"}],"version-history":[{"count":0,"href":"https:\/\/ahrangroup.com\/en\/wp-json\/wp\/v2\/pages\/11447\/revisions"}],"wp:attachment":[{"href":"https:\/\/ahrangroup.com\/en\/wp-json\/wp\/v2\/media?parent=11447"}],"curies":[{"name":"wp","href":"https:\/\/api.w.org\/{rel}","templated":true}]}}