{"id":11387,"date":"2025-05-18T08:43:34","date_gmt":"2025-05-18T05:43:34","guid":{"rendered":"https:\/\/ahrangroup.com\/?page_id=11387"},"modified":"2025-05-23T09:50:26","modified_gmt":"2025-05-23T06:50:26","slug":"kalite-politikamiz","status":"publish","type":"page","link":"https:\/\/ahrangroup.com\/en\/kalite-politikamiz\/","title":{"rendered":"Our Quality Policy"},"content":{"rendered":"<div data-elementor-type=\"wp-page\" data-elementor-id=\"11387\" class=\"elementor elementor-11387\">\n\t\t\t\t\t\t\t<div class=\"elementor-element elementor-element-c41b4a2 e-flex e-con-boxed e-con e-parent\" data-id=\"c41b4a2\" data-element_type=\"container\">\r\n\t\t\t\t\t\t\t<div class=\"e-con-inner\">\r\n\t\t\t\t\t\t<div class=\"elementor-element elementor-element-92541e1 elementor-widget-divider--view-line elementor-invisible elementor-widget elementor-widget-divider\" data-id=\"92541e1\" data-element_type=\"widget\" data-settings=\"{&quot;_animation&quot;:&quot;fadeInUpShorter&quot;,&quot;_animation_delay&quot;:200}\" data-widget_type=\"divider.default\">\n\t\t\t\t\t\t\t<div class=\"elementor-divider\">\n\t\t\t<span class=\"elementor-divider-separator\">\n\t\t\t\t\t\t<\/span>\n\t\t<\/div>\n\t\t\t\t\t\t<\/div>\n\t\t\t\t<div class=\"elementor-element elementor-element-a682aaf elementor-invisible elementor-widget elementor-widget-heading\" data-id=\"a682aaf\" data-element_type=\"widget\" data-settings=\"{&quot;_animation&quot;:&quot;fadeInUpShorter&quot;,&quot;_animation_delay&quot;:300}\" data-widget_type=\"heading.default\">\n\t\t\t\t\t<h2 class=\"elementor-heading-title elementor-size-default\">OUR QUALITY POLICY<\/h2>\t\t\t\t<\/div>\n\t\t\t\t<div class=\"elementor-element elementor-element-318cb9f elementor-widget elementor-widget-text-editor\" data-id=\"318cb9f\" data-element_type=\"widget\" data-widget_type=\"text-editor.default\">\n\t\t\t\t\t\t\t\t\t<ul><li>M\u00fc\u015fteri memnuniyeti temel hareket noktam\u0131zd\u0131r. Bu mant\u0131kla severek, inanarak ve payla\u015farak \u00e7al\u0131\u015f\u0131yoruz.<\/li><li>\u00dcretim ve hizmet s\u00fcre\u00e7lerimizde; m\u00fc\u015fterilerimizin ihtiya\u00e7 ve beklentileri, yasal \u015fartlar, i\u015flevsellik ile birlikte, uygun fiyat, zaman\u0131nda ve yerinde teslim, sat\u0131\u015f sonras\u0131 servis ko\u015fullar\u0131n\u0131 da dikkate al\u0131yoruz.<\/li><li>Kalite Y\u00f6netim Sisteminin etkin uygulanmas\u0131 ve s\u00fcrekli iyile\u015fme i\u00e7in m\u00fc\u015fteri \u015fikayetlerini, \u00f6neri sistemini, sistem denetimlerini iyile\u015fme f\u0131rsatlar\u0131 olarak g\u00f6r\u00fcyor ve gereklerini yap\u0131yoruz.<\/li><li>Tasar\u0131mdan itibaren \u00e7al\u0131\u015fanlar\u0131m\u0131z\u0131n, m\u00fc\u015fterilerimizin, \u00e7evremizin sa\u011fl\u0131\u011f\u0131n\u0131 ve g\u00fcvenli\u011fini dikkate al\u0131yoruz.<\/li><li>Bu \u015fartlar\u0131 kar\u015f\u0131lamak i\u00e7in \u00e7al\u0131\u015fanlar\u0131m\u0131z\u0131n ki\u015fisel ve mesleki geli\u015fimi, yeterlilik ve bilin\u00e7 kazanmalar\u0131 i\u00e7in s\u00fcrekli ve planl\u0131 e\u011fitim imkanlar\u0131 sa\u011fl\u0131yoruz.<\/li><\/ul>\t\t\t\t\t\t\t\t<\/div>\n\t\t\t\t\t\t<\/div>\r\n\t\t\t\t\r\n\t\t\t<\/div>\r\n\t\t\t\t\t\t<div class=\"elementor-element elementor-element-7d314f1 e-flex e-con-boxed e-con e-parent\" data-id=\"7d314f1\" data-element_type=\"container\">\r\n\t\t\t\t\t\t\t<div class=\"e-con-inner\">\r\n\t\t\t\t\t\t<div class=\"elementor-element elementor-element-d84f61c elementor-widget-divider--view-line elementor-invisible elementor-widget elementor-widget-divider\" data-id=\"d84f61c\" data-element_type=\"widget\" data-settings=\"{&quot;_animation&quot;:&quot;fadeInUpShorter&quot;,&quot;_animation_delay&quot;:200}\" data-widget_type=\"divider.default\">\n\t\t\t\t\t\t\t<div class=\"elementor-divider\">\n\t\t\t<span class=\"elementor-divider-separator\">\n\t\t\t\t\t\t<\/span>\n\t\t<\/div>\n\t\t\t\t\t\t<\/div>\n\t\t\t\t\t\t<\/div>\r\n\t\t\t\t\r\n\t\t\t<\/div>\r\n\t\t\t\t\t\t<div class=\"elementor-element elementor-element-2ce2938 e-flex e-con-boxed e-con e-parent\" data-id=\"2ce2938\" data-element_type=\"container\">\r\n\t\t\t\t\t\t\t<div class=\"e-con-inner\">\r\n\t\t\t\t\t\t\t<div class=\"elementor-element elementor-element-61ffdb1 e-con-full e-flex e-con e-child\" data-id=\"61ffdb1\" data-element_type=\"container\">\r\n\t\t\t\t\t<div class=\"elementor-element elementor-element-d46ea19 elementor-widget elementor-widget-heading\" data-id=\"d46ea19\" data-element_type=\"widget\" data-widget_type=\"heading.default\">\n\t\t\t\t\t<h2 class=\"elementor-heading-title elementor-size-default\">OUR VISION<\/h2>\t\t\t\t<\/div>\n\t\t\t\t<div class=\"elementor-element elementor-element-a6119c1 elementor-widget elementor-widget-text-editor\" data-id=\"a6119c1\" data-element_type=\"widget\" data-widget_type=\"text-editor.default\">\n\t\t\t\t\t\t\t\t\t<p>Toplum ve \u00e7evreye katk\u0131 sa\u011flayan, m\u00fc\u015fterilerimizin beklentilerinin \u00fczerinde hizmet ve \u00fcr\u00fcn sunabilen, k\u00fcresel standartlarda olu\u015fturdu\u011fu kurumsal yap\u0131s\u0131 ile sekt\u00f6r\u00fcn \u00f6nde gelen kurulu\u015flar\u0131 aras\u0131nda yer alan, hayata ge\u00e7irdi\u011fi projelerle \u00fclke b\u00fct\u00e7esine katk\u0131da bulunan bir \u015firket olmakt\u0131r.<\/p>\t\t\t\t\t\t\t\t<\/div>\n\t\t\r\n\t\t\t<\/div>\r\n\t\t\t\t\t\t<div class=\"elementor-element elementor-element-6e35b64 e-con-full e-flex e-con e-child\" data-id=\"6e35b64\" data-element_type=\"container\">\r\n\t\t\t\t\t<div class=\"elementor-element elementor-element-3b9eb4a elementor-widget elementor-widget-heading\" data-id=\"3b9eb4a\" data-element_type=\"widget\" data-widget_type=\"heading.default\">\n\t\t\t\t\t<h2 class=\"elementor-heading-title elementor-size-default\">OUR MISSION<\/h2>\t\t\t\t<\/div>\n\t\t\t\t<div class=\"elementor-element elementor-element-f6171be elementor-widget elementor-widget-text-editor\" data-id=\"f6171be\" data-element_type=\"widget\" data-widget_type=\"text-editor.default\">\n\t\t\t\t\t\t\t\t\t<p>Kaynaklar\u0131m\u0131z\u0131 etkin kullanarak, \u00e7evreye duyarl\u0131, insana \u00f6nem veren, sekt\u00f6r\u00fcnde rekabet edebilir, en az maliyetle kaliteli i\u015fler yapan, yenilik ve geli\u015fmelere a\u00e7\u0131k, yarat\u0131c\u0131 ve dinamik personeliyle m\u00fc\u015fteri beklentilerini kar\u015f\u0131layabilen, i\u00e7 ve d\u0131\u015f m\u00fc\u015fteri memnuniyetini sa\u011flam\u0131\u015f bir \u015firket olmakt\u0131r.<\/p>\t\t\t\t\t\t\t\t<\/div>\n\t\t\r\n\t\t\t<\/div>\r\n\t\t\t\t\t\t\t<\/div>\r\n\t\t\t\t\r\n\t\t\t<\/div>\r\n\t\t\t\t\t\t<div class=\"elementor-element elementor-element-a77ae3f e-flex e-con-boxed e-con e-parent\" data-id=\"a77ae3f\" data-element_type=\"container\">\r\n\t\t\t\t\t\t\t<div class=\"e-con-inner\">\r\n\t\t\t\t\t\t<div class=\"elementor-element elementor-element-797f2c3 elementor-widget-divider--view-line elementor-invisible elementor-widget elementor-widget-divider\" data-id=\"797f2c3\" data-element_type=\"widget\" data-settings=\"{&quot;_animation&quot;:&quot;fadeInUpShorter&quot;,&quot;_animation_delay&quot;:200}\" data-widget_type=\"divider.default\">\n\t\t\t\t\t\t\t<div class=\"elementor-divider\">\n\t\t\t<span class=\"elementor-divider-separator\">\n\t\t\t\t\t\t<\/span>\n\t\t<\/div>\n\t\t\t\t\t\t<\/div>\n\t\t\t\t\t\t<\/div>\r\n\t\t\t\t\r\n\t\t\t<\/div>\r\n\t\t\t\t\t\t<div class=\"elementor-element elementor-element-4162e79 e-flex e-con-boxed e-con e-parent\" data-id=\"4162e79\" data-element_type=\"container\">\r\n\t\t\t\t\t\t\t<div class=\"e-con-inner\">\r\n\t\t\t\t\t\t\t<div class=\"elementor-element elementor-element-5dd6393 e-con-full e-flex e-con e-child\" data-id=\"5dd6393\" data-element_type=\"container\">\r\n\t\t\t\t\t<div class=\"elementor-element elementor-element-d6564b9 elementor-widget elementor-widget-heading\" data-id=\"d6564b9\" data-element_type=\"widget\" data-widget_type=\"heading.default\">\n\t\t\t\t\t<h2 class=\"elementor-heading-title elementor-size-default\">OUR VALUES<\/h2>\t\t\t\t<\/div>\n\t\t\t\t<div class=\"elementor-element elementor-element-ccbf088 elementor-widget elementor-widget-text-editor\" data-id=\"ccbf088\" data-element_type=\"widget\" data-widget_type=\"text-editor.default\">\n\t\t\t\t\t\t\t\t\t<ul>\n \t<li>\u0130\u015f sa\u011fl\u0131\u011f\u0131 ve i\u015f g\u00fcvenli\u011fi\n<li>M\u00fc\u015fteri odakl\u0131 \u00e7al\u0131\u015fma\n<li>Tak\u0131m ruhuyla \u00e7al\u0131\u015fma\n<li>E\u011fitim faaliyetlerine \u00f6nem veren, e\u011fitilmi\u015f ve deneyimli personeli en \u00f6nemli sermaye g\u00f6ren\n<li>\u00c7evreci\n<li>S\u00fcrekli iyile\u015ftirme ilkesiyle hareket eden\n<li>T\u00fcm faaliyetlerimizde \u00f6nce insan ilkesini benimseyen\n<li>Tasarrufa \u00f6nem veren<\/li>\n<\/ul>\t\t\t\t\t\t\t\t<\/div>\n\t\t\r\n\t\t\t<\/div>\r\n\t\t\t\t\t\t<div class=\"elementor-element elementor-element-6b821ce e-con-full e-flex e-con e-child\" data-id=\"6b821ce\" data-element_type=\"container\">\r\n\t\t\t\t\t<div class=\"elementor-element elementor-element-34a3932 elementor-widget elementor-widget-heading\" data-id=\"34a3932\" data-element_type=\"widget\" data-widget_type=\"heading.default\">\n\t\t\t\t\t<h2 class=\"elementor-heading-title elementor-size-default\">OUR GOAL<\/h2>\t\t\t\t<\/div>\n\t\t\t\t<div class=\"elementor-element elementor-element-7bba824 elementor-widget elementor-widget-text-editor\" data-id=\"7bba824\" data-element_type=\"widget\" data-widget_type=\"text-editor.default\">\n\t\t\t\t\t\t\t\t\t<p>Organizasyonda yer alan t\u00fcm birimlerin kat\u0131l\u0131m\u0131 ve ortak \u00e7abas\u0131 ile m\u00fc\u015fterimize kalite,fiyat<br \/>ve hizmet \u00fc\u00e7geninde en iyiyi s\u00fcrekli olarak verebilmektedir.<\/p>\t\t\t\t\t\t\t\t<\/div>\n\t\t\r\n\t\t\t<\/div>\r\n\t\t\t\t\t\t\t<\/div>\r\n\t\t\t\t\r\n\t\t\t<\/div>\r\n\t\t\t\t\t<\/div>","protected":false},"excerpt":{"rendered":"<p>KAL\u0130TE POL\u0130T\u0130KAMIZ M\u00fc\u015fteri memnuniyeti temel hareket noktam\u0131zd\u0131r. Bu mant\u0131kla severek, inanarak ve payla\u015farak \u00e7al\u0131\u015f\u0131yoruz. \u00dcretim ve hizmet s\u00fcre\u00e7lerimizde; m\u00fc\u015fterilerimizin ihtiya\u00e7 ve beklentileri, yasal \u015fartlar, i\u015flevsellik ile birlikte, uygun fiyat, zaman\u0131nda ve yerinde teslim, sat\u0131\u015f sonras\u0131 servis ko\u015fullar\u0131n\u0131 da dikkate al\u0131yoruz. Kalite Y\u00f6netim Sisteminin etkin uygulanmas\u0131 ve s\u00fcrekli iyile\u015fme i\u00e7in m\u00fc\u015fteri \u015fikayetlerini, \u00f6neri sistemini, sistem denetimlerini [&hellip;]<\/p>","protected":false},"author":1,"featured_media":0,"parent":0,"menu_order":0,"comment_status":"closed","ping_status":"closed","template":"","meta":{"_acf_changed":false,"footnotes":""},"class_list":["post-11387","page","type-page","status-publish","hentry"],"acf":[],"_links":{"self":[{"href":"https:\/\/ahrangroup.com\/en\/wp-json\/wp\/v2\/pages\/11387","targetHints":{"allow":["GET"]}}],"collection":[{"href":"https:\/\/ahrangroup.com\/en\/wp-json\/wp\/v2\/pages"}],"about":[{"href":"https:\/\/ahrangroup.com\/en\/wp-json\/wp\/v2\/types\/page"}],"author":[{"embeddable":true,"href":"https:\/\/ahrangroup.com\/en\/wp-json\/wp\/v2\/users\/1"}],"replies":[{"embeddable":true,"href":"https:\/\/ahrangroup.com\/en\/wp-json\/wp\/v2\/comments?post=11387"}],"version-history":[{"count":0,"href":"https:\/\/ahrangroup.com\/en\/wp-json\/wp\/v2\/pages\/11387\/revisions"}],"wp:attachment":[{"href":"https:\/\/ahrangroup.com\/en\/wp-json\/wp\/v2\/media?parent=11387"}],"curies":[{"name":"wp","href":"https:\/\/api.w.org\/{rel}","templated":true}]}}